{"id":1002,"date":"2022-07-20T14:25:38","date_gmt":"2022-07-20T12:25:38","guid":{"rendered":"https:\/\/www.ateliersimdelta.de\/aid\/?page_id=1002"},"modified":"2023-05-17T10:37:39","modified_gmt":"2023-05-17T08:37:39","slug":"kunstwerke-erschaffen-und-kuenstler-sein","status":"publish","type":"page","link":"https:\/\/www.ateliersimdelta.de\/aid\/kunstwerke-erschaffen-und-kuenstler-sein\/","title":{"rendered":"Kunstwerke erschaffen und K\u00fcnstler sein"},"content":{"rendered":"<div class=\"wp-block-image\">\n<figure class=\"alignleft size-thumbnail\"><img loading=\"lazy\" decoding=\"async\" width=\"150\" height=\"150\" src=\"https:\/\/www.ateliersimdelta.de\/aid\/wp-content\/uploads\/Markensymbol-gruen-150x150.jpg\" alt=\"\" class=\"wp-image-1003\" srcset=\"https:\/\/www.ateliersimdelta.de\/aid\/wp-content\/uploads\/Markensymbol-gruen-150x150.jpg 150w, https:\/\/www.ateliersimdelta.de\/aid\/wp-content\/uploads\/Markensymbol-gruen-300x300.jpg 300w, https:\/\/www.ateliersimdelta.de\/aid\/wp-content\/uploads\/Markensymbol-gruen-100x100.jpg 100w, https:\/\/www.ateliersimdelta.de\/aid\/wp-content\/uploads\/Markensymbol-gruen.jpg 500w\" sizes=\"auto, (max-width: 150px) 100vw, 150px\" \/><\/figure><\/div>\n\n\n<p>&#8220;Ateliers im Delta&#8221; fungiert im Kontext der Aufgabe &#8220;Kunstwerke erschaffen und K\u00fcnstler sein&#8221; als Name des Ateliers von Hannah und Ralf Moser. Unser Atelier ist Kunst-, Projekt-, Ausstellungs- und Meditationsraum f\u00fcr analytische Kunst und Fotografie. <\/p>\n\n\n\n<p>Unsere Arbeiten sind immer darauf gerichtet, unsichtbare geistige Strukturen sichtbar und bevormundende Idealisierung erkennbar zu machen. Die Arbeiten dienen dem k\u00fcnstlerischen Zweck der Selbstreflektion und erm\u00f6glichen dem Betrachter, sich von Idealisierungen zu l\u00f6sen, etwas f\u00fcr sich zu entdecken und daraus Lehren f\u00fcr sich aber nicht f\u00fcr andere zu ziehen. Unsere Kunst besch\u00e4ftigt sich mit Natur, Landschaft, Stadt, Gott, dem Alltag und der Welt.<\/p>\n\n\n\n<!--more-->\n\n\n\n<img decoding=\"async\" class=\"img-responsive\" src=\"https:\/\/www.ateliersimdelta.de\/aid\/wp-content\/uploads\/HipstamaticPhoto-673560911.712525-scaled.jpg\" width=\"100%\">\n\n\n\n<p>Unsere k\u00fcnstlerische Arbeit findet im Kontext unseres k\u00fcnstlerischen Weltbildes statt, das nicht auf eine spezielle Kunstlehre, sondern auf einen Vergleich von Kunstlehren gerichtet ist &#8211; etwa in der Art, wie Geb\u00e4udepl\u00e4ne darauf gerichtet sind, jede beliebige Architektur darstellen zu k\u00f6nnen, sind unsere Architekturpl\u00e4ne darauf gerichtet, die Architektur einer beliebigen Aufgabe und ihrer Aufgabengliederung darzustellen. <\/p>\n\n\n\n<p class=\"has-text-align-center\"><strong>AiD Architektur<\/strong><\/p>\n\n\n\n<img decoding=\"async\" class=\"img-responsive\" src=\"https:\/\/www.ateliersimdelta.de\/aid\/wp-content\/uploads\/AID-Architektur.png\" width=\"100%\">\n\n\n\n<p>Unsere k\u00fcnstlerischen Positionen beschreiben wir entsprechend unserem Verst\u00e4ndnis von Kunst basierend auf unserer Architekturlehre und dem k\u00fcnstlerischen Weltbild der Ateliers Im Delta.<\/p>\n\n\n\n<p class=\"has-text-align-center\"><strong>Ralf Jochen Moser<\/strong><\/p>\n\n\n\n<img decoding=\"async\" class=\"img-responsive\" src=\"https:\/\/www.ateliersimdelta.de\/aid\/wp-content\/uploads\/RJM-Architektur.png\" width=\"100%\">\n\n\n\n<p>Die universellen Platformen der neuen Techne mit ihrer Architektur- und Konstruktionslehre wird ebenfalls als k\u00fcnstlerische Arbeit gesehen, die in unser k\u00fcnstlerisches Weltbild und  in alle anderen Arbeiten eingeflossen ist. Etwas \u00e4hnliches gilt f\u00fcr die Stil\u00fcbungen.<\/p>\n\n\n\n<p class=\"has-text-align-center\"><strong>Hannah Moser<\/strong><\/p>\n\n\n\n<img decoding=\"async\" class=\"img-responsive\" src=\"https:\/\/www.ateliersimdelta.de\/aid\/wp-content\/uploads\/HSM-Architektur.png\" width=\"100%\">\n\n\n\n<p>Aus den Aufgaben, die wir f\u00fcr uns und die Ateliers Im Delta  gew\u00e4hlt haben, ist die Aufgabe des K\u00fcnstlers insofern die wichtigste, als sie den Kontext f\u00fcr die drei weiteren Aufgaben bildet, weil wir hier Wege als K\u00fcnstler ausprobieren, die auch Wege f\u00fcr die anderen Aufgaben vorspuren. <\/p>\n","protected":false},"excerpt":{"rendered":"<p>&#8220;Ateliers im Delta&#8221; fungiert im Kontext der Aufgabe &#8220;Kunstwerke erschaffen und K\u00fcnstler sein&#8221; als Name des Ateliers von Hannah und Ralf Moser. Unser Atelier ist Kunst-, Projekt-, Ausstellungs- und Meditationsraum f\u00fcr analytische Kunst und Fotografie. Unsere Arbeiten sind immer darauf gerichtet, unsichtbare geistige Strukturen sichtbar und bevormundende Idealisierung erkennbar zu machen. Die Arbeiten dienen dem &hellip; <\/p>\n<p class=\"link-more\"><a href=\"https:\/\/www.ateliersimdelta.de\/aid\/kunstwerke-erschaffen-und-kuenstler-sein\/\" class=\"more-link\"><span class=\"screen-reader-text\">\u201eKunstwerke erschaffen und K\u00fcnstler sein\u201c<\/span> weiterlesen<\/a><\/p>\n","protected":false},"author":4,"featured_media":930,"parent":0,"menu_order":0,"comment_status":"closed","ping_status":"closed","template":"","meta":{"footnotes":""},"class_list":["post-1002","page","type-page","status-publish","has-post-thumbnail","hentry"],"_links":{"self":[{"href":"https:\/\/www.ateliersimdelta.de\/aid\/wp-json\/wp\/v2\/pages\/1002","targetHints":{"allow":["GET"]}}],"collection":[{"href":"https:\/\/www.ateliersimdelta.de\/aid\/wp-json\/wp\/v2\/pages"}],"about":[{"href":"https:\/\/www.ateliersimdelta.de\/aid\/wp-json\/wp\/v2\/types\/page"}],"author":[{"embeddable":true,"href":"https:\/\/www.ateliersimdelta.de\/aid\/wp-json\/wp\/v2\/users\/4"}],"replies":[{"embeddable":true,"href":"https:\/\/www.ateliersimdelta.de\/aid\/wp-json\/wp\/v2\/comments?post=1002"}],"version-history":[{"count":2,"href":"https:\/\/www.ateliersimdelta.de\/aid\/wp-json\/wp\/v2\/pages\/1002\/revisions"}],"predecessor-version":[{"id":1139,"href":"https:\/\/www.ateliersimdelta.de\/aid\/wp-json\/wp\/v2\/pages\/1002\/revisions\/1139"}],"wp:featuredmedia":[{"embeddable":true,"href":"https:\/\/www.ateliersimdelta.de\/aid\/wp-json\/wp\/v2\/media\/930"}],"wp:attachment":[{"href":"https:\/\/www.ateliersimdelta.de\/aid\/wp-json\/wp\/v2\/media?parent=1002"}],"curies":[{"name":"wp","href":"https:\/\/api.w.org\/{rel}","templated":true}]}}