{"id":1006,"date":"2022-07-24T12:01:28","date_gmt":"2022-07-24T10:01:28","guid":{"rendered":"https:\/\/www.ateliersimdelta.de\/aid\/?page_id=1006"},"modified":"2024-03-06T12:44:10","modified_gmt":"2024-03-06T11:44:10","slug":"kunst","status":"publish","type":"page","link":"https:\/\/www.ateliersimdelta.de\/aid\/kunst\/","title":{"rendered":"Kunst"},"content":{"rendered":"\n<p>Was wir als Kunst betrachten, h\u00e4ngt von einer Vielzahl von Entscheidungen ab. Es gibt unz\u00e4hlige Ans\u00e4tze sich solchen Entscheidungen zu n\u00e4hern. Manche glauben es w\u00e4re notwendig zu entscheiden, wie die Kunst aussehen soll und glauben es w\u00e4re die Aufgabe der Kunstwissenschaft hier einen Betrag zu leisten. Solche Beitr\u00e4ge haben oft einen normativen Kern und kommen \u00fcberwiegend aus dem Bereich der Kunsttheorie. Andere glauben, dass die Kunstwissenschaft keine Entscheidungen f\u00fcr die K\u00fcnstler oder die Kunstliebhaber treffen soll und w\u00fcnschen sich einen Beitrag der Kunstwissenschaft, der ihnen bei der Aufgabe hilft, jene Kunst zu schaffen oder zu finden, die sie wollen. Solche Beitr\u00e4ge haben einen technologischen Kern und kommen \u00fcberwiegend aus dem Bereich der Kunstlehre.<\/p>\n\n\n\n<p>Wenn es um Kunst geht, dann ist ist der erste Schritt der Ateliers Im Delta immer sich einen Zugang zu verschaffen. Dazu haben wir ein Verfahren entwickelt, das bei den Entscheidungen ansetzt, die beim Erschaffen der Kunst getroffen wurden. Dabei ist es egal, ob sich der K\u00fcnstler der getroffenen Entscheidungen bewu\u00dft war oder sie intuitiv getroffen hat. Wesentlich ist, dass es beim Schaffen von Kunst notwendig ist, Entscheidungen zu treffen und die getroffenen Entscheidungen die betrachtete Kunst festlegen, wie es der K\u00fcnstler durch den Schaffensprozess intendiert. Das Verfahren ist selbst dann anwendbar, wenn der K\u00fcnstler glaubt, nichts zu intendieren, da auch in diesem Fall Entscheidungen gefallen sind &#8211; durch wessen Hand auch immer. <\/p>\n\n\n\n<p>Das Verfahren haben wir die neue Techne getauft. Es basiert auf einer Hierarchie von Kontexten, in denen Entscheidungen den vorhandenen Entscheidungsspielraum einengen. Die Hierarchie von Kontexten baut verschiedene Metaebenen auf, die insbesondere dazu dienen aus Fehlern zu lernen. Auf den verschiedenen Ebenen sind verschiedene Lehren angesiedelt: Eine Architekturlehre, eine Konstruktionslehre und mehrere Ebenen zur Implementierung einer Architektur und ihrer Konstruktion. Das Verfahren der neuen Techne ist f\u00fcr alle Art von Systemen, Organisationen und Individuen in der gleichen Art anwendbar.<\/p>\n\n\n\n<img decoding=\"async\" class=\"img-responsive\" src=\"https:\/\/www.ateliersimdelta.de\/aid\/wp-content\/uploads\/D-K-Kontextbildung-und-technologisches-Verallgemeinern-Kopie.png\" width=\"100%\">\n\n\n\n<p>Bei unserer Architekturlehre spielen kontextbildende Entscheidungen, die auf Dauer eine Aufgabe mit sich bringen und somit einen architektonischen Kontext f\u00fcr das Erf\u00fcllen der Aufgabe \u00f6ffnen, eine zentrale Rolle.\u00a0Entscheidungen werden immer in einem zeitlichen und r\u00e4umlichen Kontext getroffen, der f\u00fcr die Entscheidungen und ihre Rekonstruktion wichtig ist. Je klarer es gelingt, die Entscheidungen in ihren Kontexten darzustellen, desto klarer erschlie\u00dft sich der k\u00fcnstlerische Gehalt der betrachteten Arbeit. Dabei sind alle Entscheidungen eines K\u00fcnstlers in die Architektur seines Lebens integriert und es wird deutlich mit welchen Ma\u00dfreglern er seinen pers\u00f6nlichen Fortschritt vermisst. Die Summe der Ma\u00dfregler, die er f\u00fcr seine Entscheidungen anlegt, repr\u00e4sentieren die k\u00fcnstlerische Vernunft, mit der er den Prozess der Weiterentwicklung seiner Kunst steuert. Bei K\u00fcnstlerkollektiven sind die Architekturen der K\u00fcnstler in die Architektur des Kollektivs integriert. Die Architekturen und die k\u00fcnstlerische Vernunft mit der das Kollektiv seine Kunst vorantreibt, k\u00f6nnen mit einer Systematik rekonstruiert werden. <\/p>\n\n\n\n<p>Wer glaubt in \u00e4hnlicher Weise das \u00d6kosystem der gesamten Kunst re- oder dekonstruieren zu k\u00f6nnen, trifft auf das Problem, dass sich die k\u00fcnstlerische Vernunft nicht zu einem zuk\u00fcnftigen Ideal verallgemeinern l\u00e4sst, da verschiedene K\u00fcnstler und Gruppen in der Realit\u00e4t auf unterschiedliche Ma\u00dfregler und eine klar zu unterscheidende, k\u00fcnstlerische Vernunft setzen. Wer es dennoch versucht, nimmt ein hohes Risiko in Kauf: den Fortschritt der gesamten Kunst zu behindern.<\/p>\n\n\n\n<img decoding=\"async\" class=\"img-responsive\" src=\"https:\/\/www.ateliersimdelta.de\/aid\/wp-content\/uploads\/D-K-Systematisches-Schema-zum-Modularisieren-als-Rahmen-der-Architektur-und-Konstruktionslehre.png\" width=\"100%\">\n\n\n\n<p>Bei der Erf\u00fcllung der selbst bestimmten Aufgaben ist uns deshalb nicht wichtig, ob alte, \u00fcberwiegend analoge Techniken oder neue, \u00fcberwiegend digitale Techniken verwendet werden und wir geben nichts auf gut begr\u00fcndete Methoden, die \u00fcbermorgen vergessen sein werden. Was bei uns z\u00e4hlt ist der K\u00fcnstler, seine Sicht der Welt, seine Vision f\u00fcr sein Werk, seine Leidenschaft oder die K\u00fcnstlerin, ihre Sicht der Welt, ihre Vision f\u00fcr ihr Werk, ihre Leidenschaft oder \u2026 und manchmal z\u00e4hlt insbesondere die Hoffnung auf eine neue Avantgarde, die unsere Sicht ver\u00e4ndert, wie sich die Probleme der Kunst von morgen aufstellen und die k\u00fcnstlerische Vernunft gestalten l\u00e4sst.<\/p>\n\n\n\n<p>Wir f\u00f6rdern K\u00fcnstler und K\u00fcnstlerinnen w\u00e4hrend und nach ihrem Kunststudium, um sie erfolgreich auf ihren k\u00fcnstlerischen Weg zu bringen. Daneben haben wir auch ein Auge auf die etablierten K\u00fcnstler der Region. In diesem Sinne helfen und f\u00f6rdern wir, wo wir k\u00f6nnen und wollen. Wir folgen Le Corbusier, in dem wir ein Problem aufstellen, bevor wir es l\u00f6sen; egal, ob es sich um ein technisches, soziales, politisches, wissenschaftliches oder k\u00fcnstlerisches Problem handelt.<\/p>\n\n\n\n<p>Wir w\u00fcrden dabei niemals nur auf eine avantgardistische Richtung setzen. Wir sind an einer Plattform interessiert, welche die verschiedenen, aktuellen Str\u00f6mungen dokumentiert, hegt und pflegt. Vielversprechende Arbeiten lassen sich insbesondere durch einen undogmatischen, l\u00f6sungs- und paradigmenneutralen Vergleich finden. Bei den Ateliers im Delta sehen sie Arbeiten verschiedener K\u00fcnstler, die wir in vielf\u00e4ltiger Art und Weise unterst\u00fctzen. Die handgemachten K\u00fcnstlerb\u00fccher und die Kunstdrucke, die wir in kleinen Auflagen herausgeben, bilden dabei die Basis f\u00fcr viele, unserer Projekte. Wir haben unseren Schwerpunkt bei der k\u00fcnstlerischen Fotografie unterst\u00fctzen aber alle k\u00fcnstlerischen Projekte, die sich zu Papier bringen lassen.<\/p>\n","protected":false},"excerpt":{"rendered":"<p>Was wir als Kunst betrachten, h\u00e4ngt von einer Vielzahl von Entscheidungen ab. Es gibt unz\u00e4hlige Ans\u00e4tze sich solchen Entscheidungen zu n\u00e4hern. Manche glauben es w\u00e4re notwendig zu entscheiden, wie die Kunst aussehen soll und glauben es w\u00e4re die Aufgabe der Kunstwissenschaft hier einen Betrag zu leisten. Solche Beitr\u00e4ge haben oft einen normativen Kern und kommen &hellip; <\/p>\n<p class=\"link-more\"><a href=\"https:\/\/www.ateliersimdelta.de\/aid\/kunst\/\" class=\"more-link\"><span class=\"screen-reader-text\">\u201eKunst\u201c<\/span> weiterlesen<\/a><\/p>\n","protected":false},"author":4,"featured_media":1061,"parent":0,"menu_order":0,"comment_status":"closed","ping_status":"closed","template":"","meta":{"footnotes":""},"class_list":["post-1006","page","type-page","status-publish","has-post-thumbnail","hentry"],"_links":{"self":[{"href":"https:\/\/www.ateliersimdelta.de\/aid\/wp-json\/wp\/v2\/pages\/1006","targetHints":{"allow":["GET"]}}],"collection":[{"href":"https:\/\/www.ateliersimdelta.de\/aid\/wp-json\/wp\/v2\/pages"}],"about":[{"href":"https:\/\/www.ateliersimdelta.de\/aid\/wp-json\/wp\/v2\/types\/page"}],"author":[{"embeddable":true,"href":"https:\/\/www.ateliersimdelta.de\/aid\/wp-json\/wp\/v2\/users\/4"}],"replies":[{"embeddable":true,"href":"https:\/\/www.ateliersimdelta.de\/aid\/wp-json\/wp\/v2\/comments?post=1006"}],"version-history":[{"count":1,"href":"https:\/\/www.ateliersimdelta.de\/aid\/wp-json\/wp\/v2\/pages\/1006\/revisions"}],"predecessor-version":[{"id":1184,"href":"https:\/\/www.ateliersimdelta.de\/aid\/wp-json\/wp\/v2\/pages\/1006\/revisions\/1184"}],"wp:featuredmedia":[{"embeddable":true,"href":"https:\/\/www.ateliersimdelta.de\/aid\/wp-json\/wp\/v2\/media\/1061"}],"wp:attachment":[{"href":"https:\/\/www.ateliersimdelta.de\/aid\/wp-json\/wp\/v2\/media?parent=1006"}],"curies":[{"name":"wp","href":"https:\/\/api.w.org\/{rel}","templated":true}]}}