{"id":1209,"date":"2025-07-13T12:40:11","date_gmt":"2025-07-13T10:40:11","guid":{"rendered":"https:\/\/www.aid-m.de\/?page_id=1209"},"modified":"2025-07-13T12:40:12","modified_gmt":"2025-07-13T10:40:12","slug":"ueber-uns-die-ateliers-im-delta-aid","status":"publish","type":"page","link":"https:\/\/www.ateliersimdelta.de\/aid\/ueber-uns-die-ateliers-im-delta-aid\/","title":{"rendered":"\u00dcber uns \u2013 Die Ateliers im Delta (AiD)"},"content":{"rendered":"\n<p>Die&nbsp;<em>Ateliers im Delta<\/em>&nbsp;sind ein innovativer Verbund, bestehend aus der&nbsp;<strong>Ateliers im Delta (AiD) Kunstbetrieb GmbH<\/strong>, der&nbsp;<strong>Ateliers im Delta (AiD) gGmbH<\/strong>&nbsp;sowie der \u00fcbergeordneten&nbsp;<strong>Metaebene ihrer beiden Gesellschafter<\/strong>, Hannah und Ralf Moser. Den Gesellschaftern geh\u00f6ren unter anderem die europ\u00e4ischen Markenzeichen der Ateliers im Delta.<\/p>\n\n\n\n<p>Beide Gesellschaften \u2013 die GmbH und die gGmbH \u2013 sind gem\u00e4\u00df ihrer Satzungen f\u00f6rderf\u00e4hig durch St\u00e4dte, L\u00e4nder und den Bund. Diese Struktur erm\u00f6glicht es uns, \u00f6ffentliche und private Mittel wirkungsvoll zu kombinieren und kreative Projekte nachhaltig zu f\u00f6rdern.<\/p>\n\n\n\n<p><strong>Unser Modell: Synergie aus \u00f6ffentlicher und privater F\u00f6rderung<\/strong><\/p>\n\n\n\n<p>Die Grundidee unseres Verbundes ist es, durch die GmbH \u00f6ffentlich gef\u00f6rderte Projekte im Namen unserer K\u00fcnstlerinnen und K\u00fcnstler umzusetzen. Diese Projekte werden durch privatwirtschaftliche Mittel aus der gGmbH erg\u00e4nzt. Auf diese Weise schaffen wir nicht nur Einkommensm\u00f6glichkeiten f\u00fcr die beteiligten Kunstschaffenden, sondern f\u00f6rdern auch langfristig die kulturelle Infrastruktur.<\/p>\n\n\n\n<p>Ein Teil der Projekt\u00fcbersch\u00fcsse oder ein fester Anteil wird von der GmbH an die gGmbH abgef\u00fchrt. So entsteht ein&nbsp;<strong>Multiplikatoreffekt<\/strong>, durch den \u00f6ffentliche F\u00f6rdergelder zunehmend durch privat erwirtschaftete Mittel erg\u00e4nzt werden \u2013 mit dem Ziel, den Anteil privater F\u00f6rderung auf unseren Plattformen kontinuierlich zu steigern.<\/p>\n\n\n\n<p><strong>Unsere Plattformen<\/strong><\/p>\n\n\n\n<p>Zur Umsetzung unserer Ziele betreiben wir im Rahmen der Ateliers im Delta (AiD) Kunstbetrieb GmbH verschiedene Plattformen, darunter:<\/p>\n\n\n\n<ul class=\"wp-block-list\">\n<li><strong>AiD Verlag<\/strong>\u00a0\u2013 f\u00fcr Publikationen im Bereich Kunst und Kultur<\/li>\n\n\n\n<li><strong>AiD Galerie<\/strong>\u00a0\u2013 als Ausstellungsraum f\u00fcr zeitgen\u00f6ssische Kunst<\/li>\n\n\n\n<li><strong>AiD Forum f\u00fcr Kunst<\/strong>\u00a0\u2013 als Ort des Austauschs und der Diskussion<\/li>\n\n\n\n<li><strong>AiD ART M<\/strong>\u00a0\u2013 unsere gemeinn\u00fctzige Kunstmesse<\/li>\n<\/ul>\n\n\n\n<p>Diese Plattformen bieten Raum f\u00fcr kreative Entfaltung, interdisziplin\u00e4ren Dialog und nachhaltige F\u00f6rderung k\u00fcnstlerischer Arbeit.<\/p>\n","protected":false},"excerpt":{"rendered":"<p>Die&nbsp;Ateliers im Delta&nbsp;sind ein innovativer Verbund, bestehend aus der&nbsp;Ateliers im Delta (AiD) Kunstbetrieb GmbH, der&nbsp;Ateliers im Delta (AiD) gGmbH&nbsp;sowie der \u00fcbergeordneten&nbsp;Metaebene ihrer beiden Gesellschafter, Hannah und Ralf Moser. Den Gesellschaftern geh\u00f6ren unter anderem die europ\u00e4ischen Markenzeichen der Ateliers im Delta. Beide Gesellschaften \u2013 die GmbH und die gGmbH \u2013 sind gem\u00e4\u00df ihrer Satzungen f\u00f6rderf\u00e4hig durch &hellip; <\/p>\n<p class=\"link-more\"><a href=\"https:\/\/www.ateliersimdelta.de\/aid\/ueber-uns-die-ateliers-im-delta-aid\/\" class=\"more-link\"><span class=\"screen-reader-text\">\u201e\u00dcber uns \u2013 Die Ateliers im Delta (AiD)\u201c<\/span> weiterlesen<\/a><\/p>\n","protected":false},"author":1,"featured_media":281,"parent":0,"menu_order":0,"comment_status":"closed","ping_status":"closed","template":"","meta":{"footnotes":""},"class_list":["post-1209","page","type-page","status-publish","has-post-thumbnail","hentry"],"_links":{"self":[{"href":"https:\/\/www.ateliersimdelta.de\/aid\/wp-json\/wp\/v2\/pages\/1209","targetHints":{"allow":["GET"]}}],"collection":[{"href":"https:\/\/www.ateliersimdelta.de\/aid\/wp-json\/wp\/v2\/pages"}],"about":[{"href":"https:\/\/www.ateliersimdelta.de\/aid\/wp-json\/wp\/v2\/types\/page"}],"author":[{"embeddable":true,"href":"https:\/\/www.ateliersimdelta.de\/aid\/wp-json\/wp\/v2\/users\/1"}],"replies":[{"embeddable":true,"href":"https:\/\/www.ateliersimdelta.de\/aid\/wp-json\/wp\/v2\/comments?post=1209"}],"version-history":[{"count":1,"href":"https:\/\/www.ateliersimdelta.de\/aid\/wp-json\/wp\/v2\/pages\/1209\/revisions"}],"predecessor-version":[{"id":1210,"href":"https:\/\/www.ateliersimdelta.de\/aid\/wp-json\/wp\/v2\/pages\/1209\/revisions\/1210"}],"wp:featuredmedia":[{"embeddable":true,"href":"https:\/\/www.ateliersimdelta.de\/aid\/wp-json\/wp\/v2\/media\/281"}],"wp:attachment":[{"href":"https:\/\/www.ateliersimdelta.de\/aid\/wp-json\/wp\/v2\/media?parent=1209"}],"curies":[{"name":"wp","href":"https:\/\/api.w.org\/{rel}","templated":true}]}}