{"id":15,"date":"2015-06-18T16:38:17","date_gmt":"2015-06-18T14:38:17","guid":{"rendered":"http:\/\/www.mosernetz.com\/aid\/?page_id=15"},"modified":"2018-05-24T12:09:41","modified_gmt":"2018-05-24T10:09:41","slug":"kontakt","status":"publish","type":"page","link":"https:\/\/www.ateliersimdelta.de\/aid\/kontakt\/","title":{"rendered":"Kontakt"},"content":{"rendered":"<p>&nbsp;<\/p>\n<p>Sie m\u00f6chten mehr \u00fcber Ateliers im Delta erfahren, m\u00f6chten ein Projekt mit uns realisieren, an einer Veranstaltung teilnehmen oder haben eine Idee, bei der Sie glauben, dass sich unsere Gesichter mal kennen lernen sollten? Sie k\u00f6nnen uns gerne eine Mail\u00a0an info(at)ateliersimdelta.de schreiben. Oder sie schreiben uns einen Kommentar.<\/p>\n<p>Wir freuen uns \u00fcber ihre Nachricht!<\/p>\n<p>&nbsp;<\/p>\n","protected":false},"excerpt":{"rendered":"<p>&nbsp; Sie m\u00f6chten mehr \u00fcber Ateliers im Delta erfahren, m\u00f6chten ein Projekt mit uns realisieren, an einer Veranstaltung teilnehmen oder haben eine Idee, bei der Sie glauben, dass sich unsere Gesichter mal kennen lernen sollten? Sie k\u00f6nnen uns gerne eine Mail\u00a0an info(at)ateliersimdelta.de schreiben. Oder sie schreiben uns einen Kommentar. Wir freuen uns \u00fcber ihre Nachricht! &hellip; <\/p>\n<p class=\"link-more\"><a href=\"https:\/\/www.ateliersimdelta.de\/aid\/kontakt\/\" class=\"more-link\"><span class=\"screen-reader-text\">\u201eKontakt\u201c<\/span> weiterlesen<\/a><\/p>\n","protected":false},"author":2,"featured_media":0,"parent":0,"menu_order":5,"comment_status":"open","ping_status":"open","template":"","meta":{"footnotes":""},"class_list":["post-15","page","type-page","status-publish","hentry"],"_links":{"self":[{"href":"https:\/\/www.ateliersimdelta.de\/aid\/wp-json\/wp\/v2\/pages\/15","targetHints":{"allow":["GET"]}}],"collection":[{"href":"https:\/\/www.ateliersimdelta.de\/aid\/wp-json\/wp\/v2\/pages"}],"about":[{"href":"https:\/\/www.ateliersimdelta.de\/aid\/wp-json\/wp\/v2\/types\/page"}],"author":[{"embeddable":true,"href":"https:\/\/www.ateliersimdelta.de\/aid\/wp-json\/wp\/v2\/users\/2"}],"replies":[{"embeddable":true,"href":"https:\/\/www.ateliersimdelta.de\/aid\/wp-json\/wp\/v2\/comments?post=15"}],"version-history":[{"count":16,"href":"https:\/\/www.ateliersimdelta.de\/aid\/wp-json\/wp\/v2\/pages\/15\/revisions"}],"predecessor-version":[{"id":813,"href":"https:\/\/www.ateliersimdelta.de\/aid\/wp-json\/wp\/v2\/pages\/15\/revisions\/813"}],"wp:attachment":[{"href":"https:\/\/www.ateliersimdelta.de\/aid\/wp-json\/wp\/v2\/media?parent=15"}],"curies":[{"name":"wp","href":"https:\/\/api.w.org\/{rel}","templated":true}]}}