{"id":338,"date":"2015-10-23T11:13:29","date_gmt":"2015-10-23T09:13:29","guid":{"rendered":"http:\/\/www.ateliersimdelta.de\/aid\/?page_id=338"},"modified":"2016-12-21T09:39:26","modified_gmt":"2016-12-21T08:39:26","slug":"anfrage-fotostudio","status":"publish","type":"page","link":"https:\/\/www.ateliersimdelta.de\/aid\/anfrage-fotostudio\/","title":{"rendered":"Anfrage Fotostudio"},"content":{"rendered":"<p>Ob Portr\u00e4ts, Familienbilder, Firmenportr\u00e4ts, Events, Webauftritt oder klassische Druckerzeugnisse: gute Fotografien, harmonische Layouts und sprachgewandte Texte kommen immer gut an. Wir verf\u00fcgen \u00fcber ein Fotoatelier, Fine Art Drucker, Lektorat und \u00fcber alles, was es f\u00fcr eine erfolgreiche Umsetzung von Ideen in Bilder und Texte braucht.<\/p>\n<p>Wir freuen uns \u00fcber ihre Anfrage.<\/p>\n<p>Bitte sende sie uns eine Mail an info(at)ateliersimdelta.de<\/p>\n","protected":false},"excerpt":{"rendered":"<p>Ob Portr\u00e4ts, Familienbilder, Firmenportr\u00e4ts, Events, Webauftritt oder klassische Druckerzeugnisse: gute Fotografien, harmonische Layouts und sprachgewandte Texte kommen immer gut an. Wir verf\u00fcgen \u00fcber ein Fotoatelier, Fine Art Drucker, Lektorat und \u00fcber alles, was es f\u00fcr eine erfolgreiche Umsetzung von Ideen in Bilder und Texte braucht. Wir freuen uns \u00fcber ihre Anfrage. Bitte sende sie uns &hellip; <\/p>\n<p class=\"link-more\"><a href=\"https:\/\/www.ateliersimdelta.de\/aid\/anfrage-fotostudio\/\" class=\"more-link\"><span class=\"screen-reader-text\">\u201eAnfrage Fotostudio\u201c<\/span> weiterlesen<\/a><\/p>\n","protected":false},"author":1,"featured_media":0,"parent":0,"menu_order":0,"comment_status":"closed","ping_status":"closed","template":"","meta":{"footnotes":""},"class_list":["post-338","page","type-page","status-publish","hentry"],"_links":{"self":[{"href":"https:\/\/www.ateliersimdelta.de\/aid\/wp-json\/wp\/v2\/pages\/338","targetHints":{"allow":["GET"]}}],"collection":[{"href":"https:\/\/www.ateliersimdelta.de\/aid\/wp-json\/wp\/v2\/pages"}],"about":[{"href":"https:\/\/www.ateliersimdelta.de\/aid\/wp-json\/wp\/v2\/types\/page"}],"author":[{"embeddable":true,"href":"https:\/\/www.ateliersimdelta.de\/aid\/wp-json\/wp\/v2\/users\/1"}],"replies":[{"embeddable":true,"href":"https:\/\/www.ateliersimdelta.de\/aid\/wp-json\/wp\/v2\/comments?post=338"}],"version-history":[{"count":6,"href":"https:\/\/www.ateliersimdelta.de\/aid\/wp-json\/wp\/v2\/pages\/338\/revisions"}],"predecessor-version":[{"id":652,"href":"https:\/\/www.ateliersimdelta.de\/aid\/wp-json\/wp\/v2\/pages\/338\/revisions\/652"}],"wp:attachment":[{"href":"https:\/\/www.ateliersimdelta.de\/aid\/wp-json\/wp\/v2\/media?parent=338"}],"curies":[{"name":"wp","href":"https:\/\/api.w.org\/{rel}","templated":true}]}}