{"id":402,"date":"2015-12-25T12:24:44","date_gmt":"2015-12-25T11:24:44","guid":{"rendered":"http:\/\/www.ateliersimdelta.de\/aid\/?page_id=402"},"modified":"2025-09-24T17:14:57","modified_gmt":"2025-09-24T15:14:57","slug":"hannah-silke-moser","status":"publish","type":"page","link":"https:\/\/www.ateliersimdelta.de\/aid\/hannah-silke-moser\/","title":{"rendered":"Hannah S. Moser (hsm)"},"content":{"rendered":"\n<div class=\"wp-block-columns alignwide is-layout-flex wp-container-core-columns-is-layout-9d6595d7 wp-block-columns-is-layout-flex\">\n<div class=\"wp-block-column is-layout-flow wp-block-column-is-layout-flow\" style=\"flex-basis:50%\">\n<h1 class=\"wp-block-heading\">Hannah S. Moser <\/h1>\n\n\n\n<ul class=\"wp-block-list\">\n<li><a href=\"https:\/\/aid-kb.org\/k-hsm\/#ks\" data-type=\"page\" data-id=\"60\">K\u00fcnstlerstatement<\/a><\/li>\n\n\n\n<li><a href=\"https:\/\/aid-kb.org\/k-hsm\/#werke\">Werke<\/a><\/li>\n\n\n\n<li><a href=\"https:\/\/hsm.aid-me.de\/publikationen\">Ver\u00f6ffentlichungen<\/a><\/li>\n\n\n\n<li><a href=\"https:\/\/aid-kb.org\/k-hsm\/#cv\">CV<\/a>\n<ul class=\"wp-block-list\">\n<li>Ausstellungen (Auswahl)<\/li>\n\n\n\n<li>Preise\/Auszeichnungen<\/li>\n\n\n\n<li>Stipendien<\/li>\n\n\n\n<li>Arbeiten in \u00f6ffentlichem Besitz<\/li>\n<\/ul>\n<\/li>\n<\/ul>\n<\/div>\n\n\n\n<div class=\"wp-block-column is-layout-flow wp-block-column-is-layout-flow\" style=\"flex-basis:50%\">\n<figure class=\"wp-block-image\"><img decoding=\"async\" src=\"https:\/\/live.staticflickr.com\/5769\/23740965669_7af932d1e3_b.jpg\" alt=\"\" class=\"wp-image-37\"\/><\/figure>\n<\/div>\n<\/div>\n\n\n\n<p><br><\/p>\n\n\n\n<div class=\"wp-block-media-text alignwide has-media-on-the-right is-stacked-on-mobile\"><div class=\"wp-block-media-text__content\">\n<h2 class=\"wp-block-heading\" id=\"ks\">K\u00fcnstlerstatement<\/h2>\n\n\n\n<p class=\"has-small-font-size\">Hannah Moser vertraut in ihrer k\u00fcnstlerischen Arbeit auf die Kraft des Systemdenkens.<\/p>\n\n\n\n<p class=\"has-small-font-size\">Ihr Blick richtet sich auf die verborgenen kybernetischen Strukturen, die das Denken, Handeln und Zusammenleben pr\u00e4gen \u2013 in Netzwerken des Lernens, der Kultur, der Kunst und des Lebens selbst.<\/p>\n\n\n\n<p class=\"has-small-font-size\">Ihre Kunst versteht sie als Werkzeug der Erkenntnis. Sie macht geistige Prozesse sichtbar, durchdringt sie und er\u00f6ffnet R\u00e4ume f\u00fcr Einsicht, Wandel und sch\u00f6pferische Transformation.<\/p>\n\n\n\n<p class=\"has-small-font-size\">Hannah Moser untersucht jene Bereiche, in denen kulturelle, wissenschaftliche und religi\u00f6se Idealisierungen die Freiheit des Einzelnen beeinflussen. Dabei geht es ihr nicht um Antworten, sondern um die St\u00e4rkung des Individuums durch Selbstreflexion. Ihre Arbeiten laden dazu ein, sich von kollektiven Erwartungen zu l\u00f6sen, eigene Fragen zu stellen und etwas Eigenes zu entdecken und daraus pers\u00f6nliche Lehren zu ziehen \u2013 nicht allgemeing\u00fcltige.<\/p>\n\n\n\n<p class=\"has-small-font-size\">Thematisch erforscht sie, wie sich Natur, Stadt, Alltag, Spiritualit\u00e4t und Weltbez\u00fcge in unseren Wahrnehmungen und Denkstrukturen spiegeln. Im Zentrum steht eine Erkenntnislehre der Lebenskunst und des Lebenssinns \u2013 offen, nicht dogmatisch.<\/p>\n\n\n\n<p class=\"has-small-font-size\">Ihre Kunst schafft Denk- und Erfahrungsr\u00e4ume, in denen pers\u00f6nliche Einsichten m\u00f6glich werden und kollektive Muster hinterfragt werden k\u00f6nnen.<\/p>\n<\/div><figure class=\"wp-block-media-text__media\"><img decoding=\"async\" src=\"https:\/\/live.staticflickr.com\/65535\/54799822063_afbf474b4a_h.jpg\" alt=\"\" class=\"wp-image-37 size-full\"\/><\/figure><\/div>\n\n\n\n<div class=\"wp-block-group alignwide is-content-justification-left\"><div class=\"wp-block-group__inner-container is-layout-constrained wp-container-core-group-is-layout-8c890d92 wp-block-group-is-layout-constrained\">\n<p class=\"has-x-large-font-size\" id=\"werke\">Werke<\/p>\n<\/div><\/div>\n\n\n\n<h3 class=\"wp-block-heading alignwide\">Aura 2015<\/h3>\n\n\n\n<figure class=\"wp-block-gallery alignwide has-nested-images columns-3 wp-block-gallery-1 is-layout-flex wp-block-gallery-is-layout-flex\">\n<figure class=\"wp-block-image size-large\"><img decoding=\"async\" src=\"https:\/\/live.staticflickr.com\/5799\/23481654634_d85584e1e0.jpg\" alt=\"\"\/><\/figure>\n\n\n\n<figure class=\"wp-block-image size-large\"><img decoding=\"async\" src=\"https:\/\/live.staticflickr.com\/5804\/24109933555_21648fcc39_w.jpg\" alt=\"\"\/><\/figure>\n\n\n\n<figure class=\"wp-block-image size-large\"><img decoding=\"async\" src=\"https:\/\/live.staticflickr.com\/5814\/24001835312_9bd15b9c10_w.jpg\" alt=\"\"\/><\/figure>\n<\/figure>\n\n\n\n<h3 class=\"wp-block-heading alignwide\">Perception in Transition, 2019<\/h3>\n\n\n\n<figure class=\"wp-block-gallery alignwide has-nested-images columns-3 wp-block-gallery-2 is-layout-flex wp-block-gallery-is-layout-flex\">\n<figure class=\"wp-block-image size-large\"><img decoding=\"async\" src=\"https:\/\/live.staticflickr.com\/65535\/54799822063_a779540974_w.jpg\" alt=\"\"\/><\/figure>\n\n\n\n<figure class=\"wp-block-image size-large\"><img decoding=\"async\" src=\"https:\/\/live.staticflickr.com\/65535\/54799821738_83583e5e69_w.jpg\" alt=\"\"\/><\/figure>\n\n\n\n<figure class=\"wp-block-image size-large\"><img decoding=\"async\" src=\"https:\/\/live.staticflickr.com\/65535\/54799821683_a54e722e71_w.jpg\" alt=\"\"\/><\/figure>\n\n\n\n<figure class=\"wp-block-image size-large\"><img decoding=\"async\" src=\"https:\/\/live.staticflickr.com\/65535\/54799569941_82f8e9cf82_w.jpg\" alt=\"\"\/><\/figure>\n\n\n\n<figure class=\"wp-block-image size-large\"><img decoding=\"async\" src=\"https:\/\/live.staticflickr.com\/65535\/54798714307_1beb7a08b2_w.jpg\" alt=\"\"\/><\/figure>\n\n\n\n<figure class=\"wp-block-image size-large\"><img decoding=\"async\" src=\"https:\/\/live.staticflickr.com\/65535\/54799570301_9e706d187a_w.jpg\" alt=\"\"\/><\/figure>\n<\/figure>\n\n\n\n<h3 class=\"wp-block-heading alignwide\">Uncertain Horizons, 2024<\/h3>\n\n\n\n<figure class=\"wp-block-gallery alignwide has-nested-images columns-4 wp-block-gallery-3 is-layout-flex wp-block-gallery-is-layout-flex\">\n<figure class=\"wp-block-image size-large\"><img decoding=\"async\" src=\"https:\/\/live.staticflickr.com\/65535\/54805050418_81013c85d7_n.jpg\" alt=\"\"\/><\/figure>\n\n\n\n<figure class=\"wp-block-image size-large\"><img decoding=\"async\" src=\"https:\/\/live.staticflickr.com\/65535\/54805063469_8b28c8ca3c_n.jpg\" alt=\"\"\/><\/figure>\n\n\n\n<figure class=\"wp-block-image size-large\"><img decoding=\"async\" src=\"https:\/\/live.staticflickr.com\/65535\/54805059994_fa0deb2e47_n.jpg\" alt=\"\"\/><\/figure>\n\n\n\n<figure class=\"wp-block-image size-large\"><img decoding=\"async\" src=\"https:\/\/live.staticflickr.com\/65535\/54805061614_e2251a0f91_n.jpg\" alt=\"\"\/><\/figure>\n\n\n\n<figure class=\"wp-block-image size-large\"><img decoding=\"async\" src=\"https:\/\/live.staticflickr.com\/65535\/54805055139_df9fa0e506_n.jpg_df9fa0e506_n.jpg\" alt=\"\"\/><\/figure>\n\n\n\n<figure class=\"wp-block-image size-large\"><img decoding=\"async\" src=\"https:\/\/live.staticflickr.com\/65535\/54805044523_fc1299dbd2_n.jpg\" alt=\"\"\/><\/figure>\n\n\n\n<figure class=\"wp-block-image size-large\"><img decoding=\"async\" src=\"https:\/\/live.staticflickr.com\/65535\/54805127345_681dc6f7a7_n.jpg\" alt=\"\"\/><\/figure>\n\n\n\n<figure class=\"wp-block-image size-large\"><img decoding=\"async\" src=\"https:\/\/live.staticflickr.com\/65535\/54803939207_6a4917c6de_n.jpg\" alt=\"\"\/><\/figure>\n<\/figure>\n\n\n\n<div class=\"wp-block-group alignwide is-content-justification-left\"><div class=\"wp-block-group__inner-container is-layout-constrained wp-container-core-group-is-layout-8c890d92 wp-block-group-is-layout-constrained\">\n<h2 class=\"wp-block-heading has-text-align-left\" id=\"cv\"><strong>CV<\/strong> &#8211; Hannah S. Moser<\/h2>\n\n\n\n<div class=\"wp-block-group\"><div class=\"wp-block-group__inner-container is-layout-constrained wp-block-group-is-layout-constrained\">\n<p class=\"has-text-align-left\">Geb. 20.07. 1990 in Speyer<\/p>\n\n\n\n<p>2007 &#8211; 08  High School Year &#8211;  Idaho Falls High School &#8211; Idaho, USA<\/p>\n\n\n\n<p>2008 &#8211; 11 Friedrich List Schule (Wirtschaftsgymnasium)<\/p>\n\n\n\n<details class=\"wp-block-details is-layout-flow wp-block-details-is-layout-flow\"><summary>Vorstudium und Orientierungsjahr Bildende Kunst<br>Kunstschule Offenburg<\/summary>\n<p><a href=\"https:\/\/www.vorstudium-kunst.de\/\">http:\/\/www.vorstudium-kunst.de<\/a><\/p>\n<\/details>\n\n\n\n<details class=\"wp-block-details is-layout-flow wp-block-details-is-layout-flow\"><summary>2012 \u2013 18 Studium an der Kunsthochschule Mainz<\/summary>\n<p>2012 -2013 bei Prof. Thomas  Schmidt und Heike Aum\u00fcller (Basisklasse)<\/p>\n\n\n\n<p>2013- 2018 bei Prof. Judith Samen (Fachklasse f\u00fcr k\u00fcnstlerische Fotografie)<\/p>\n\n\n\n<p>2018 Diplom Freie Bildende Kunst<\/p>\n<\/details>\n\n\n\n<h2 class=\"wp-block-heading\" id=\"cv-a\">Ausstellungen (Auswahl)<\/h2>\n\n\n\n<p>2018 NEXUS-Ray Masterclass | Ray Fotofestival Frankfurt,<br>MMK 3, Frankfurt am Main (G)<\/p>\n\n\n\n<details class=\"wp-block-details is-layout-flow wp-block-details-is-layout-flow\"><summary>2021 Studies from the Observation Deck (E)<\/summary>\n<p>Haus der Fotografie, Koblenz <br>Therme am Viehmarkt, Trier<\/p>\n<\/details>\n\n\n\n<p>2022\/23 Er\u00f6ffnungsausstellung des Showrooms der Overhead Gallery, Mu\u0308nster (G)<\/p>\n\n\n\n<p>2023 Vor Ort | Mannheimer Kunstverein, Mannheim (G)<\/p>\n\n\n\n<p>2024 Square of Opposition | Galerie Hafemann, Wiesbaden (G)<\/p>\n\n\n\n<h2 class=\"wp-block-heading cv-p\">Preise\/Auszeichnungen<\/h2>\n\n\n\n<p>2019 Dr. Berthold Roland Fotokunstpreis, der Ike und Berthold Roland-Stiftung<\/p>\n\n\n\n<h2 class=\"wp-block-heading cv-s\">Stipendien<\/h2>\n\n\n\n<p>2021 Projektf\u00f6rderung des Ministeriums f\u00fcr Wissenschaft, Forschung und Kunst Baden W\u00fcrttemberg<\/p>\n\n\n\n<p>2022 Neustart Kultur Stipendium 2.Auflage, Stiftung Kunstfond<\/p>\n\n\n\n<h2 class=\"wp-block-heading cv-oeb\">Arbeiten in \u00f6ffentlichem Besitz<\/h2>\n\n\n\n<p>Buchedition: <em>Perception in Transition<\/em> und Bildedition: <em>Perception in Transition VI ,2019 <\/em>(Generaldirektion kulturelles Erbe Rheinland Pfalz)<\/p>\n<\/div><\/div>\n<\/div><\/div>\n\n\n\n<p><\/p>\n","protected":false},"excerpt":{"rendered":"<p>Hannah S. Moser K\u00fcnstlerstatement Hannah Moser vertraut in ihrer k\u00fcnstlerischen Arbeit auf die Kraft des Systemdenkens. Ihr Blick richtet sich auf die verborgenen kybernetischen Strukturen, die das Denken, Handeln und Zusammenleben pr\u00e4gen \u2013 in Netzwerken des Lernens, der Kultur, der Kunst und des Lebens selbst. Ihre Kunst versteht sie als Werkzeug der Erkenntnis. Sie macht &hellip; <\/p>\n<p class=\"link-more\"><a href=\"https:\/\/www.ateliersimdelta.de\/aid\/hannah-silke-moser\/\" class=\"more-link\"><span class=\"screen-reader-text\">\u201eHannah S. Moser (hsm)\u201c<\/span> weiterlesen<\/a><\/p>\n","protected":false},"author":4,"featured_media":0,"parent":0,"menu_order":0,"comment_status":"closed","ping_status":"closed","template":"","meta":{"footnotes":""},"class_list":["post-402","page","type-page","status-publish","hentry"],"_links":{"self":[{"href":"https:\/\/www.ateliersimdelta.de\/aid\/wp-json\/wp\/v2\/pages\/402","targetHints":{"allow":["GET"]}}],"collection":[{"href":"https:\/\/www.ateliersimdelta.de\/aid\/wp-json\/wp\/v2\/pages"}],"about":[{"href":"https:\/\/www.ateliersimdelta.de\/aid\/wp-json\/wp\/v2\/types\/page"}],"author":[{"embeddable":true,"href":"https:\/\/www.ateliersimdelta.de\/aid\/wp-json\/wp\/v2\/users\/4"}],"replies":[{"embeddable":true,"href":"https:\/\/www.ateliersimdelta.de\/aid\/wp-json\/wp\/v2\/comments?post=402"}],"version-history":[{"count":1,"href":"https:\/\/www.ateliersimdelta.de\/aid\/wp-json\/wp\/v2\/pages\/402\/revisions"}],"predecessor-version":[{"id":1232,"href":"https:\/\/www.ateliersimdelta.de\/aid\/wp-json\/wp\/v2\/pages\/402\/revisions\/1232"}],"wp:attachment":[{"href":"https:\/\/www.ateliersimdelta.de\/aid\/wp-json\/wp\/v2\/media?parent=402"}],"curies":[{"name":"wp","href":"https:\/\/api.w.org\/{rel}","templated":true}]}}