{"id":755,"date":"2018-01-21T13:17:49","date_gmt":"2018-01-21T12:17:49","guid":{"rendered":"https:\/\/www.ateliersimdelta.de\/aid\/newsletter\/"},"modified":"2018-05-01T17:19:04","modified_gmt":"2018-05-01T15:19:04","slug":"newsletter","status":"publish","type":"page","link":"https:\/\/www.ateliersimdelta.de\/aid\/newsletter\/","title":{"rendered":"Newsletter"},"content":{"rendered":"<p>Wenn sie sich zu unserem Newsletter anmelden, erhalten sie von uns eine Best\u00e4tigungsmail an die angegebene Email-Adresse. Erst wenn sie die Anmeldung \u00fcber den Link dieser Email best\u00e4tigen, sind sie f\u00fcr unseren Newsletter angemeldet.\u00a0<\/p>\r\n<p>Bitte beachten sie unsere <a href=\"https:\/\/www.ateliersimdelta.de\/aid\/datenschutzerklaerung\/\">Datenschutzerkl\u00e4rung<\/a>. Die im Rahmen einer Anmeldung zum Newsletter erhobenen personenbezogenen Daten werden ausschlie\u00dflich zum Versand unseres Newsletters verwendet. Es erfolgt keine Weitergabe der im Rahmen des Newsletter-Dienstes erhobenen personenbezogenen Daten an Dritte. Das Abonnement unseres Newsletters kann jederzeit gek\u00fcndigt werden. Die Einwilligung in die Speicherung personenbezogener Daten, die die betroffene Person uns f\u00fcr den Newsletterversand erteilt hat, kann jederzeit widerrufen werden. Zum Zwecke des Widerrufs der Einwilligung findet sich in jedem Newsletter ein entsprechender Link. Ferner besteht die M\u00f6glichkeit, sich jederzeit vom Newsletterversand abzumelden. <br \/>Mit dem Dr\u00fccken des\u00a0Anmelde-Knopfes\u00a0erlauben\u00a0sie\u00a0uns erhobenen personenbezogenen Daten zu\u00a0verarbeiten\u00a0und\u00a0ihr\u00a0Newsletter\u00a0Abonnement in die Wege zu leiten.<\/p>\r\n<p><code><div class=\"tnp tnp-subscription \">\n<form method=\"post\" action=\"https:\/\/www.ateliersimdelta.de\/aid\/wp-admin\/admin-ajax.php?action=tnp&amp;na=s\">\n<input type=\"hidden\" name=\"nlang\" value=\"\">\n<div class=\"tnp-field tnp-field-firstname\"><label for=\"tnp-1\">Name<\/label>\n<input class=\"tnp-name\" type=\"text\" name=\"nn\" id=\"tnp-1\" value=\"\" placeholder=\"\"><\/div>\n<div class=\"tnp-field tnp-field-email\"><label for=\"tnp-2\">Email<\/label>\n<input class=\"tnp-email\" type=\"email\" name=\"ne\" id=\"tnp-2\" value=\"\" placeholder=\"\" required><\/div>\n<div class=\"tnp-field tnp-field-button\" style=\"text-align: left\"><input class=\"tnp-submit\" type=\"submit\" value=\"Anmelden\" style=\"\">\n<\/div>\n<\/form>\n<\/div>\n<\/code>\u00a0<\/p>\n","protected":false},"excerpt":{"rendered":"","protected":false},"author":4,"featured_media":0,"parent":0,"menu_order":0,"comment_status":"closed","ping_status":"closed","template":"","meta":{"footnotes":""},"class_list":["post-755","page","type-page","status-publish","hentry"],"_links":{"self":[{"href":"https:\/\/www.ateliersimdelta.de\/aid\/wp-json\/wp\/v2\/pages\/755","targetHints":{"allow":["GET"]}}],"collection":[{"href":"https:\/\/www.ateliersimdelta.de\/aid\/wp-json\/wp\/v2\/pages"}],"about":[{"href":"https:\/\/www.ateliersimdelta.de\/aid\/wp-json\/wp\/v2\/types\/page"}],"author":[{"embeddable":true,"href":"https:\/\/www.ateliersimdelta.de\/aid\/wp-json\/wp\/v2\/users\/4"}],"replies":[{"embeddable":true,"href":"https:\/\/www.ateliersimdelta.de\/aid\/wp-json\/wp\/v2\/comments?post=755"}],"version-history":[{"count":3,"href":"https:\/\/www.ateliersimdelta.de\/aid\/wp-json\/wp\/v2\/pages\/755\/revisions"}],"predecessor-version":[{"id":769,"href":"https:\/\/www.ateliersimdelta.de\/aid\/wp-json\/wp\/v2\/pages\/755\/revisions\/769"}],"wp:attachment":[{"href":"https:\/\/www.ateliersimdelta.de\/aid\/wp-json\/wp\/v2\/media?parent=755"}],"curies":[{"name":"wp","href":"https:\/\/api.w.org\/{rel}","templated":true}]}}