{"id":770,"date":"2018-05-01T17:20:19","date_gmt":"2018-05-01T15:20:19","guid":{"rendered":"https:\/\/www.ateliersimdelta.de\/aid\/?page_id=770"},"modified":"2025-09-22T18:44:48","modified_gmt":"2025-09-22T16:44:48","slug":"ateliers-im-delta","status":"publish","type":"page","link":"https:\/\/www.ateliersimdelta.de\/aid\/","title":{"rendered":"Ateliers im Delta"},"content":{"rendered":"\n<img decoding=\"async\" class=\"alignleft size-full wp-image-70\" src=\"https:\/\/www.ateliersimdelta.de\/aid\/wp-content\/uploads\/AteliersimDelta5cm.jpg\" alt=\"\" width=\"189\" srcset=\"https:\/\/www.ateliersimdelta.de\/aid\/wp-content\/uploads\/AteliersimDelta5cm.jpg 189w, https:\/\/www.ateliersimdelta.de\/aid\/wp-content\/uploads\/AteliersimDelta5cm-150x150.jpg 150w, https:\/\/www.ateliersimdelta.de\/aid\/wp-content\/uploads\/AteliersimDelta5cm-90x90.jpg 90w\" sizes=\"(max-width: 189px) 100vw, 189px\" \/>\n\n\n\n<p>Unter dem europ\u00e4ischen Markenzeichen der Ateliers im Delta organisieren Hannah und Ralf Moser seit 2010 k\u00fcnstlerische und wissenschaftliche Projekte. Die Ateliers im Delta bewegen sich  zwischen Kunst, Technik und Wissenschaft. Unsere \u00dcberlegungen drehen sich weder um Ideale, noch um Sprachspiele und schon gar nicht um die Idealisierungen eines begr\u00fcndeten Glaubens, sondern wir begrenzen unseren Glauben durch unser Wissen und durch die Beobachtung unserer Welt. Unsere \u00dcberlegungen sind an der Architektur von Organisationen und Prozessen und deren Konstruktion ausgerichtet, die wir als Implementierung ihrer Architektur betrachten. Die Architektur einer beliebigen Organisation und ihrer Prozesse, betrachten wir als die Gliederung der selbstgew\u00e4hlten Aufgaben und den zugeh\u00f6rigen Modellbildung, die notwendig sind, um die Aufgaben zu erf\u00fcllen. Die Architektur der Ateliers Im Delta ist durch vier Aufgaben bestimmt, die wir beide langfristig erf\u00fcllen m\u00f6chten:<\/p>\n\n\n\n<img decoding=\"async\" class=\"alignleft size-full wp-image-470\" src=\"https:\/\/www.ateliersimdelta.de\/aid\/wp-content\/uploads\/DSC1447-Bearbeitet-2.jpg\" alt=\"\" width=\"16%\" srcset=\"https:\/\/www.ateliersimdelta.de\/aid\/wp-content\/uploads\/DSC1447-Bearbeitet-2.jpg 1800w, https:\/\/www.ateliersimdelta.de\/aid\/wp-content\/uploads\/DSC1447-Bearbeitet-2-300x257.jpg 300w, https:\/\/www.ateliersimdelta.de\/aid\/wp-content\/uploads\/DSC1447-Bearbeitet-2-768x658.jpg 768w, https:\/\/www.ateliersimdelta.de\/aid\/wp-content\/uploads\/DSC1447-Bearbeitet-2-1024x878.jpg 1024w\" sizes=\"(max-width: 706px) 89vw, (max-width: 767px) 82vw, 740px\" \/>\n\n\n\n<ul class=\"wp-block-list\">\n<li>Kunstwerke erschaffen und K\u00fcnstler sein,<\/li>\n\n\n\n<li>Auflagenkunst herausgeben und Verleger sein,<\/li>\n\n\n\n<li>Ausstellungen kuratieren und Kurator sein,<\/li>\n\n\n\n<li>Kunst f\u00f6rdern und F\u00f6rderer sein.<\/li>\n<\/ul>\n\n\n\n<p>Wir haben verschiedene Ans\u00e4tze aus der Philosophie, der Ingenieurwissenschaft, der Kunst zu einer neuen Techne weiter entwickelt. Die Architektur- und Konstruktionslehre der neuen Techne basiert auf einer Hierarchie von Modellbildungen mit mehreren Metaebenen, wie sie aus der Kybernetik bekannt sind. Mit Metaebenen lassen sich die Probleme des Geistes, des Lernens, der Kunst und des Lebens undogmatisch und l\u00f6sungsneutral aufstellen.<\/p>\n\n\n\n<h2 class=\"wp-block-heading\">Unsere Plattformen<\/h2>\n\n\n\n<p>Im Rahmen der\u00a0<strong><a href=\"https:\/\/aid-kb.org\/\">Ateliers im Delta (AiD) Kunstbetrieb GmbH<\/a><\/strong>\u00a0betreiben wir mehrere Plattformen, die unterschiedliche Aspekte zeitgen\u00f6ssischer Kunst und Kultur f\u00f6rdern:<\/p>\n\n\n\n<ul class=\"wp-block-list\">\n<li><strong><a href=\"https:\/\/aid-kb.org\/galerie\/\">AiD Galerie<\/a><\/strong><br>Eine Plattform f\u00fcr Verkaufsausstellungen zeitgen\u00f6ssischer Kunst und kuratierter Projekte des AiD Verlags.<\/li>\n\n\n\n<li><strong><a href=\"https:\/\/aid-kb.org\/verlag\/\">AiD Verlag<\/a><\/strong><br>Eine Plattform f\u00fcr das Herausgeben von Auflagenkunst.<\/li>\n\n\n\n<li><strong><a href=\"https:\/\/aid-kb.org\/forum\/\">AiD Forum f\u00fcr Kunst<\/a><\/strong><br>Eine Plattform f\u00fcr Austausch, Diskussion und interdisziplin\u00e4ren Dialog.<\/li>\n\n\n\n<li><strong><a href=\"https:\/\/aid-kb.org\/artm\/\">AiD ART M<\/a><\/strong><br>Eine gemeinn\u00fctzige Plattform zur F\u00f6rderung junger und etablierter Positionen am Kunstmarkt.<\/li>\n<\/ul>\n\n\n\n<p>Diese Plattformen schaffen R\u00e4ume f\u00fcr kreative Entfaltung, kritische Reflexion und nachhaltige F\u00f6rderung k\u00fcnstlerischer Arbeit. Sie bieten einen Rahmen f\u00fcr Begegnung und Austausch zwischen K\u00fcnstler, Kunstsammler, Kunstf\u00f6rderer, Kunstkritiker, Kunstwissenschaftler, Kuratoren, Kunsth\u00e4ndler, Galeristen und Kunstinteressierte \u00fcber zeitgen\u00f6ssische Kunst austauschen k\u00f6nnen. <\/p>\n\n\n\n<h2 class=\"wp-block-heading\">AiD ART M \u2013 Unsere gemeinn\u00fctzige Kunstmesse in der Metropolregion<\/h2>\n\n\n\n<img decoding=\"async\" class=\"alignleft size-full wp-image-470\" src=\"https:\/\/www.ateliersimdelta.de\/aid\/wp-content\/uploads\/Art-M-Logo-Querformatig-_03-1-scaled.jpg\" alt=\"\" width=\"16%\">\n\n\n\n<p>Die&nbsp;<strong>AiD ART M<\/strong>&nbsp;ist unsere wichtigste Veranstaltung \u2013 hier werden alle unsere Aufgaben und Ziele sichtbar und erlebbar. Als&nbsp;<strong>gemeinn\u00fctzige Kunstmesse<\/strong>&nbsp;verbindet sie k\u00fcnstlerische Qualit\u00e4t mit gesellschaftlichem Engagement. Ein Teil der Erl\u00f6se flie\u00dft direkt an die&nbsp;<strong>Ateliers im Delta (AiD) gGmbH<\/strong>&nbsp;und unterst\u00fctzt gezielt die F\u00f6rderung von K\u00fcnstlerinnen und K\u00fcnstlern innerhalb des Kunst\u00f6kosystems.<\/p>\n\n\n\n<p>Unser Ziel ist es, die Messe in den kommenden Jahren&nbsp;<strong>schrittweise in die gesamte Metropolregion Rhein-Neckar<\/strong>&nbsp;hineinwachsen zu lassen \u2013 als lebendige Plattform f\u00fcr zeitgen\u00f6ssische Kunst, Austausch und kulturelle Teilhabe.<\/p>\n\n\n\n<h2 class=\"wp-block-heading\">AiD Forum f\u00fcr Kunst \u2013 Unsere Stimme in die Welt<\/h2>\n\n\n\n<p>Das&nbsp;<strong>AiD Forum f\u00fcr Kunst<\/strong>&nbsp;ist unsere kommunikative Br\u00fccke zur Welt. Hier entwickeln wir Formate, mit denen wir unsere k\u00fcnstlerischen und gesellschaftlichen Botschaften nach au\u00dfen tragen:<\/p>\n\n\n\n<ul class=\"wp-block-list\">\n<li><strong>Carpe Diem et Noctem<\/strong><br>Eine \u201eZettelwirtschaft\u201c f\u00fcr Lebenskrisen \u2013 poetisch, fragmentarisch, tr\u00f6stlich.<\/li>\n\n\n\n<li><strong>Zen 42<\/strong><br>Ein meditativer Zugang zur Kunst \u2013 f\u00fcr Zuhause, f\u00fcr den Alltag, f\u00fcr die innere Balance.<\/li>\n<\/ul>\n","protected":false},"excerpt":{"rendered":"<p>Unter dem europ\u00e4ischen Markenzeichen der Ateliers im Delta organisieren Hannah und Ralf Moser seit 2010 k\u00fcnstlerische und wissenschaftliche Projekte. Die Ateliers im Delta bewegen sich zwischen Kunst, Technik und Wissenschaft. Unsere \u00dcberlegungen drehen sich weder um Ideale, noch um Sprachspiele und schon gar nicht um die Idealisierungen eines begr\u00fcndeten Glaubens, sondern wir begrenzen unseren Glauben &hellip; <\/p>\n<p class=\"link-more\"><a href=\"https:\/\/www.ateliersimdelta.de\/aid\/\" class=\"more-link\"><span class=\"screen-reader-text\">\u201eAteliers im Delta\u201c<\/span> weiterlesen<\/a><\/p>\n","protected":false},"author":4,"featured_media":0,"parent":0,"menu_order":0,"comment_status":"closed","ping_status":"closed","template":"","meta":{"footnotes":""},"class_list":["post-770","page","type-page","status-publish","hentry"],"_links":{"self":[{"href":"https:\/\/www.ateliersimdelta.de\/aid\/wp-json\/wp\/v2\/pages\/770","targetHints":{"allow":["GET"]}}],"collection":[{"href":"https:\/\/www.ateliersimdelta.de\/aid\/wp-json\/wp\/v2\/pages"}],"about":[{"href":"https:\/\/www.ateliersimdelta.de\/aid\/wp-json\/wp\/v2\/types\/page"}],"author":[{"embeddable":true,"href":"https:\/\/www.ateliersimdelta.de\/aid\/wp-json\/wp\/v2\/users\/4"}],"replies":[{"embeddable":true,"href":"https:\/\/www.ateliersimdelta.de\/aid\/wp-json\/wp\/v2\/comments?post=770"}],"version-history":[{"count":1,"href":"https:\/\/www.ateliersimdelta.de\/aid\/wp-json\/wp\/v2\/pages\/770\/revisions"}],"predecessor-version":[{"id":1230,"href":"https:\/\/www.ateliersimdelta.de\/aid\/wp-json\/wp\/v2\/pages\/770\/revisions\/1230"}],"wp:attachment":[{"href":"https:\/\/www.ateliersimdelta.de\/aid\/wp-json\/wp\/v2\/media?parent=770"}],"curies":[{"name":"wp","href":"https:\/\/api.w.org\/{rel}","templated":true}]}}