{"id":906,"date":"2020-04-24T18:14:34","date_gmt":"2020-04-24T16:14:34","guid":{"rendered":"https:\/\/www.ateliersimdelta.de\/aid\/?page_id=906"},"modified":"2024-06-13T10:11:44","modified_gmt":"2024-06-13T08:11:44","slug":"giftbox","status":"publish","type":"page","link":"https:\/\/www.ateliersimdelta.de\/aid\/giftbox\/","title":{"rendered":"Ausstellungen kuratieren und Kurator sein"},"content":{"rendered":"<div class=\"wp-block-image\">\n<figure class=\"alignleft size-thumbnail\"><img loading=\"lazy\" decoding=\"async\" width=\"150\" height=\"150\" src=\"https:\/\/www.ateliersimdelta.de\/aid\/wp-content\/uploads\/Markensymbol-rot-150x150.jpg\" alt=\"\" class=\"wp-image-999\" srcset=\"https:\/\/www.ateliersimdelta.de\/aid\/wp-content\/uploads\/Markensymbol-rot-150x150.jpg 150w, https:\/\/www.ateliersimdelta.de\/aid\/wp-content\/uploads\/Markensymbol-rot-300x300.jpg 300w, https:\/\/www.ateliersimdelta.de\/aid\/wp-content\/uploads\/Markensymbol-rot-100x100.jpg 100w, https:\/\/www.ateliersimdelta.de\/aid\/wp-content\/uploads\/Markensymbol-rot.jpg 500w\" sizes=\"auto, (max-width: 150px) 100vw, 150px\" \/><\/figure><\/div>\n\n\n<p>Die <em>Giftbox<\/em> ist Raum, Projektraum, Kunstraum, Atelier und Experimentierb\u00fchne f\u00fcr zeitgen\u00f6ssische Kunst. Wir geben seit einiger Zeit insbesondere jungen K\u00fcnstlern die M\u00f6glichkeit in unserem Ausstellungsraum <em>Giftbox<\/em> eigene Ausstellungskonzepte zu entwickeln, ihr Selbstverst\u00e4ndnis zu pr\u00e4zisieren und ihr Selbstvermarkten zu trainieren. Die Ausstellungen werden von uns betreut und kuratiert.&nbsp;<\/p>\n\n\n\n<p>Die Ausstellungen ver\u00f6ffentlichen wir auf der Homepage der Giftbox (&nbsp;<a href=\"https:\/\/www.ateliersimdelta.de\/giftbox\/category\/ausstellungen\/\" target=\"_blank\" rel=\"noreferrer noopener\">Ausstellungen<\/a> ) und als Veranstaltungen auf facebook (<a href=\"https:\/\/www.facebook.com\/pg\/FotoGiftbox\/events\/\">Veranstaltungen<\/a>)<\/p>\n\n\n\n<p>Hier gehts zur <a href=\"https:\/\/www.ateliersimdelta.de\/giftbox\/\">Giftbox<\/a>!<\/p>\n\n\n\n<h2 class=\"wp-block-heading\">AiD ART M<\/h2>\n\n\n\n<p>Die AiD ART M ist die Kunstmesse der Ateliers im Delta, bei der ein Anteil der Erl\u00f6se an die gemeinn\u00fctzige Ateliers im Delta (AiD) gGmbH geht. Die Erl\u00f6se tragen insbesondere dazu bei, K\u00fcnstlerinnen und K\u00fcnstler in ihrer Entwicklung im \u00d6kosystem der Kunst zu f\u00f6rdern. Die Messe soll in den kommenden Jahren in die gesamte Metropolregion Rhein-Neckar hineinwachsen. Sie bietet eine Plattform, auf der sich K\u00fcnstler, Kunstsammler, Kunstf\u00f6rderer, Kunstkritiker, Kunstwissenschaftler, Kuratoren, Kunsth\u00e4ndler, Galeristen und Kunstinteressierte \u00fcber zeitgen\u00f6ssische Kunst austauschen k\u00f6nnen. <\/p>\n\n\n\n<h3 class=\"wp-block-heading\">AiD ART M 2024<\/h3>\n\n\n\n<p><strong>Veranstaltungsort:<\/strong> Raum S4,17 Mannheim ( ehemalige Stadtgalerie)<br><strong>Regul\u00e4re \u00d6ffnungszeiten: <\/strong>\u00a06.7.-4.8. jeweils Freitag von 16-21 Uhr, Samstag \u00a0und Sonntag von 11-19 Uhr\u00a0<\/p>\n\n\n\n<p>Hier gehts zur <a href=\"https:\/\/www.ateliersimdelta.de\/giftbox\/aid-art-m\/\">AiD Art M 2024<\/a><\/p>\n\n\n\n<!--more-->\n\n\n\n<p>Wir kurieren nicht nur Ausstellungen, sondern wir organisieren auch K\u00fcnstlerprojekte. 2017 haben wir im Rahmen der WOW Art Lu und der OFF\/\/Foto einen ehemaligen Friseursalon in einem Abrisshaus in einen Ausstellungsraum verwandelt und eine Ausstellung zu unserem Eden-Projekt organisiert und kuratiert.<\/p>\n\n\n\n<figure class=\"wp-block-gallery has-nested-images columns-default is-cropped wp-block-gallery-1 is-layout-flex wp-block-gallery-is-layout-flex\">\n<figure class=\"wp-block-image size-large\"><img loading=\"lazy\" decoding=\"async\" width=\"2560\" height=\"1920\" data-id=\"1077\" src=\"https:\/\/www.ateliersimdelta.de\/aid\/wp-content\/uploads\/IMG_20170901_172025537-MacBook-Air-von-Ralf-scaled.jpg\" alt=\"\" class=\"wp-image-1077\" srcset=\"https:\/\/www.ateliersimdelta.de\/aid\/wp-content\/uploads\/IMG_20170901_172025537-MacBook-Air-von-Ralf-scaled.jpg 2560w, https:\/\/www.ateliersimdelta.de\/aid\/wp-content\/uploads\/IMG_20170901_172025537-MacBook-Air-von-Ralf-300x225.jpg 300w, https:\/\/www.ateliersimdelta.de\/aid\/wp-content\/uploads\/IMG_20170901_172025537-MacBook-Air-von-Ralf-1024x768.jpg 1024w, https:\/\/www.ateliersimdelta.de\/aid\/wp-content\/uploads\/IMG_20170901_172025537-MacBook-Air-von-Ralf-768x576.jpg 768w, https:\/\/www.ateliersimdelta.de\/aid\/wp-content\/uploads\/IMG_20170901_172025537-MacBook-Air-von-Ralf-1536x1152.jpg 1536w, https:\/\/www.ateliersimdelta.de\/aid\/wp-content\/uploads\/IMG_20170901_172025537-MacBook-Air-von-Ralf-2048x1536.jpg 2048w\" sizes=\"auto, (max-width: 706px) 89vw, (max-width: 767px) 82vw, 740px\" \/><\/figure>\n\n\n\n<figure class=\"wp-block-image size-large\"><img loading=\"lazy\" decoding=\"async\" width=\"1920\" height=\"2560\" data-id=\"1078\" src=\"https:\/\/www.ateliersimdelta.de\/aid\/wp-content\/uploads\/IMG_20170901_172051758_BURST001-scaled.jpg\" alt=\"\" class=\"wp-image-1078\" srcset=\"https:\/\/www.ateliersimdelta.de\/aid\/wp-content\/uploads\/IMG_20170901_172051758_BURST001-scaled.jpg 1920w, https:\/\/www.ateliersimdelta.de\/aid\/wp-content\/uploads\/IMG_20170901_172051758_BURST001-225x300.jpg 225w, https:\/\/www.ateliersimdelta.de\/aid\/wp-content\/uploads\/IMG_20170901_172051758_BURST001-768x1024.jpg 768w, https:\/\/www.ateliersimdelta.de\/aid\/wp-content\/uploads\/IMG_20170901_172051758_BURST001-1152x1536.jpg 1152w, https:\/\/www.ateliersimdelta.de\/aid\/wp-content\/uploads\/IMG_20170901_172051758_BURST001-1536x2048.jpg 1536w\" sizes=\"auto, (max-width: 706px) 89vw, (max-width: 767px) 82vw, 740px\" \/><\/figure>\n\n\n\n<figure class=\"wp-block-image size-large\"><img loading=\"lazy\" decoding=\"async\" width=\"2560\" height=\"1920\" data-id=\"1076\" src=\"https:\/\/www.ateliersimdelta.de\/aid\/wp-content\/uploads\/IMG_20170901_182100419-scaled.jpg\" alt=\"\" class=\"wp-image-1076\" srcset=\"https:\/\/www.ateliersimdelta.de\/aid\/wp-content\/uploads\/IMG_20170901_182100419-scaled.jpg 2560w, https:\/\/www.ateliersimdelta.de\/aid\/wp-content\/uploads\/IMG_20170901_182100419-300x225.jpg 300w, https:\/\/www.ateliersimdelta.de\/aid\/wp-content\/uploads\/IMG_20170901_182100419-1024x768.jpg 1024w, https:\/\/www.ateliersimdelta.de\/aid\/wp-content\/uploads\/IMG_20170901_182100419-768x576.jpg 768w, https:\/\/www.ateliersimdelta.de\/aid\/wp-content\/uploads\/IMG_20170901_182100419-1536x1152.jpg 1536w, https:\/\/www.ateliersimdelta.de\/aid\/wp-content\/uploads\/IMG_20170901_182100419-2048x1536.jpg 2048w\" sizes=\"auto, (max-width: 706px) 89vw, (max-width: 767px) 82vw, 740px\" \/><\/figure>\n\n\n\n<figure class=\"wp-block-image size-large\"><img loading=\"lazy\" decoding=\"async\" width=\"2560\" height=\"1920\" data-id=\"1079\" src=\"https:\/\/www.ateliersimdelta.de\/aid\/wp-content\/uploads\/IMG_20170901_162232788-MacBook-Air-von-Ralf-MacBook-Air-von-Ralf-scaled.jpg\" alt=\"\" class=\"wp-image-1079\" srcset=\"https:\/\/www.ateliersimdelta.de\/aid\/wp-content\/uploads\/IMG_20170901_162232788-MacBook-Air-von-Ralf-MacBook-Air-von-Ralf-scaled.jpg 2560w, https:\/\/www.ateliersimdelta.de\/aid\/wp-content\/uploads\/IMG_20170901_162232788-MacBook-Air-von-Ralf-MacBook-Air-von-Ralf-300x225.jpg 300w, https:\/\/www.ateliersimdelta.de\/aid\/wp-content\/uploads\/IMG_20170901_162232788-MacBook-Air-von-Ralf-MacBook-Air-von-Ralf-1024x768.jpg 1024w, https:\/\/www.ateliersimdelta.de\/aid\/wp-content\/uploads\/IMG_20170901_162232788-MacBook-Air-von-Ralf-MacBook-Air-von-Ralf-768x576.jpg 768w, https:\/\/www.ateliersimdelta.de\/aid\/wp-content\/uploads\/IMG_20170901_162232788-MacBook-Air-von-Ralf-MacBook-Air-von-Ralf-1536x1152.jpg 1536w, https:\/\/www.ateliersimdelta.de\/aid\/wp-content\/uploads\/IMG_20170901_162232788-MacBook-Air-von-Ralf-MacBook-Air-von-Ralf-2048x1536.jpg 2048w\" sizes=\"auto, (max-width: 706px) 89vw, (max-width: 767px) 82vw, 740px\" \/><\/figure>\n\n\n\n<figure class=\"wp-block-image size-large\"><img loading=\"lazy\" decoding=\"async\" width=\"2560\" height=\"2560\" data-id=\"1072\" src=\"https:\/\/www.ateliersimdelta.de\/aid\/wp-content\/uploads\/IMG_20170901_161907356-MacBook-Air-von-Ralf-scaled.jpg\" alt=\"\" class=\"wp-image-1072\" srcset=\"https:\/\/www.ateliersimdelta.de\/aid\/wp-content\/uploads\/IMG_20170901_161907356-MacBook-Air-von-Ralf-scaled.jpg 2560w, https:\/\/www.ateliersimdelta.de\/aid\/wp-content\/uploads\/IMG_20170901_161907356-MacBook-Air-von-Ralf-300x300.jpg 300w, https:\/\/www.ateliersimdelta.de\/aid\/wp-content\/uploads\/IMG_20170901_161907356-MacBook-Air-von-Ralf-1024x1024.jpg 1024w, https:\/\/www.ateliersimdelta.de\/aid\/wp-content\/uploads\/IMG_20170901_161907356-MacBook-Air-von-Ralf-150x150.jpg 150w, https:\/\/www.ateliersimdelta.de\/aid\/wp-content\/uploads\/IMG_20170901_161907356-MacBook-Air-von-Ralf-768x768.jpg 768w, https:\/\/www.ateliersimdelta.de\/aid\/wp-content\/uploads\/IMG_20170901_161907356-MacBook-Air-von-Ralf-1536x1536.jpg 1536w, https:\/\/www.ateliersimdelta.de\/aid\/wp-content\/uploads\/IMG_20170901_161907356-MacBook-Air-von-Ralf-2048x2048.jpg 2048w, https:\/\/www.ateliersimdelta.de\/aid\/wp-content\/uploads\/IMG_20170901_161907356-MacBook-Air-von-Ralf-100x100.jpg 100w\" sizes=\"auto, (max-width: 706px) 89vw, (max-width: 767px) 82vw, 740px\" \/><\/figure>\n\n\n\n<figure class=\"wp-block-image size-large\"><img loading=\"lazy\" decoding=\"async\" width=\"2560\" height=\"2560\" data-id=\"1075\" src=\"https:\/\/www.ateliersimdelta.de\/aid\/wp-content\/uploads\/IMG_20170901_182357151-MacBook-Air-von-Ralf-MacBook-Air-von-Ralf-scaled.jpg\" alt=\"\" class=\"wp-image-1075\" srcset=\"https:\/\/www.ateliersimdelta.de\/aid\/wp-content\/uploads\/IMG_20170901_182357151-MacBook-Air-von-Ralf-MacBook-Air-von-Ralf-scaled.jpg 2560w, https:\/\/www.ateliersimdelta.de\/aid\/wp-content\/uploads\/IMG_20170901_182357151-MacBook-Air-von-Ralf-MacBook-Air-von-Ralf-300x300.jpg 300w, https:\/\/www.ateliersimdelta.de\/aid\/wp-content\/uploads\/IMG_20170901_182357151-MacBook-Air-von-Ralf-MacBook-Air-von-Ralf-1024x1024.jpg 1024w, https:\/\/www.ateliersimdelta.de\/aid\/wp-content\/uploads\/IMG_20170901_182357151-MacBook-Air-von-Ralf-MacBook-Air-von-Ralf-150x150.jpg 150w, https:\/\/www.ateliersimdelta.de\/aid\/wp-content\/uploads\/IMG_20170901_182357151-MacBook-Air-von-Ralf-MacBook-Air-von-Ralf-768x768.jpg 768w, https:\/\/www.ateliersimdelta.de\/aid\/wp-content\/uploads\/IMG_20170901_182357151-MacBook-Air-von-Ralf-MacBook-Air-von-Ralf-1536x1536.jpg 1536w, https:\/\/www.ateliersimdelta.de\/aid\/wp-content\/uploads\/IMG_20170901_182357151-MacBook-Air-von-Ralf-MacBook-Air-von-Ralf-2048x2048.jpg 2048w, https:\/\/www.ateliersimdelta.de\/aid\/wp-content\/uploads\/IMG_20170901_182357151-MacBook-Air-von-Ralf-MacBook-Air-von-Ralf-100x100.jpg 100w\" sizes=\"auto, (max-width: 706px) 89vw, (max-width: 767px) 82vw, 740px\" \/><\/figure>\n\n\n\n<figure class=\"wp-block-image size-large\"><img loading=\"lazy\" decoding=\"async\" width=\"2560\" height=\"1920\" data-id=\"1074\" src=\"https:\/\/www.ateliersimdelta.de\/aid\/wp-content\/uploads\/IMG_20170901_181429335-MacBook-Air-von-Ralf-MacBook-Air-von-Ralf-scaled.jpg\" alt=\"\" class=\"wp-image-1074\" srcset=\"https:\/\/www.ateliersimdelta.de\/aid\/wp-content\/uploads\/IMG_20170901_181429335-MacBook-Air-von-Ralf-MacBook-Air-von-Ralf-scaled.jpg 2560w, https:\/\/www.ateliersimdelta.de\/aid\/wp-content\/uploads\/IMG_20170901_181429335-MacBook-Air-von-Ralf-MacBook-Air-von-Ralf-300x225.jpg 300w, https:\/\/www.ateliersimdelta.de\/aid\/wp-content\/uploads\/IMG_20170901_181429335-MacBook-Air-von-Ralf-MacBook-Air-von-Ralf-1024x768.jpg 1024w, https:\/\/www.ateliersimdelta.de\/aid\/wp-content\/uploads\/IMG_20170901_181429335-MacBook-Air-von-Ralf-MacBook-Air-von-Ralf-768x576.jpg 768w, https:\/\/www.ateliersimdelta.de\/aid\/wp-content\/uploads\/IMG_20170901_181429335-MacBook-Air-von-Ralf-MacBook-Air-von-Ralf-1536x1152.jpg 1536w, https:\/\/www.ateliersimdelta.de\/aid\/wp-content\/uploads\/IMG_20170901_181429335-MacBook-Air-von-Ralf-MacBook-Air-von-Ralf-2048x1536.jpg 2048w\" sizes=\"auto, (max-width: 706px) 89vw, (max-width: 767px) 82vw, 740px\" \/><\/figure>\n\n\n\n<figure class=\"wp-block-image size-large\"><img loading=\"lazy\" decoding=\"async\" width=\"2560\" height=\"1920\" data-id=\"1073\" src=\"https:\/\/www.ateliersimdelta.de\/aid\/wp-content\/uploads\/IMG_20170901_181218397-MacBook-Air-von-Ralf-MacBook-Air-von-Ralf-scaled.jpg\" alt=\"\" class=\"wp-image-1073\" srcset=\"https:\/\/www.ateliersimdelta.de\/aid\/wp-content\/uploads\/IMG_20170901_181218397-MacBook-Air-von-Ralf-MacBook-Air-von-Ralf-scaled.jpg 2560w, https:\/\/www.ateliersimdelta.de\/aid\/wp-content\/uploads\/IMG_20170901_181218397-MacBook-Air-von-Ralf-MacBook-Air-von-Ralf-300x225.jpg 300w, https:\/\/www.ateliersimdelta.de\/aid\/wp-content\/uploads\/IMG_20170901_181218397-MacBook-Air-von-Ralf-MacBook-Air-von-Ralf-1024x768.jpg 1024w, https:\/\/www.ateliersimdelta.de\/aid\/wp-content\/uploads\/IMG_20170901_181218397-MacBook-Air-von-Ralf-MacBook-Air-von-Ralf-768x576.jpg 768w, https:\/\/www.ateliersimdelta.de\/aid\/wp-content\/uploads\/IMG_20170901_181218397-MacBook-Air-von-Ralf-MacBook-Air-von-Ralf-1536x1152.jpg 1536w, https:\/\/www.ateliersimdelta.de\/aid\/wp-content\/uploads\/IMG_20170901_181218397-MacBook-Air-von-Ralf-MacBook-Air-von-Ralf-2048x1536.jpg 2048w\" sizes=\"auto, (max-width: 706px) 89vw, (max-width: 767px) 82vw, 740px\" \/><\/figure>\n<\/figure>\n","protected":false},"excerpt":{"rendered":"<p>Die Giftbox ist Raum, Projektraum, Kunstraum, Atelier und Experimentierb\u00fchne f\u00fcr zeitgen\u00f6ssische Kunst. Wir geben seit einiger Zeit insbesondere jungen K\u00fcnstlern die M\u00f6glichkeit in unserem Ausstellungsraum Giftbox eigene Ausstellungskonzepte zu entwickeln, ihr Selbstverst\u00e4ndnis zu pr\u00e4zisieren und ihr Selbstvermarkten zu trainieren. Die Ausstellungen werden von uns betreut und kuratiert.&nbsp; Die Ausstellungen ver\u00f6ffentlichen wir auf der Homepage der &hellip; <\/p>\n<p class=\"link-more\"><a href=\"https:\/\/www.ateliersimdelta.de\/aid\/giftbox\/\" class=\"more-link\"><span class=\"screen-reader-text\">\u201eAusstellungen kuratieren und Kurator sein\u201c<\/span> weiterlesen<\/a><\/p>\n","protected":false},"author":4,"featured_media":885,"parent":0,"menu_order":0,"comment_status":"closed","ping_status":"closed","template":"","meta":{"footnotes":""},"class_list":["post-906","page","type-page","status-publish","has-post-thumbnail","hentry"],"_links":{"self":[{"href":"https:\/\/www.ateliersimdelta.de\/aid\/wp-json\/wp\/v2\/pages\/906","targetHints":{"allow":["GET"]}}],"collection":[{"href":"https:\/\/www.ateliersimdelta.de\/aid\/wp-json\/wp\/v2\/pages"}],"about":[{"href":"https:\/\/www.ateliersimdelta.de\/aid\/wp-json\/wp\/v2\/types\/page"}],"author":[{"embeddable":true,"href":"https:\/\/www.ateliersimdelta.de\/aid\/wp-json\/wp\/v2\/users\/4"}],"replies":[{"embeddable":true,"href":"https:\/\/www.ateliersimdelta.de\/aid\/wp-json\/wp\/v2\/comments?post=906"}],"version-history":[{"count":1,"href":"https:\/\/www.ateliersimdelta.de\/aid\/wp-json\/wp\/v2\/pages\/906\/revisions"}],"predecessor-version":[{"id":1189,"href":"https:\/\/www.ateliersimdelta.de\/aid\/wp-json\/wp\/v2\/pages\/906\/revisions\/1189"}],"wp:featuredmedia":[{"embeddable":true,"href":"https:\/\/www.ateliersimdelta.de\/aid\/wp-json\/wp\/v2\/media\/885"}],"wp:attachment":[{"href":"https:\/\/www.ateliersimdelta.de\/aid\/wp-json\/wp\/v2\/media?parent=906"}],"curies":[{"name":"wp","href":"https:\/\/api.w.org\/{rel}","templated":true}]}}