{"id":919,"date":"2020-04-24T19:09:01","date_gmt":"2020-04-24T17:09:01","guid":{"rendered":"https:\/\/www.ateliersimdelta.de\/aid\/?page_id=919"},"modified":"2025-08-01T14:17:04","modified_gmt":"2025-08-01T12:17:04","slug":"kunstmessen","status":"publish","type":"page","link":"https:\/\/www.ateliersimdelta.de\/aid\/kunstmessen\/","title":{"rendered":"Auflagenkunst herausgeben und Verleger sein"},"content":{"rendered":"\n<h3 class=\"wp-block-heading\">Produktion &amp; Verlag \u2013 Qualit\u00e4t f\u00fcr die Kunst<\/h3>\n\n\n<div class=\"wp-block-image\">\n<figure class=\"alignleft size-thumbnail\"><img loading=\"lazy\" decoding=\"async\" width=\"150\" height=\"150\" src=\"https:\/\/www.ateliersimdelta.de\/aid\/wp-content\/uploads\/Markensymbol-blau-150x150.jpg\" alt=\"\" class=\"wp-image-993\" srcset=\"https:\/\/www.ateliersimdelta.de\/aid\/wp-content\/uploads\/Markensymbol-blau-150x150.jpg 150w, https:\/\/www.ateliersimdelta.de\/aid\/wp-content\/uploads\/Markensymbol-blau-300x300.jpg 300w, https:\/\/www.ateliersimdelta.de\/aid\/wp-content\/uploads\/Markensymbol-blau-100x100.jpg 100w, https:\/\/www.ateliersimdelta.de\/aid\/wp-content\/uploads\/Markensymbol-blau.jpg 500w\" sizes=\"auto, (max-width: 150px) 100vw, 150px\" \/><\/figure><\/div>\n\n\n<p>Dank unserer eigenen Werkst\u00e4tten f\u00fcr Druckvorbereitung, hochwertigen Kunstdruck und Rahmung k\u00f6nnen wir K\u00fcnstlerinnen und K\u00fcnstler umfassend bei der professionellen Aufbereitung ihrer Werke unterst\u00fctzen. Viele von ihnen h\u00e4tten ohne diese Infrastruktur keinen Zugang zur vom Kunstmarkt geforderten&nbsp;<strong>Museumsqualit\u00e4t<\/strong>&nbsp;\u2013 wir machen sie m\u00f6glich.<\/p>\n\n\n\n<p>Im Rahmen unseres&nbsp;<strong>AiD Verlags<\/strong>&nbsp;ver\u00f6ffentlichen wir:<\/p>\n\n\n\n<ul class=\"wp-block-list\">\n<li><strong>handgefertigte K\u00fcnstlerb\u00fccher<\/strong><\/li>\n\n\n\n<li><strong>limitierte Editionen<\/strong><\/li>\n\n\n\n<li><strong>Unikate unserer K\u00fcnstlerinnen und K\u00fcnstler<\/strong><\/li>\n<\/ul>\n\n\n\n<p>Unsere verlegerische Arbeit begann mit der Herausgabe eigener Werke im Selbstverlag. Heute ist daraus ein professionelles Programm entstanden, das k\u00fcnstlerische Positionen sichtbar macht und nachhaltig f\u00f6rdert.<\/p>\n\n\n\n<figure class=\"wp-block-gallery has-nested-images columns-default is-cropped wp-block-gallery-1 is-layout-flex wp-block-gallery-is-layout-flex\">\n<figure class=\"wp-block-image size-large\"><img loading=\"lazy\" decoding=\"async\" width=\"1502\" height=\"2000\" data-id=\"1099\" src=\"https:\/\/www.ateliersimdelta.de\/aid\/wp-content\/uploads\/RJM-DaWvWuV.jpg\" alt=\"\" class=\"wp-image-1099\" srcset=\"https:\/\/www.ateliersimdelta.de\/aid\/wp-content\/uploads\/RJM-DaWvWuV.jpg 1502w, https:\/\/www.ateliersimdelta.de\/aid\/wp-content\/uploads\/RJM-DaWvWuV-225x300.jpg 225w, https:\/\/www.ateliersimdelta.de\/aid\/wp-content\/uploads\/RJM-DaWvWuV-769x1024.jpg 769w, https:\/\/www.ateliersimdelta.de\/aid\/wp-content\/uploads\/RJM-DaWvWuV-768x1023.jpg 768w, https:\/\/www.ateliersimdelta.de\/aid\/wp-content\/uploads\/RJM-DaWvWuV-1154x1536.jpg 1154w\" sizes=\"auto, (max-width: 706px) 89vw, (max-width: 767px) 82vw, 740px\" \/><\/figure>\n\n\n\n<figure class=\"wp-block-image size-large\"><img loading=\"lazy\" decoding=\"async\" width=\"416\" height=\"555\" data-id=\"1098\" src=\"https:\/\/www.ateliersimdelta.de\/aid\/wp-content\/uploads\/RJM-Bullshit-416x555-1.jpg\" alt=\"\" class=\"wp-image-1098\" srcset=\"https:\/\/www.ateliersimdelta.de\/aid\/wp-content\/uploads\/RJM-Bullshit-416x555-1.jpg 416w, https:\/\/www.ateliersimdelta.de\/aid\/wp-content\/uploads\/RJM-Bullshit-416x555-1-225x300.jpg 225w\" sizes=\"auto, (max-width: 416px) 100vw, 416px\" \/><\/figure>\n\n\n\n<figure class=\"wp-block-image size-large\"><img loading=\"lazy\" decoding=\"async\" width=\"1500\" height=\"2000\" data-id=\"1100\" src=\"https:\/\/www.ateliersimdelta.de\/aid\/wp-content\/uploads\/HM-Observation-Deck.jpg\" alt=\"\" class=\"wp-image-1100\" srcset=\"https:\/\/www.ateliersimdelta.de\/aid\/wp-content\/uploads\/HM-Observation-Deck.jpg 1500w, https:\/\/www.ateliersimdelta.de\/aid\/wp-content\/uploads\/HM-Observation-Deck-225x300.jpg 225w, https:\/\/www.ateliersimdelta.de\/aid\/wp-content\/uploads\/HM-Observation-Deck-768x1024.jpg 768w, https:\/\/www.ateliersimdelta.de\/aid\/wp-content\/uploads\/HM-Observation-Deck-1152x1536.jpg 1152w\" sizes=\"auto, (max-width: 706px) 89vw, (max-width: 767px) 82vw, 740px\" \/><\/figure>\n\n\n\n<figure class=\"wp-block-image size-large\"><img loading=\"lazy\" decoding=\"async\" width=\"2381\" height=\"2560\" data-id=\"1090\" src=\"https:\/\/www.ateliersimdelta.de\/aid\/wp-content\/uploads\/Observation-Deck-scaled.jpg\" alt=\"\" class=\"wp-image-1090\" srcset=\"https:\/\/www.ateliersimdelta.de\/aid\/wp-content\/uploads\/Observation-Deck-scaled.jpg 2381w, https:\/\/www.ateliersimdelta.de\/aid\/wp-content\/uploads\/Observation-Deck-279x300.jpg 279w, https:\/\/www.ateliersimdelta.de\/aid\/wp-content\/uploads\/Observation-Deck-952x1024.jpg 952w, https:\/\/www.ateliersimdelta.de\/aid\/wp-content\/uploads\/Observation-Deck-768x826.jpg 768w, https:\/\/www.ateliersimdelta.de\/aid\/wp-content\/uploads\/Observation-Deck-1428x1536.jpg 1428w, https:\/\/www.ateliersimdelta.de\/aid\/wp-content\/uploads\/Observation-Deck-1904x2048.jpg 1904w\" sizes=\"auto, (max-width: 706px) 89vw, (max-width: 767px) 82vw, 740px\" \/><\/figure>\n\n\n\n<figure class=\"wp-block-image size-large\"><img loading=\"lazy\" decoding=\"async\" width=\"2554\" height=\"2501\" data-id=\"1088\" src=\"https:\/\/www.ateliersimdelta.de\/aid\/wp-content\/uploads\/Observation-Deck-3.jpg\" alt=\"\" class=\"wp-image-1088\" srcset=\"https:\/\/www.ateliersimdelta.de\/aid\/wp-content\/uploads\/Observation-Deck-3.jpg 2554w, https:\/\/www.ateliersimdelta.de\/aid\/wp-content\/uploads\/Observation-Deck-3-300x294.jpg 300w, https:\/\/www.ateliersimdelta.de\/aid\/wp-content\/uploads\/Observation-Deck-3-1024x1003.jpg 1024w, https:\/\/www.ateliersimdelta.de\/aid\/wp-content\/uploads\/Observation-Deck-3-768x752.jpg 768w, https:\/\/www.ateliersimdelta.de\/aid\/wp-content\/uploads\/Observation-Deck-3-1536x1504.jpg 1536w, https:\/\/www.ateliersimdelta.de\/aid\/wp-content\/uploads\/Observation-Deck-3-2048x2006.jpg 2048w\" sizes=\"auto, (max-width: 706px) 89vw, (max-width: 767px) 82vw, 740px\" \/><\/figure>\n\n\n\n<figure class=\"wp-block-image size-large\"><img loading=\"lazy\" decoding=\"async\" width=\"1502\" height=\"2000\" data-id=\"1095\" src=\"https:\/\/www.ateliersimdelta.de\/aid\/wp-content\/uploads\/HM-DeConstruction.jpg\" alt=\"\" class=\"wp-image-1095\" srcset=\"https:\/\/www.ateliersimdelta.de\/aid\/wp-content\/uploads\/HM-DeConstruction.jpg 1502w, https:\/\/www.ateliersimdelta.de\/aid\/wp-content\/uploads\/HM-DeConstruction-225x300.jpg 225w, https:\/\/www.ateliersimdelta.de\/aid\/wp-content\/uploads\/HM-DeConstruction-769x1024.jpg 769w, https:\/\/www.ateliersimdelta.de\/aid\/wp-content\/uploads\/HM-DeConstruction-768x1023.jpg 768w, https:\/\/www.ateliersimdelta.de\/aid\/wp-content\/uploads\/HM-DeConstruction-1154x1536.jpg 1154w\" sizes=\"auto, (max-width: 706px) 89vw, (max-width: 767px) 82vw, 740px\" \/><\/figure>\n\n\n\n<figure class=\"wp-block-image size-large\"><img loading=\"lazy\" decoding=\"async\" width=\"1500\" height=\"2000\" data-id=\"1097\" src=\"https:\/\/www.ateliersimdelta.de\/aid\/wp-content\/uploads\/HM-Perception-in-Transition.jpg\" alt=\"\" class=\"wp-image-1097\" srcset=\"https:\/\/www.ateliersimdelta.de\/aid\/wp-content\/uploads\/HM-Perception-in-Transition.jpg 1500w, https:\/\/www.ateliersimdelta.de\/aid\/wp-content\/uploads\/HM-Perception-in-Transition-225x300.jpg 225w, https:\/\/www.ateliersimdelta.de\/aid\/wp-content\/uploads\/HM-Perception-in-Transition-768x1024.jpg 768w, https:\/\/www.ateliersimdelta.de\/aid\/wp-content\/uploads\/HM-Perception-in-Transition-1152x1536.jpg 1152w\" sizes=\"auto, (max-width: 706px) 89vw, (max-width: 767px) 82vw, 740px\" \/><\/figure>\n\n\n\n<figure class=\"wp-block-image size-large\"><img loading=\"lazy\" decoding=\"async\" width=\"2560\" height=\"2560\" data-id=\"1091\" src=\"https:\/\/www.ateliersimdelta.de\/aid\/wp-content\/uploads\/Perception-in-Transition-2-scaled.jpg\" alt=\"\" class=\"wp-image-1091\" srcset=\"https:\/\/www.ateliersimdelta.de\/aid\/wp-content\/uploads\/Perception-in-Transition-2-scaled.jpg 2560w, https:\/\/www.ateliersimdelta.de\/aid\/wp-content\/uploads\/Perception-in-Transition-2-300x300.jpg 300w, https:\/\/www.ateliersimdelta.de\/aid\/wp-content\/uploads\/Perception-in-Transition-2-1024x1024.jpg 1024w, https:\/\/www.ateliersimdelta.de\/aid\/wp-content\/uploads\/Perception-in-Transition-2-150x150.jpg 150w, https:\/\/www.ateliersimdelta.de\/aid\/wp-content\/uploads\/Perception-in-Transition-2-768x768.jpg 768w, https:\/\/www.ateliersimdelta.de\/aid\/wp-content\/uploads\/Perception-in-Transition-2-1536x1536.jpg 1536w, https:\/\/www.ateliersimdelta.de\/aid\/wp-content\/uploads\/Perception-in-Transition-2-2048x2048.jpg 2048w, https:\/\/www.ateliersimdelta.de\/aid\/wp-content\/uploads\/Perception-in-Transition-2-100x100.jpg 100w\" sizes=\"auto, (max-width: 706px) 89vw, (max-width: 767px) 82vw, 740px\" \/><\/figure>\n\n\n\n<figure class=\"wp-block-image size-large\"><img loading=\"lazy\" decoding=\"async\" width=\"2560\" height=\"2539\" data-id=\"1094\" src=\"https:\/\/www.ateliersimdelta.de\/aid\/wp-content\/uploads\/Perception-in-Transition-scaled.jpg\" alt=\"\" class=\"wp-image-1094\" srcset=\"https:\/\/www.ateliersimdelta.de\/aid\/wp-content\/uploads\/Perception-in-Transition-scaled.jpg 2560w, https:\/\/www.ateliersimdelta.de\/aid\/wp-content\/uploads\/Perception-in-Transition-300x297.jpg 300w, https:\/\/www.ateliersimdelta.de\/aid\/wp-content\/uploads\/Perception-in-Transition-1024x1015.jpg 1024w, https:\/\/www.ateliersimdelta.de\/aid\/wp-content\/uploads\/Perception-in-Transition-150x150.jpg 150w, https:\/\/www.ateliersimdelta.de\/aid\/wp-content\/uploads\/Perception-in-Transition-768x762.jpg 768w, https:\/\/www.ateliersimdelta.de\/aid\/wp-content\/uploads\/Perception-in-Transition-1536x1523.jpg 1536w, https:\/\/www.ateliersimdelta.de\/aid\/wp-content\/uploads\/Perception-in-Transition-2048x2031.jpg 2048w, https:\/\/www.ateliersimdelta.de\/aid\/wp-content\/uploads\/Perception-in-Transition-100x100.jpg 100w\" sizes=\"auto, (max-width: 706px) 89vw, (max-width: 767px) 82vw, 740px\" \/><\/figure>\n<\/figure>\n\n\n\n<h3 class=\"wp-block-heading\">K\u00fcnstlerb\u00fccher &amp; Editionen \u2013 Zusammenarbeit \u00fcber Hochschulgrenzen hinweg<\/h3>\n\n\n\n<p>Als Hannah 2018 an der\u00a0<strong><a href=\"https:\/\/ray2018.de\/de\/ausstellungen\/ray-master-class\/\">Ray Master Class<\/a><\/strong>\u00a0teilnahm und ihre Arbeit\u00a0<em>Observation Deck<\/em>\u00a0pr\u00e4sentierte, entstand bei den Studierenden anderer Hochschulen gro\u00dfes Interesse, gemeinsam mit uns\u00a0<strong>K\u00fcnstlerb\u00fccher und Bildeditionen<\/strong>\u00a0zu entwickeln.<\/p>\n\n\n\n<p>Aus dieser Begegnung entstanden zahlreiche Kooperationen \u2013 mit K\u00fcnstlerinnen und K\u00fcnstlern anderer Hochschulen ebenso wie mit etablierten Positionen, die sich f\u00fcr eine Zusammenarbeit mit unserem Verlag begeisterten.<\/p>\n\n\n\n<!--more-->\n\n\n\n<p>So entstanden im Rahmen des&nbsp;<strong>AiD Verlags<\/strong>&nbsp;vielf\u00e4ltige Publikationen: von handgemachten K\u00fcnstlerb\u00fcchern \u00fcber limitierte Editionen bis hin zu Unikaten. Der Ursprung unserer verlegerischen T\u00e4tigkeit liegt in der Herausgabe eigener Arbeiten im Selbstverlag \u2013 heute ist daraus ein Netzwerk kreativer Partnerschaften gewachsen.<\/p>\n\n\n\n<figure class=\"wp-block-gallery has-nested-images columns-default is-cropped wp-block-gallery-2 is-layout-flex wp-block-gallery-is-layout-flex\">\n<figure class=\"wp-block-image size-large\"><img loading=\"lazy\" decoding=\"async\" width=\"769\" height=\"1024\" data-id=\"1107\" src=\"https:\/\/www.ateliersimdelta.de\/aid\/wp-content\/uploads\/ausserhalb-der-Zeit-769x1024.jpg\" alt=\"\" class=\"wp-image-1107\" srcset=\"https:\/\/www.ateliersimdelta.de\/aid\/wp-content\/uploads\/ausserhalb-der-Zeit-769x1024.jpg 769w, https:\/\/www.ateliersimdelta.de\/aid\/wp-content\/uploads\/ausserhalb-der-Zeit-225x300.jpg 225w, https:\/\/www.ateliersimdelta.de\/aid\/wp-content\/uploads\/ausserhalb-der-Zeit-768x1023.jpg 768w, https:\/\/www.ateliersimdelta.de\/aid\/wp-content\/uploads\/ausserhalb-der-Zeit-1153x1536.jpg 1153w, https:\/\/www.ateliersimdelta.de\/aid\/wp-content\/uploads\/ausserhalb-der-Zeit.jpg 1200w\" sizes=\"auto, (max-width: 706px) 89vw, (max-width: 767px) 82vw, 740px\" \/><\/figure>\n\n\n\n<figure class=\"wp-block-image size-large\"><img loading=\"lazy\" decoding=\"async\" width=\"768\" height=\"1024\" data-id=\"1110\" src=\"https:\/\/www.ateliersimdelta.de\/aid\/wp-content\/uploads\/aus-der-Dichte-768x1024.jpg\" alt=\"\" class=\"wp-image-1110\" srcset=\"https:\/\/www.ateliersimdelta.de\/aid\/wp-content\/uploads\/aus-der-Dichte-768x1024.jpg 768w, https:\/\/www.ateliersimdelta.de\/aid\/wp-content\/uploads\/aus-der-Dichte-225x300.jpg 225w, https:\/\/www.ateliersimdelta.de\/aid\/wp-content\/uploads\/aus-der-Dichte-1152x1536.jpg 1152w, https:\/\/www.ateliersimdelta.de\/aid\/wp-content\/uploads\/aus-der-Dichte.jpg 1200w\" sizes=\"auto, (max-width: 706px) 89vw, (max-width: 767px) 82vw, 740px\" \/><\/figure>\n\n\n\n<figure class=\"wp-block-image size-large\"><img loading=\"lazy\" decoding=\"async\" width=\"768\" height=\"1024\" data-id=\"1111\" src=\"https:\/\/www.ateliersimdelta.de\/aid\/wp-content\/uploads\/Of-Blue-and-other-Colors-768x1024.jpg\" alt=\"\" class=\"wp-image-1111\" srcset=\"https:\/\/www.ateliersimdelta.de\/aid\/wp-content\/uploads\/Of-Blue-and-other-Colors-768x1024.jpg 768w, https:\/\/www.ateliersimdelta.de\/aid\/wp-content\/uploads\/Of-Blue-and-other-Colors-225x300.jpg 225w, https:\/\/www.ateliersimdelta.de\/aid\/wp-content\/uploads\/Of-Blue-and-other-Colors-1152x1536.jpg 1152w, https:\/\/www.ateliersimdelta.de\/aid\/wp-content\/uploads\/Of-Blue-and-other-Colors.jpg 1200w\" sizes=\"auto, (max-width: 706px) 89vw, (max-width: 767px) 82vw, 740px\" \/><\/figure>\n\n\n\n<figure class=\"wp-block-image size-large\"><img loading=\"lazy\" decoding=\"async\" width=\"769\" height=\"1024\" data-id=\"1106\" src=\"https:\/\/www.ateliersimdelta.de\/aid\/wp-content\/uploads\/autogerecht-769x1024.jpg\" alt=\"\" class=\"wp-image-1106\" srcset=\"https:\/\/www.ateliersimdelta.de\/aid\/wp-content\/uploads\/autogerecht-769x1024.jpg 769w, https:\/\/www.ateliersimdelta.de\/aid\/wp-content\/uploads\/autogerecht-225x300.jpg 225w, https:\/\/www.ateliersimdelta.de\/aid\/wp-content\/uploads\/autogerecht-768x1023.jpg 768w, https:\/\/www.ateliersimdelta.de\/aid\/wp-content\/uploads\/autogerecht-1153x1536.jpg 1153w, https:\/\/www.ateliersimdelta.de\/aid\/wp-content\/uploads\/autogerecht.jpg 1200w\" sizes=\"auto, (max-width: 706px) 89vw, (max-width: 767px) 82vw, 740px\" \/><\/figure>\n\n\n\n<figure class=\"wp-block-image size-large\"><img loading=\"lazy\" decoding=\"async\" width=\"768\" height=\"1024\" data-id=\"1112\" src=\"https:\/\/www.ateliersimdelta.de\/aid\/wp-content\/uploads\/maedchenname-768x1024.jpg\" alt=\"\" class=\"wp-image-1112\" srcset=\"https:\/\/www.ateliersimdelta.de\/aid\/wp-content\/uploads\/maedchenname-768x1024.jpg 768w, https:\/\/www.ateliersimdelta.de\/aid\/wp-content\/uploads\/maedchenname-225x300.jpg 225w, https:\/\/www.ateliersimdelta.de\/aid\/wp-content\/uploads\/maedchenname-1152x1536.jpg 1152w, https:\/\/www.ateliersimdelta.de\/aid\/wp-content\/uploads\/maedchenname.jpg 1200w\" sizes=\"auto, (max-width: 706px) 89vw, (max-width: 767px) 82vw, 740px\" \/><\/figure>\n\n\n\n<figure class=\"wp-block-image size-large\"><img loading=\"lazy\" decoding=\"async\" width=\"768\" height=\"1024\" data-id=\"1105\" src=\"https:\/\/www.ateliersimdelta.de\/aid\/wp-content\/uploads\/deltafunktion-768x1024.jpg\" alt=\"\" class=\"wp-image-1105\" srcset=\"https:\/\/www.ateliersimdelta.de\/aid\/wp-content\/uploads\/deltafunktion-768x1024.jpg 768w, https:\/\/www.ateliersimdelta.de\/aid\/wp-content\/uploads\/deltafunktion-225x300.jpg 225w, https:\/\/www.ateliersimdelta.de\/aid\/wp-content\/uploads\/deltafunktion-1152x1536.jpg 1152w, https:\/\/www.ateliersimdelta.de\/aid\/wp-content\/uploads\/deltafunktion.jpg 1200w\" sizes=\"auto, (max-width: 706px) 89vw, (max-width: 767px) 82vw, 740px\" \/><\/figure>\n\n\n\n<figure class=\"wp-block-image size-large\"><img loading=\"lazy\" decoding=\"async\" width=\"1024\" height=\"1024\" data-id=\"1108\" src=\"https:\/\/www.ateliersimdelta.de\/aid\/wp-content\/uploads\/From-Darkness-Into-Silence-1024x1024.jpg\" alt=\"\" class=\"wp-image-1108\" srcset=\"https:\/\/www.ateliersimdelta.de\/aid\/wp-content\/uploads\/From-Darkness-Into-Silence-1024x1024.jpg 1024w, https:\/\/www.ateliersimdelta.de\/aid\/wp-content\/uploads\/From-Darkness-Into-Silence-300x300.jpg 300w, https:\/\/www.ateliersimdelta.de\/aid\/wp-content\/uploads\/From-Darkness-Into-Silence-150x150.jpg 150w, https:\/\/www.ateliersimdelta.de\/aid\/wp-content\/uploads\/From-Darkness-Into-Silence-768x768.jpg 768w, https:\/\/www.ateliersimdelta.de\/aid\/wp-content\/uploads\/From-Darkness-Into-Silence-100x100.jpg 100w, https:\/\/www.ateliersimdelta.de\/aid\/wp-content\/uploads\/From-Darkness-Into-Silence.jpg 1200w\" sizes=\"auto, (max-width: 706px) 89vw, (max-width: 767px) 82vw, 740px\" \/><\/figure>\n<\/figure>\n\n\n\n<h3 class=\"wp-block-heading\">AiD Galerie \u2013 Auftritte als Produzentengalerie<\/h3>\n\n\n\n<p>Da viele etablierte Galeristen zun\u00e4chst zwei bis drei Jahre abwarten, um die Entwicklung junger K\u00fcnstlerinnen und K\u00fcnstler nach dem Hochschulabschluss zu beobachten, ist es f\u00fcr Absolventinnen und Absolventen oft schwierig, erste Erfahrungen auf dem Kunstmarkt zu sammeln.<\/p>\n\n\n\n<p>Die&nbsp;<strong>AiD Galerie<\/strong>&nbsp;\u00fcbernimmt daher auch die Rolle einer&nbsp;<strong>Produzentengalerie<\/strong>. Sie bietet jungen K\u00fcnstlerinnen und K\u00fcnstlern eine Plattform, um erste Ausstellungserfahrungen zu sammeln und sich auf Kunstmessen zu pr\u00e4sentieren.<\/p>\n\n\n\n<p>Da viele etablierte Galeristen zwei bis drei Jahre warten wollen, um zu sehen, wie sich junge K\u00fcnstler nach ihrem Hochschuldiplom entwickeln, ist es f\u00fcr Hochschulabsolventen schwer am Kunstmarkt erste Erfahrungen zu sammeln. Die Ateliers im Delta treten deshalb quasi als Produzentengalerie auf bieten die n\u00f6tige Plattform, um erste Erfahrungen auf dem Ausstellungsparkett und auf Kunstmessen zu sammeln.<\/p>\n\n\n\n<p><\/p>\n","protected":false},"excerpt":{"rendered":"<p>Produktion &amp; Verlag \u2013 Qualit\u00e4t f\u00fcr die Kunst Dank unserer eigenen Werkst\u00e4tten f\u00fcr Druckvorbereitung, hochwertigen Kunstdruck und Rahmung k\u00f6nnen wir K\u00fcnstlerinnen und K\u00fcnstler umfassend bei der professionellen Aufbereitung ihrer Werke unterst\u00fctzen. Viele von ihnen h\u00e4tten ohne diese Infrastruktur keinen Zugang zur vom Kunstmarkt geforderten&nbsp;Museumsqualit\u00e4t&nbsp;\u2013 wir machen sie m\u00f6glich. Im Rahmen unseres&nbsp;AiD Verlags&nbsp;ver\u00f6ffentlichen wir: Unsere verlegerische &hellip; <\/p>\n<p class=\"link-more\"><a href=\"https:\/\/www.ateliersimdelta.de\/aid\/kunstmessen\/\" class=\"more-link\"><span class=\"screen-reader-text\">\u201eAuflagenkunst herausgeben und Verleger sein\u201c<\/span> weiterlesen<\/a><\/p>\n","protected":false},"author":4,"featured_media":926,"parent":0,"menu_order":0,"comment_status":"closed","ping_status":"closed","template":"","meta":{"footnotes":""},"class_list":["post-919","page","type-page","status-publish","has-post-thumbnail","hentry"],"_links":{"self":[{"href":"https:\/\/www.ateliersimdelta.de\/aid\/wp-json\/wp\/v2\/pages\/919","targetHints":{"allow":["GET"]}}],"collection":[{"href":"https:\/\/www.ateliersimdelta.de\/aid\/wp-json\/wp\/v2\/pages"}],"about":[{"href":"https:\/\/www.ateliersimdelta.de\/aid\/wp-json\/wp\/v2\/types\/page"}],"author":[{"embeddable":true,"href":"https:\/\/www.ateliersimdelta.de\/aid\/wp-json\/wp\/v2\/users\/4"}],"replies":[{"embeddable":true,"href":"https:\/\/www.ateliersimdelta.de\/aid\/wp-json\/wp\/v2\/comments?post=919"}],"version-history":[{"count":1,"href":"https:\/\/www.ateliersimdelta.de\/aid\/wp-json\/wp\/v2\/pages\/919\/revisions"}],"predecessor-version":[{"id":1223,"href":"https:\/\/www.ateliersimdelta.de\/aid\/wp-json\/wp\/v2\/pages\/919\/revisions\/1223"}],"wp:featuredmedia":[{"embeddable":true,"href":"https:\/\/www.ateliersimdelta.de\/aid\/wp-json\/wp\/v2\/media\/926"}],"wp:attachment":[{"href":"https:\/\/www.ateliersimdelta.de\/aid\/wp-json\/wp\/v2\/media?parent=919"}],"curies":[{"name":"wp","href":"https:\/\/api.w.org\/{rel}","templated":true}]}}