{"id":982,"date":"2022-07-20T13:32:32","date_gmt":"2022-07-20T11:32:32","guid":{"rendered":"https:\/\/www.ateliersimdelta.de\/aid\/?page_id=982"},"modified":"2023-06-04T12:42:47","modified_gmt":"2023-06-04T10:42:47","slug":"kunst-foerdern-und-foerderer-sein","status":"publish","type":"page","link":"https:\/\/www.ateliersimdelta.de\/aid\/kunst-foerdern-und-foerderer-sein\/","title":{"rendered":"Kunst f\u00f6rdern und F\u00f6rderer sein"},"content":{"rendered":"<div class=\"wp-block-image\">\n<figure class=\"alignleft size-thumbnail\"><img loading=\"lazy\" decoding=\"async\" width=\"150\" height=\"150\" src=\"https:\/\/www.ateliersimdelta.de\/aid\/wp-content\/uploads\/Markensymbol-grau-150x150.jpg\" alt=\"\" class=\"wp-image-983\" srcset=\"https:\/\/www.ateliersimdelta.de\/aid\/wp-content\/uploads\/Markensymbol-grau-150x150.jpg 150w, https:\/\/www.ateliersimdelta.de\/aid\/wp-content\/uploads\/Markensymbol-grau-300x300.jpg 300w, https:\/\/www.ateliersimdelta.de\/aid\/wp-content\/uploads\/Markensymbol-grau-100x100.jpg 100w, https:\/\/www.ateliersimdelta.de\/aid\/wp-content\/uploads\/Markensymbol-grau.jpg 500w\" sizes=\"auto, (max-width: 150px) 100vw, 150px\" \/><\/figure><\/div>\n\n\n<p>Wir f\u00f6rdern  K\u00fcnstlerinnen und K\u00fcnstler bereits w\u00e4hrend ihres Studiums. Die Vergabe von Preisen f\u00fcr k\u00fcnstlerische Fotografie auf den j\u00e4hrlichen Rundg\u00e4ngen von Kunsthochschulen bildet dabei einen Schwerpunkt. Ziel der F\u00f6rderung ist es,  nicht nur die K\u00fcnstlerinnen und K\u00fcnstler, sondern auch die k\u00fcnstlerische Fotografie \u00fcber die verschiedenen Klassen der Kunsthochschulen hinweg zu f\u00f6rdern und f\u00fcr ein kreatives Klima zu sorgen, in dem die K\u00fcnstlerinnen und K\u00fcnstler zusammen mit ihrer Fotografie gedeihen k\u00f6nnen. In einem solchen Klima kann die Vielfalt der Wege aufgezeigt werden, die nebeneinander in die Zukunft der Kunst und der Fotografie f\u00fchren.<\/p>\n\n\n\n<!--more-->\n\n\n\n<h2 class=\"wp-block-heading\">F\u00f6rderpreise<\/h2>\n\n\n\n<p>Auf dem Rundgang der Kunsthochschule Mainz wurde zum ersten Mal der von uns gestiftete Hochschulpreis vergeben. Von der Kunsthochschule haben wir folgendes Feedback erhalten, \u00fcber das wir uns sehr freuen:<\/p>\n\n\n\n<p><strong>Kunsthochschule Mainz: Verleihung Rundgangspreise Fotografie Ateliers im Delta (AiD)<\/strong><\/p>\n\n\n\n<p>Erstmalig wurden am 14.7.22 zum Rundgang an der Kunsthochschule Mainz zwei Preise f\u00fcr Fotografie verliehen, jeweils dotiert mit 1000 \u20ac. Der Preis richtet sich an Studierende, die mit Fotografie, auch in einem erweiterten k\u00fcnstlerischen Medienverst\u00e4ndnis, arbeiten. Preistr\u00e4gerinnen sind Hetty Hollm aus der Klasse Judith Samen und Charlotte Klinger aus der Klasse Tamara Grcic.<\/p>\n\n\n\n<p>Die Initiative Ateliers im Delta (AiD) von Hannah Moser und Ralf Jochen Moser aus Mannheim hat mit diesen Preisen ein weiteres Kapitel in ihrem&nbsp;&nbsp;F\u00f6rderprogramm f\u00fcr junge K\u00fcnstlerInnen aufgeschlagen. Bisher gibt AiD handgefertigte K\u00fcnstlerb\u00fccher und hochwertige Editionen f\u00fcr junge, mit Fotografie arbeitende Bildende K\u00fcnstlerInnen heraus, bewirbt und vertreibt diese auf Messen und veranstaltet Ausstellungen. Die Kunsthochschule Mainz ist sehr gl\u00fccklich \u00fcber diese neue Kooperation.<\/p>\n\n\n\n<p>Ateliers im Delta, Hannah Moser und Ralf Jochen Moser, erkl\u00e4ren dazu Folgendes:<\/p>\n\n\n\n<p>&#8220;Wir f\u00f6rdern K\u00fcnstlerinnen und K\u00fcnstler bereits w\u00e4hrend ihres Studiums. Die Vergabe von Preisen f\u00fcr k\u00fcnstlerische Fotografie auf den j\u00e4hrlichen Rundg\u00e4ngen von Kunsthochschulen bildet dabei einen Schwerpunkt. Ziel der F\u00f6rderung ist es, nicht nur die K\u00fcnstlerinnen und K\u00fcnstler, sondern auch die k\u00fcnstlerische Fotografie \u00fcber die verschiedenen Klassen der Kunsthochschulen hinweg zu f\u00f6rdern und f\u00fcr ein kreatives Klima zu sorgen, in dem die K\u00fcnstlerinnen und K\u00fcnstler zusammen mit ihrer Fotografie gedeihen k\u00f6nnen. In einem solchen Klima kann die Vielfalt der Wege aufgezeigt werden, die nebeneinander in die Zukunft der Kunst und der Fotografie f\u00fchren.&#8221;<\/p>\n\n\n\n<h2 class=\"wp-block-heading\">F\u00f6rderung von Projekten<\/h2>\n\n\n\n<p>Wir f\u00f6rdern auch Projekte von jungen K\u00fcnstlern und sammeln Spenden. <\/p>\n\n\n\n<p>2023 unterst\u00fctzt die Ateliers im Delta (AiD) gGmbH den K\u00fcnstler Paul Pape dabei, seine selbst gebaute Tanzkamera in Kopenhagen auf dem Fotofestival einem internationalen Publikum zu pr\u00e4sentieren. Die Tanzkamera zeichnet die Bewegungen von T\u00e4nzer*innen auf, dadurch entstehen in der Performance zu Livemusik die Tanzbilder.<\/p>\n\n\n\n<p><a href=\"https:\/\/www.paypal.com\/donate?campaign_id=C3FHZKSZASNGJ&amp;source=qr\" data-type=\"URL\" data-id=\"https:\/\/www.paypal.com\/donate?campaign_id=C3FHZKSZASNGJ&amp;source=qr\">Hier k\u00f6nnen sie via Paypal spenden<\/a><\/p>\n\n\n\n<p><a href=\"https:\/\/tanzkamera.com\/\" data-type=\"URL\" data-id=\"https:\/\/tanzkamera.com\/\">Hier finden Sie weitere Informationen zur Tanzkamera<\/a><\/p>\n\n\n\n<figure class=\"wp-block-image size-large\"><img loading=\"lazy\" decoding=\"async\" width=\"768\" height=\"1024\" src=\"https:\/\/www.ateliersimdelta.de\/aid\/wp-content\/uploads\/76aca8bd-e627-4e91-94a1-c2c2c6bd911e-768x1024.jpg\" alt=\"\" class=\"wp-image-1142\" srcset=\"https:\/\/www.ateliersimdelta.de\/aid\/wp-content\/uploads\/76aca8bd-e627-4e91-94a1-c2c2c6bd911e-768x1024.jpg 768w, https:\/\/www.ateliersimdelta.de\/aid\/wp-content\/uploads\/76aca8bd-e627-4e91-94a1-c2c2c6bd911e-225x300.jpg 225w, https:\/\/www.ateliersimdelta.de\/aid\/wp-content\/uploads\/76aca8bd-e627-4e91-94a1-c2c2c6bd911e-1152x1536.jpg 1152w, https:\/\/www.ateliersimdelta.de\/aid\/wp-content\/uploads\/76aca8bd-e627-4e91-94a1-c2c2c6bd911e.jpg 1536w\" sizes=\"auto, (max-width: 706px) 89vw, (max-width: 767px) 82vw, 740px\" \/><figcaption>Generalprobe<\/figcaption><\/figure>\n\n\n\n<p>Weitere Info:<\/p>\n\n\n\n<figure class=\"wp-block-embed is-type-wp-embed is-provider-ateliers-im-delta wp-block-embed-ateliers-im-delta\"><div class=\"wp-block-embed__wrapper\">\n<blockquote class=\"wp-embedded-content\" data-secret=\"xHf2pN05kT\"><a href=\"https:\/\/www.ateliersimdelta.de\/aid\/\">Ateliers im Delta<\/a><\/blockquote><iframe loading=\"lazy\" class=\"wp-embedded-content\" sandbox=\"allow-scripts\" security=\"restricted\" style=\"position: absolute; clip: rect(1px, 1px, 1px, 1px);\" title=\"&#8222;Ateliers im Delta&#8220; &#8212; Ateliers im Delta\" src=\"https:\/\/www.ateliersimdelta.de\/aid\/embed\/#?secret=pXh1bFyopj#?secret=xHf2pN05kT\" data-secret=\"xHf2pN05kT\" width=\"525\" height=\"296\" frameborder=\"0\" marginwidth=\"0\" marginheight=\"0\" scrolling=\"no\"><\/iframe>\n<\/div><\/figure>\n\n\n\n<p>Um unser Engagement im Bereich der F\u00f6rderung von Kunst und Kultur weitertreiben zu k\u00f6nnen, haben wir die Ateliers Im Delta (AiD) gGmbH gegr\u00fcndet. <\/p>\n","protected":false},"excerpt":{"rendered":"<p>Wir f\u00f6rdern K\u00fcnstlerinnen und K\u00fcnstler bereits w\u00e4hrend ihres Studiums. Die Vergabe von Preisen f\u00fcr k\u00fcnstlerische Fotografie auf den j\u00e4hrlichen Rundg\u00e4ngen von Kunsthochschulen bildet dabei einen Schwerpunkt. Ziel der F\u00f6rderung ist es, nicht nur die K\u00fcnstlerinnen und K\u00fcnstler, sondern auch die k\u00fcnstlerische Fotografie \u00fcber die verschiedenen Klassen der Kunsthochschulen hinweg zu f\u00f6rdern und f\u00fcr ein kreatives &hellip; <\/p>\n<p class=\"link-more\"><a href=\"https:\/\/www.ateliersimdelta.de\/aid\/kunst-foerdern-und-foerderer-sein\/\" class=\"more-link\"><span class=\"screen-reader-text\">\u201eKunst f\u00f6rdern und F\u00f6rderer sein\u201c<\/span> weiterlesen<\/a><\/p>\n","protected":false},"author":4,"featured_media":990,"parent":0,"menu_order":0,"comment_status":"closed","ping_status":"closed","template":"","meta":{"footnotes":""},"class_list":["post-982","page","type-page","status-publish","has-post-thumbnail","hentry"],"_links":{"self":[{"href":"https:\/\/www.ateliersimdelta.de\/aid\/wp-json\/wp\/v2\/pages\/982","targetHints":{"allow":["GET"]}}],"collection":[{"href":"https:\/\/www.ateliersimdelta.de\/aid\/wp-json\/wp\/v2\/pages"}],"about":[{"href":"https:\/\/www.ateliersimdelta.de\/aid\/wp-json\/wp\/v2\/types\/page"}],"author":[{"embeddable":true,"href":"https:\/\/www.ateliersimdelta.de\/aid\/wp-json\/wp\/v2\/users\/4"}],"replies":[{"embeddable":true,"href":"https:\/\/www.ateliersimdelta.de\/aid\/wp-json\/wp\/v2\/comments?post=982"}],"version-history":[{"count":2,"href":"https:\/\/www.ateliersimdelta.de\/aid\/wp-json\/wp\/v2\/pages\/982\/revisions"}],"predecessor-version":[{"id":1227,"href":"https:\/\/www.ateliersimdelta.de\/aid\/wp-json\/wp\/v2\/pages\/982\/revisions\/1227"}],"wp:featuredmedia":[{"embeddable":true,"href":"https:\/\/www.ateliersimdelta.de\/aid\/wp-json\/wp\/v2\/media\/990"}],"wp:attachment":[{"href":"https:\/\/www.ateliersimdelta.de\/aid\/wp-json\/wp\/v2\/media?parent=982"}],"curies":[{"name":"wp","href":"https:\/\/api.w.org\/{rel}","templated":true}]}}