{"id":1103,"date":"2024-02-26T11:07:45","date_gmt":"2024-02-26T10:07:45","guid":{"rendered":"https:\/\/www.ateliersimdelta.de\/giftbox\/?page_id=1103"},"modified":"2024-07-06T13:13:40","modified_gmt":"2024-07-06T11:13:40","slug":"aid-art-m","status":"publish","type":"page","link":"https:\/\/www.ateliersimdelta.de\/giftbox\/aid-art-m\/","title":{"rendered":"AiD Art M 2024"},"content":{"rendered":"\n<p><strong>Die AiD ART M ist die Kunstmesse der Ateliers im Delta, bei der ein Anteil der Erl\u00f6se an die gemeinn\u00fctzige Ateliers im Delta (AiD) gGmbH geht. Die Erl\u00f6se tragen insbesondere dazu bei, K\u00fcnstlerinnen und K\u00fcnstler in ihrer Entwicklung im \u00d6kosystem der Kunst zu f\u00f6rdern. Die Messe soll in den kommenden Jahren in die gesamte Metropolregion Rhein-Neckar hineinwachsen. Sie bietet eine Plattform, auf der sich K\u00fcnstler, Kunstsammler, Kunstf\u00f6rderer, Kunstkritiker, Kunstwissenschaftler, Kuratoren, Kunsth\u00e4ndler, Galeristen und Kunstinteressierte \u00fcber zeitgen\u00f6ssische Kunst austauschen k\u00f6nnen. <\/strong><\/p>\n\n\n\n<p><strong>Veranstaltungsort:<\/strong> Raum S4,17 Mannheim ( ehemalige Stadtgalerie)<br><strong>Regul\u00e4re \u00d6ffnungszeiten: <\/strong>&nbsp;6.7.-4.8. jeweils Freitag von 16-21 Uhr, Samstag &nbsp;und Sonntag von 11-19 Uhr&nbsp;<\/p>\n\n\n\n<p><strong>Anfahrt: <\/strong>Parkpl\u00e4tze lassen sich am leichtesten in den zu S4 nahegelegenen Parkh\u00e4usern in R5, S6 und Q6 finden. Die Stra\u00dfenbahn-Haltestellen Strohmarkt (Planken) und Marktplatz (Breite Stra\u00dfe) sind ca. 4 Gehminuten \/ 300 Meter entfernt.<\/p>\n\n\n\n<p><strong>Eingang:<\/strong> Der Eingang zur Halle liegt in der Einfahrt zu <a href=\"https:\/\/maps.app.goo.gl\/QUpPZLrEdyAA8vjb6\">S4 22<\/a>. <\/p>\n\n\n\n<figure class=\"wp-block-image size-large\"><img loading=\"lazy\" decoding=\"async\" width=\"2700\" height=\"1800\" src=\"https:\/\/www.ateliersimdelta.de\/giftbox\/wp-content\/uploads\/DSC0189-2700x1800.jpg\" alt=\"\" class=\"wp-image-1692\" srcset=\"https:\/\/www.ateliersimdelta.de\/giftbox\/wp-content\/uploads\/DSC0189-2700x1800.jpg 2700w, https:\/\/www.ateliersimdelta.de\/giftbox\/wp-content\/uploads\/DSC0189-1800x1200.jpg 1800w, https:\/\/www.ateliersimdelta.de\/giftbox\/wp-content\/uploads\/DSC0189-150x100.jpg 150w, https:\/\/www.ateliersimdelta.de\/giftbox\/wp-content\/uploads\/DSC0189-768x512.jpg 768w, https:\/\/www.ateliersimdelta.de\/giftbox\/wp-content\/uploads\/DSC0189-1536x1024.jpg 1536w, https:\/\/www.ateliersimdelta.de\/giftbox\/wp-content\/uploads\/DSC0189-2048x1365.jpg 2048w\" sizes=\"auto, (max-width: 706px) 89vw, (max-width: 767px) 82vw, 740px\" \/><\/figure>\n\n\n\n<h2 class=\"wp-block-heading\">RAHMENPROGRAM | SPECIAL EVENTS<\/h2>\n\n\n\n<p><strong>DO 04.07.<\/strong>, &nbsp;18:30 &nbsp;Preview f\u00fcr Presse und geladene G\u00e4ste<\/p>\n\n\n\n<p><strong>FR 05.07.<\/strong>, 18:30 Er\u00f6ffnung der Messe. <\/p>\n\n\n\n<p><strong>SO 07.07<\/strong>,, 11:00 <strong>Talk Fotografie mit Prof. Dr. Claude Sui<\/strong> vom Reiss Engelhorn Museum, in dem wir die fotografischen Positionen, die sich auf der Messe finden, besprechen.<br><strong>SO 07.07<\/strong>, 15 Uhr <strong>Podiumsdiskussion zur Entwicklung des Kunstmarktes<\/strong> mit dem Rektor der Kunsthochschule Mainz <strong>Martin Henatsch<\/strong>, dem Galeristen <strong>Thomas Hoffmann<\/strong> aus M\u00fcnster, dem K\u00fcnstler und Philosophen <strong>Paul Hirsch<\/strong> sowie <strong>Ralf Moser<\/strong> von den Ateliers im Delta.<\/p>\n\n\n\n<p><strong>SO 21.07.<\/strong>, 15 Uhr <strong>Performance \u201eTanzkamera&#8220; von Paul Pape<\/strong>.<\/p>\n\n\n\n<p>Das vollst\u00e4ndige Rahmenprogramm mit weiteren Informationen \u00fcber alle Events auf der Messe finden sie hier: <a href=\"https:\/\/www.ateliersimdelta.de\/giftbox\/aid-art-m-2024-rahmenprogram-special-events\/\">AiD ART M 2024 | Rahmenprogram<\/a><\/p>\n\n\n\n<h2 class=\"wp-block-heading\">AiD ART M<\/h2>\n\n\n\n<figure class=\"wp-block-image size-large\"><img loading=\"lazy\" decoding=\"async\" width=\"2700\" height=\"1800\" src=\"https:\/\/www.ateliersimdelta.de\/giftbox\/wp-content\/uploads\/DSC0191-2700x1800.jpg\" alt=\"\" class=\"wp-image-1694\" srcset=\"https:\/\/www.ateliersimdelta.de\/giftbox\/wp-content\/uploads\/DSC0191-2700x1800.jpg 2700w, https:\/\/www.ateliersimdelta.de\/giftbox\/wp-content\/uploads\/DSC0191-1800x1200.jpg 1800w, https:\/\/www.ateliersimdelta.de\/giftbox\/wp-content\/uploads\/DSC0191-150x100.jpg 150w, https:\/\/www.ateliersimdelta.de\/giftbox\/wp-content\/uploads\/DSC0191-768x512.jpg 768w, https:\/\/www.ateliersimdelta.de\/giftbox\/wp-content\/uploads\/DSC0191-1536x1024.jpg 1536w, https:\/\/www.ateliersimdelta.de\/giftbox\/wp-content\/uploads\/DSC0191-2048x1365.jpg 2048w\" sizes=\"auto, (max-width: 706px) 89vw, (max-width: 767px) 82vw, 740px\" \/><\/figure>\n\n\n\n<p>Das Besondere der AiD ART M ist zum einen, dass sie viele Arbeiten von K\u00fcnstlern zeigt, die bereits F\u00f6rderungen, Kunstpreise und Rundgangspreise der gemeinn\u00fctzigen Ateliers im Delta (AiD) gGmbH erhalten haben, und zum anderen, dass die Kunstmesse und die ausstellenden K\u00fcnstler mit jedem Verkauf zuk\u00fcnftige F\u00f6rderungen und Kunstpreise mitfinanzieren. Besucher der Messe k\u00f6nnen, indem sie auf der Messe Kunst kaufen oder Geld spenden, daf\u00fcr sorgen, dass zuk\u00fcnftig mehr Kunsthochschulen und mehr K\u00fcnstler gef\u00f6rdert werden und dass die Messe in den kommenden Jahren wachsen kann.<\/p>\n\n\n\n<p>Die Messe wird von Thomas Hoffmann von der Overhead Galerie sowie Hannah und Ralf Moser von den Ateliers im Delta kuratiert. Auf der AiD ART M wird dem Publikum eine einzigartige Mischung von herausragenden K\u00fcnstlerinnen und K\u00fcnstlern der Overhead Galerie und der Ateliers im Delta pr\u00e4sentiert. Das Spektrum umfasst K\u00fcnstlerinnen und K\u00fcnstler, die frisch von der Hochschule kommen, die in der Region gut bekannt oder die bereits in die internationale Spitze des Kunstmarktes vorgedrungen sind. Die K\u00fcnstler der Overhead Galerie sind m\u00f6glicherweise von den regelm\u00e4\u00dfigen Auftritten der Galerie auf der ART Karlsruhe bekannt. <\/p>\n\n\n\n<p>Auf der AiD ART M finden sie Arbeiten folgender K\u00fcnstlerinnen und K\u00fcnstler: Mattania B\u00f6siger, Daria Dobro, Sabine Endres, Isabelle Faragallah, Bettina Hachmann, Gisela Hachmann-Ruch, Bahram Hajou, Paul Hirsch, Jens Hotzel, Gerhard Kilger, Philipp Liehr, Valentina Jaff\u00e9, Hannah Moser, Ralf Jochen Moser, Wolf M\u00fcnninghoff, Dieter Nusbaum, Jessen Oestergaard, Paul Pape, Jaana Rau, Judith Samen, Bj\u00f6rn Ruppert, Simone van de Loo, G\u00fcnther Wilhelm, Thomas Wunsch. <br>In unserer K\u00fcnstlerliste finden sie eine kurze Charakterisierung der K\u00fcnstler, Links zu den auf der AiD ART M angebotenen Arbeiten und Links mit mehr Informationen \u00fcber die K\u00fcnstler: <a href=\"https:\/\/www.ateliersimdelta.de\/giftbox\/aid-art-m-2024-kuenstlerinnen-und-kuenstlerliste\/\">K\u00fcnstlerliste der ART M 2024<\/a><\/p>\n\n\n\n<p>Die Bandbreite der Messe spannt einen Bogen von Unikaten zu Auflagenkunst und zeigt mehrere Arbeiten, bei denen Unikate der Ausgangspunkt und nicht der Endpunkt der k\u00fcnstlerischen Arbeit darstellen. Die Kunstgattungen reichen von den klassischen Medien der Malerei und Bildhauerei bis hin zu den neuen Medien, die auf der Basis von fotografischen Verfahren Auflagenkunst hervorbringen. Ein wichtiger Fokus, den die AiD ART M setzen will, ist, dass sie Trends aufzeigt, in welche Richtungen sich junge K\u00fcnstler verschiedener Kunsthochschulen mit ihrer Kunst auf den Weg machen, um ins \u00d6kosystem der etablierten Kunst hineinzuwachsen.<\/p>\n\n\n\n<p>Auf der AiD ART M lassen sich bezahlbare Kunstwerke, fast unbezahlbare Kunstsch\u00e4tze, kleine Formate und gro\u00dfe Formate finden, die entsprechend gro\u00dfe R\u00e4ume erfordern. Egal, ob sie Kunst f\u00fcr Ihr Zuhause, f\u00fcr Ihre private Sammlung oder die Sammlung eines Museums suchen: wir haben genau das Richtige f\u00fcr sie. Auf der AiD ART M haben Kunstinteressierte viele M\u00f6glichkeiten Kunst zu f\u00f6rdern: durch ihr Interesse, durch ihr Feedback, durch eine Spende oder durch einen Kauf.<\/p>\n","protected":false},"excerpt":{"rendered":"<p>Die AiD ART M ist die Kunstmesse der Ateliers im Delta, bei der ein Anteil der Erl\u00f6se an die gemeinn\u00fctzige Ateliers im Delta (AiD) gGmbH geht. Die Erl\u00f6se tragen insbesondere dazu bei, K\u00fcnstlerinnen und K\u00fcnstler in ihrer Entwicklung im \u00d6kosystem der Kunst zu f\u00f6rdern. Die Messe soll in den kommenden Jahren in die gesamte Metropolregion &hellip; <\/p>\n<p class=\"link-more\"><a href=\"https:\/\/www.ateliersimdelta.de\/giftbox\/aid-art-m\/\" class=\"more-link\"><span class=\"screen-reader-text\">\u201eAiD Art M 2024\u201c<\/span> weiterlesen<\/a><\/p>\n","protected":false},"author":1,"featured_media":1191,"parent":0,"menu_order":0,"comment_status":"closed","ping_status":"closed","template":"","meta":{"footnotes":""},"class_list":["post-1103","page","type-page","status-publish","has-post-thumbnail","hentry"],"_links":{"self":[{"href":"https:\/\/www.ateliersimdelta.de\/giftbox\/wp-json\/wp\/v2\/pages\/1103","targetHints":{"allow":["GET"]}}],"collection":[{"href":"https:\/\/www.ateliersimdelta.de\/giftbox\/wp-json\/wp\/v2\/pages"}],"about":[{"href":"https:\/\/www.ateliersimdelta.de\/giftbox\/wp-json\/wp\/v2\/types\/page"}],"author":[{"embeddable":true,"href":"https:\/\/www.ateliersimdelta.de\/giftbox\/wp-json\/wp\/v2\/users\/1"}],"replies":[{"embeddable":true,"href":"https:\/\/www.ateliersimdelta.de\/giftbox\/wp-json\/wp\/v2\/comments?post=1103"}],"version-history":[{"count":14,"href":"https:\/\/www.ateliersimdelta.de\/giftbox\/wp-json\/wp\/v2\/pages\/1103\/revisions"}],"predecessor-version":[{"id":1695,"href":"https:\/\/www.ateliersimdelta.de\/giftbox\/wp-json\/wp\/v2\/pages\/1103\/revisions\/1695"}],"wp:featuredmedia":[{"embeddable":true,"href":"https:\/\/www.ateliersimdelta.de\/giftbox\/wp-json\/wp\/v2\/media\/1191"}],"wp:attachment":[{"href":"https:\/\/www.ateliersimdelta.de\/giftbox\/wp-json\/wp\/v2\/media?parent=1103"}],"curies":[{"name":"wp","href":"https:\/\/api.w.org\/{rel}","templated":true}]}}