{"id":111,"date":"2017-01-01T13:49:08","date_gmt":"2017-01-01T12:49:08","guid":{"rendered":"http:\/\/www.ateliersimdelta.de\/giftbox\/?page_id=111"},"modified":"2019-01-04T17:44:57","modified_gmt":"2019-01-04T16:44:57","slug":"eden","status":"publish","type":"page","link":"https:\/\/www.ateliersimdelta.de\/giftbox\/eden\/","title":{"rendered":"Eden"},"content":{"rendered":"<p>Eden, ein Kunstprojekt der Ateliers im Delta, steht f\u00fcr die Sehnsucht nach dem verlorenen Paradies. \u00a0WOW hat es m\u00f6glich gemacht, dass Eden mit allen beteiligten K\u00fcnstlern in einer Ausstellung gezeigt werden kann. &#8222;Eden oder das verlorene Paradies&#8220; ist auch f\u00fcr die OFF\/\/FOTO 2017 gemeldet.<\/p>\n<div><i><img decoding=\"async\" class=\"alignleft\" src=\"https:\/\/stra.to\/ap\/cdGJYaUy\/s\/184adb938cceeea839e53487f1321106\/wow_logo.png?id=109971407\" alt=\"\" width=\"30%\" \/><\/i><br \/>\n<i><img decoding=\"async\" class=\"alignright\" src=\"https:\/\/stra.to\/ap\/cdGJYaUy\/s\/184adb938cceeea839e53487f1321106\/OFF-FOTO_2017_Logo_rgb.jpg?id=98278532\" alt=\"\" width=\"10%\" \/><\/i><\/div>\n<p><!--more--><\/p>\n<h2>Die Ausstellungen<\/h2>\n<p>Zu Eden gibt es Einzelausstellungen und eine Gruppenausstellung im Rahmen der WOW ART LU 2017 und der OFF\/\/FOTO 2017.\u00a0Die Gruppenausstellung\u00a0in Ludwigshafen wird von Ella Kehrer (Tudox) und Ralf Moser (Ateliers im Delta) kuratiert.<\/p>\n<h4>Britta Kirst \u2013 discount<\/h4>\n<div class=\"separator\"><img decoding=\"async\" class=\"alignleft\" src=\"https:\/\/www.ateliersimdelta.de\/giftbox\/wp-content\/uploads\/2017\/03\/Frank_Doppel.jpg\" alt=\"\" width=\"67%\" \/><br \/>\nIm klassischen Stillleben des 17.Jahrhundert waren Fr\u00fcchte vor allem exotische, teure Luxusg\u00fcter, die sich nur die Reichen leisten konnten. Im Paradies gab es sie als Nahrung f\u00fcr den Menschen im \u00dcberfluss. Heute gibt es sie wieder im \u00dcberfluss. Standardisiert und kosteng\u00fcnstig sind sie zu jeder Jahreszeit im Discounter verf\u00fcgbar. Ins Bewusstsein der Verbraucher dr\u00e4ngen sich vermehrt Fragen z.B. nach Herkunfts- und Transportbedingungen. \u201eDiscount\u201c hat ebenso die Bedeutung \u201eunber\u00fccksichtigt lassen\u201c und stellt die Fragen: \u201eInwieweit lassen sich \u00f6kologische Idealvorstellungen mit dem Alltag verbinden?\u201c und \u201eIst es \u2013 im Hinblick auf die Umwelt \u2013 das Paradies, immer alles zur Verf\u00fcgung zu haben?\u201c<\/div>\n<div>Ausstellungsbeschreibung <a href=\"https:\/\/www.ateliersimdelta.de\/giftbox\/ausstellung-discount-von-britta-kirst\/\">discount<\/a><\/div>\n<h4>Jaana Rau &#8211; Marionetten<\/h4>\n<div class=\"separator\" style=\"clear: both; text-align: justify;\"><img decoding=\"async\" class=\"alignleft\" src=\"https:\/\/stra.to\/ap\/cdGJYaUy\/s\/e86fb5f0132fd056f39063452e7f5ece\/Ausstellung%20Marionetten%201.jpg?id=107897677\" alt=\"\" width=\"67%\" \/>Meine Figuren tragen fast zuf\u00e4llig weibliche Z\u00fcge, manche eher zuf\u00e4llig m\u00e4nnliche und wieder andere wirken geschlechtslos. Ihr gemeinsames Schicksal ist der Flu\u00df der Zeit und des Lebens, der sie hervorbringt und der ihre K\u00f6rper deformiert, verformt und auf unz\u00e4hlige Arten ver\u00e4ndert; ein Flu\u00df, der ihnen ein groteskes und marionettenartiges Aussehen beschert. Die Figuren scheinen auf ein Leben zu warten, in dem weibliche oder m\u00e4nnliche Aspekte nicht mehr an das Geschlecht gebunden sind und das Geschlecht keinen Unterschied mehr macht.<\/div>\n<div class=\"separator\" style=\"clear: both; text-align: justify;\">Ausstellungsbeschreibung\u00a0<a href=\"https:\/\/www.ateliersimdelta.de\/giftbox\/ausstellung-marionetten-von-jaana-rau\/\">Marionetten<\/a><\/div>\n<h4>Eden oder das verlorene Paradies<\/h4>\n<div>\n<p>Eden, ein Kunstprojekt der Ateliers im Delta, steht fu\u0308r die Sehnsucht nach dem verlorenen Paradies.Die ku\u0308nstlerischen Statements der zw\u00f6lf beteiligten Ku\u0308nstler fu\u0308hren uns zuru\u0308ck zu den Anf\u00e4ngen der Menschheit: zu Adam, der gefu\u0308gigen Eva und der verfluchten Lilith, die vor Eva Adams erste Frau war. Es geht um Geschlechterrollen, Weiblichkeit, M\u00e4nnlichkeit, Projektionsfl\u00e4chen fu\u0308r unsere Sehnsu\u0308chte und das Versorgungsparadies des Abendlandes. Eden nimmt an der WOW ART LU 2017 und an der OFF\/\/FOTO 2017 teil.<\/p>\n<div><i><img decoding=\"async\" class=\"alignleft\" src=\"https:\/\/stra.to\/ap\/cdGJYaUy\/s\/184adb938cceeea839e53487f1321106\/wow_logo.png?id=109971407\" alt=\"\" width=\"30%\" \/><\/i><br \/>\n<i><img decoding=\"async\" class=\"alignright\" src=\"https:\/\/stra.to\/ap\/cdGJYaUy\/s\/184adb938cceeea839e53487f1321106\/OFF-FOTO_2017_Logo_rgb.jpg?id=98278532\" alt=\"\" width=\"10%\" \/><\/i><\/div>\n<div><\/div>\n<\/div>\n<div><\/div>\n<p><a href=\"https:\/\/www.ateliersimdelta.de\/giftbox\/eden-zieht-nach-ludwigshafen\/\">Ausstellungsbeschreibung<\/a><\/p>\n<h2>Wie ist das Eden Projekt entstanden?<\/h2>\n<p><a href=\"https:\/\/www.staedelmuseum.de\/de\/ausstellungen\/geschlechterkampf\">Die Ausstellung \u201eGeschlechterkampf\u201c<\/a>\u00a0im St\u00e4del Museum in Frankfurt hat uns f\u00fcr das erste Thema der Giftbox inspiriert. Der Kampf der im St\u00e4del gezeigt wird, h\u00e4ngt &#8211; wie die Kunst und die K\u00fcnstler &#8211; scheinbar hoffnungslos zwischen Gut und B\u00f6se fest. Salome, die sich den Kopf von Johannes dem T\u00e4ufer w\u00fcnscht, ist einer von vielen Mythen, welche die religi\u00f6sen Traditionen hervorgebracht haben, um uns den Verlust von Eden zu erkl\u00e4ren.<\/p>\n<p>Das Kunstprojekt Eden will sich von der Tradition des Kampfes l\u00f6sen. Eden ist nicht Kampf sondern Eden steht f\u00fcr die Sehnsucht nach einem\u00a0Paradies, einer besseren Welt oder einer gerechteren Gesellschaft und zwar f\u00fcr Frauen und M\u00e4nner. Eden kann als Garten, Paradies, urspr\u00fcngliche Kulturlandschaft, Avalon, Walhal, Oase oder Biotop in unsere Vorstellung treten. Aber selbst der sch\u00f6nste Garten l\u00f6st nicht die Probleme des Zusammenlebens.<\/p>\n<p>Eden ist deshalb mehr. In Eden steht der Baum der Erkenntnis von Gut und B\u00f6se. Seit wir die Fr\u00fcchte des Baumes genossen haben, k\u00f6nnen wir zwar zwischen Gut und B\u00f6se unterscheiden, aber aus dem Garten\u00a0Eden wurden wir vertrieben. Glaubt man unserer christlichen Tradition ist Eden f\u00fcr uns in diesem Leben nicht mehr erreichbar.<\/p>\n<p style=\"text-align: center;\">Ist Eden die Sehnsucht nach etwas, das es nicht gibt?<\/p>\n<p style=\"text-align: center;\">Liegt Eden jenseits von Gut und B\u00f6se?<\/p>\n<p style=\"text-align: center;\">&#8230;?<\/p>\n<p>Im christlichen Sinne ist Geschlechterkampf immer noch Kampf zwischen Gut und B\u00f6se, aber es ist heute\u00a0kein &#8222;Kampf&#8220; mehr, \u00a0der alleine zwischen den Geschlechtern\u00a0ausgetragen wird, sondern ein &#8222;Kampf&#8220; den beispielsweise radikale Feministinnen gegen spirituelle, sozialistische, anarchistische oder \u00f6kologische Feministinnen, wohlmeinende Sexisten gegen feindselige Sexisten, Machos gegen Softies, Weicheier und Frauenversteher, Maskuline gegen Feminine, Heterosexuelle gegen Schwulen, Lesben und Transsexuelle, Monogame gegen Polygame, Swinger, frei Liebende, \u00a0Polyamorie, One-Night-Stands und Prostitution f\u00fchren.<\/p>\n<p>Es ist kompliziert geworden. Wenn man es sich einfach macht, geht es darum, welche Rollen f\u00fcr M\u00e4nner, Frauen, etc. in einer freiheitlichen Gesellschaft gewollt, toleriert, geduldet oder verachtet werden. In der Kunst wird dieses Thema &#8211; wenn es um Frauen geht &#8211; meistens\u00a0mit klassischen Rollen (Mutter, Heilige, Hure oder R\u00e4cherin) abgehandelt. F\u00fcr M\u00e4nnerrollen interessiert sich ehedem keiner.<\/p>\n<p>Wenn wir an Eden denken, wollen wir nicht mehr an Kampf denken. Eden ist die Sehnsucht nach dem verlorenen Paradies, das jenseits von Gut und B\u00f6se liegt. Selbst wenn es Eden nicht gibt, suchen und begehren wir es wie den Frieden. Eden ist uns ein R\u00e4tsel, aber selbst, wenn wir die L\u00f6sung des R\u00e4tsels nicht kennen, k\u00f6nnen wir beschreiben, was wir von einer L\u00f6sung erwarten w\u00fcrden.<\/p>\n<p><strong>Toleranz<\/strong>: Eden ist kein Ort, an dem Mehrheiten auf Minderheiten herumhacken oder Minderheiten aus der Gesellschaft ausgesto\u00dfen werden.<\/p>\n<p><strong>Offene Gesellschaft<\/strong>: In Eden wird eine\u00a0offene Gesellschaft angestrebt.<\/p>\n<p><strong>Freiheit<\/strong>: Alle Menschen handeln als freie Menschen.<\/p>\n<p><strong>Chancengleichheit<\/strong>: In Eden stehen allen Menschen\u00a0prinzipiell die gleichen Chancen offen. Welche M\u00f6glichkeiten man in einem Lebensabschnitt hat, h\u00e4ngt aber auch von der eigenen Entwicklung, den eigenen Entscheidungen, den eigenen Handlungen und manchmal auch vom Gl\u00fcck ab.<\/p>\n<p><strong>Soziale Verantwortung der Gesellschaft<\/strong>: Niemand f\u00e4llt so hart, dass ihm die Gesellschaft nicht wieder aufhelfen kann.<\/p>\n<p><strong>&#8230;<\/strong><\/p>\n<p>Wir freuen uns, dass sich Petra Arnold, Markus Kaesler, Ella Kehrer, Britta Kirst, Valentina Jaff\u00e9, Marcela Garc\u00eda Marchant, Hannah Moser, Ralf Moser, Jaana Rau, roromo und Bj\u00f6rn Ruppert beteiligen. Von diesen K\u00fcnstlern werdet ihr hier bald Arbeiten sehen.<\/p>\n","protected":false},"excerpt":{"rendered":"<p>Eden, ein Kunstprojekt der Ateliers im Delta, steht f\u00fcr die Sehnsucht nach dem verlorenen Paradies. \u00a0WOW hat es m\u00f6glich gemacht, dass Eden mit allen beteiligten K\u00fcnstlern in einer Ausstellung gezeigt werden kann. &#8222;Eden oder das verlorene Paradies&#8220; ist auch f\u00fcr die OFF\/\/FOTO 2017 gemeldet.<\/p>\n","protected":false},"author":1,"featured_media":0,"parent":0,"menu_order":0,"comment_status":"closed","ping_status":"closed","template":"","meta":{"footnotes":""},"class_list":["post-111","page","type-page","status-publish","hentry"],"_links":{"self":[{"href":"https:\/\/www.ateliersimdelta.de\/giftbox\/wp-json\/wp\/v2\/pages\/111","targetHints":{"allow":["GET"]}}],"collection":[{"href":"https:\/\/www.ateliersimdelta.de\/giftbox\/wp-json\/wp\/v2\/pages"}],"about":[{"href":"https:\/\/www.ateliersimdelta.de\/giftbox\/wp-json\/wp\/v2\/types\/page"}],"author":[{"embeddable":true,"href":"https:\/\/www.ateliersimdelta.de\/giftbox\/wp-json\/wp\/v2\/users\/1"}],"replies":[{"embeddable":true,"href":"https:\/\/www.ateliersimdelta.de\/giftbox\/wp-json\/wp\/v2\/comments?post=111"}],"version-history":[{"count":40,"href":"https:\/\/www.ateliersimdelta.de\/giftbox\/wp-json\/wp\/v2\/pages\/111\/revisions"}],"predecessor-version":[{"id":601,"href":"https:\/\/www.ateliersimdelta.de\/giftbox\/wp-json\/wp\/v2\/pages\/111\/revisions\/601"}],"wp:attachment":[{"href":"https:\/\/www.ateliersimdelta.de\/giftbox\/wp-json\/wp\/v2\/media?parent=111"}],"curies":[{"name":"wp","href":"https:\/\/api.w.org\/{rel}","templated":true}]}}