{"id":1702,"date":"2025-03-06T17:40:09","date_gmt":"2025-03-06T16:40:09","guid":{"rendered":"https:\/\/www.ateliersimdelta.de\/giftbox\/?page_id=1702"},"modified":"2025-04-19T12:22:41","modified_gmt":"2025-04-19T10:22:41","slug":"zen-42","status":"publish","type":"page","link":"https:\/\/www.ateliersimdelta.de\/giftbox\/zen-42\/","title":{"rendered":"Zen 42"},"content":{"rendered":"\n<div class=\"wp-block-group alignfull is-style-section-5 has-white-color has-black-background-color has-text-color has-background has-link-color wp-elements-49219b196224dc74e06a3d7d4114fcd3\" style=\"margin-top:0;margin-bottom:0;padding-top:var(--wp--preset--spacing--50);padding-bottom:var(--wp--preset--spacing--50)\"><div class=\"wp-block-group__inner-container is-layout-constrained wp-block-group-is-layout-constrained\">\n<div class=\"wp-block-columns is-layout-flex wp-container-core-columns-is-layout-a2d7b65f wp-block-columns-is-layout-flex\">\n<div class=\"wp-block-column is-vertically-aligned-center is-layout-flow wp-block-column-is-layout-flow\" style=\"--col-width:50%;flex-basis:50%\">\n<figure class=\"wp-block-image size-full\"><a href=\"https:\/\/www.ateliersimdelta.de\/giftbox\/wp-content\/uploads\/Instagram-Beitrag-png7-scaled.png\"><img loading=\"lazy\" decoding=\"async\" width=\"2048\" height=\"2560\" src=\"https:\/\/www.ateliersimdelta.de\/giftbox\/wp-content\/uploads\/Instagram-Beitrag-png7-scaled.png\" alt=\"\" class=\"wp-image-1724\" srcset=\"https:\/\/www.ateliersimdelta.de\/giftbox\/wp-content\/uploads\/Instagram-Beitrag-png7-scaled.png 2048w, https:\/\/www.ateliersimdelta.de\/giftbox\/wp-content\/uploads\/Instagram-Beitrag-png7-960x1200.png 960w, https:\/\/www.ateliersimdelta.de\/giftbox\/wp-content\/uploads\/Instagram-Beitrag-png7-1440x1800.png 1440w, https:\/\/www.ateliersimdelta.de\/giftbox\/wp-content\/uploads\/Instagram-Beitrag-png7-120x150.png 120w, https:\/\/www.ateliersimdelta.de\/giftbox\/wp-content\/uploads\/Instagram-Beitrag-png7-768x960.png 768w, https:\/\/www.ateliersimdelta.de\/giftbox\/wp-content\/uploads\/Instagram-Beitrag-png7-1229x1536.png 1229w, https:\/\/www.ateliersimdelta.de\/giftbox\/wp-content\/uploads\/Instagram-Beitrag-png7-1638x2048.png 1638w\" sizes=\"auto, (max-width: 706px) 89vw, (max-width: 767px) 82vw, 740px\" \/><\/a><\/figure>\n\n\n\n<p class=\"has-text-align-right has-small-font-size\"><\/p>\n<\/div>\n\n\n\n<div class=\"wp-block-column is-vertically-aligned-top is-layout-flow wp-block-column-is-layout-flow\" style=\"--col-width:50%;flex-basis:50%\">\n<h2 class=\"wp-block-heading has-medium-font-size\">AiD ART M 2025 <\/h2>\n\n\n\n<p class=\"has-white-color has-text-color has-link-color has-medium-font-size wp-elements-be3c843a727b19fc8c30357bafc689a3\">Zen 42: Meditative Kunst<\/p>\n\n\n\n<p class=\"my-justify-class has-small-font-size\">Zur OFF\/\/FOTO 2025 stellen Isabelle Faragallah, Hannah Moser, Ralf Moser, Jessen Oestergaard und Thomas Wunsch ihre neuen Projekte anhand von Beispielen vor. Die Ausstellung wird aus alten und neuen Bild- und Bucheditionen der K\u00fcnstler kuratiert und enth\u00e4lt keine KI generierten Bilder &#8211; aber wir informieren sie gerne \u00fcber die M\u00f6glichkeiten mit KI Bilder zu generieren und zeigen ihnen Beispiele.<\/p>\n<\/div>\n<\/div>\n\n\n\n<p>In Zen 42 geht es um Kunst, die jeder in der Ausstellung f\u00fcr eigene (Zen) Meditationen kuratieren und zu Ende denken kann. Daf\u00fcr richten wir eine Kuratierungs- und Meditationsecke ein. <\/p>\n<\/div><\/div>\n\n\n\n<!--more-->\n\n\n\n<div class=\"wp-block-group alignfull is-style-section-5 has-black-color has-cyan-bluish-gray-background-color has-text-color has-background has-link-color wp-elements-f2de929d955b9e5ef3a726bf53bcf8c1\" style=\"margin-top:0;margin-bottom:0;padding-top:var(--wp--preset--spacing--50);padding-bottom:var(--wp--preset--spacing--50)\"><div class=\"wp-block-group__inner-container is-layout-constrained wp-block-group-is-layout-constrained\">\n<div class=\"wp-block-columns is-layout-flex wp-container-core-columns-is-layout-a2d7b65f wp-block-columns-is-layout-flex\">\n<div class=\"wp-block-column is-vertically-aligned-center is-layout-flow wp-block-column-is-layout-flow\" style=\"--col-width:50%;flex-basis:50%\">\n<figure class=\"wp-block-image size-full\"><a href=\"https:\/\/www.ateliersimdelta.de\/giftbox\/wp-content\/uploads\/Instagram-Beitrag-png2-scaled.png\"><img loading=\"lazy\" decoding=\"async\" width=\"2048\" height=\"2560\" src=\"https:\/\/www.ateliersimdelta.de\/giftbox\/wp-content\/uploads\/Instagram-Beitrag-png2-scaled.png\" alt=\"\" class=\"wp-image-1721\" srcset=\"https:\/\/www.ateliersimdelta.de\/giftbox\/wp-content\/uploads\/Instagram-Beitrag-png2-scaled.png 2048w, https:\/\/www.ateliersimdelta.de\/giftbox\/wp-content\/uploads\/Instagram-Beitrag-png2-960x1200.png 960w, https:\/\/www.ateliersimdelta.de\/giftbox\/wp-content\/uploads\/Instagram-Beitrag-png2-1440x1800.png 1440w, https:\/\/www.ateliersimdelta.de\/giftbox\/wp-content\/uploads\/Instagram-Beitrag-png2-120x150.png 120w, https:\/\/www.ateliersimdelta.de\/giftbox\/wp-content\/uploads\/Instagram-Beitrag-png2-768x960.png 768w, https:\/\/www.ateliersimdelta.de\/giftbox\/wp-content\/uploads\/Instagram-Beitrag-png2-1229x1536.png 1229w, https:\/\/www.ateliersimdelta.de\/giftbox\/wp-content\/uploads\/Instagram-Beitrag-png2-1638x2048.png 1638w\" sizes=\"auto, (max-width: 706px) 89vw, (max-width: 767px) 82vw, 740px\" \/><\/a><\/figure>\n\n\n\n<p class=\"has-text-align-right has-small-font-size\"><\/p>\n<\/div>\n\n\n\n<div class=\"wp-block-column is-vertically-aligned-top is-layout-flow wp-block-column-is-layout-flow\" style=\"--col-width:50%;flex-basis:50%\">\n<h1 class=\"wp-block-heading has-black-color has-text-color has-link-color has-large-font-size wp-elements-1759b80927d2852e6bc5ba5d4f140d2a\">Die Fotothek der inneren Gezeiten<\/h1>\n\n\n\n<p class=\"my-justify-class has-small-font-size\">Die Fotothek gleitet vom Innehalten auf Wellen durch Innen- und Au\u00dfenwelten zum Innehalten &#8211; immer auf der Suche nach Kostbarkeiten, inneren Formungen, fotografischen Findlingen, liebevollen Reduktionen, fotografischen Umarmungen, gesammelten Wesenheiten, Innerlichkeiten, Gegenw\u00e4rtigkeiten, BeFindlichkeiten und sp\u00fcrbaren Wandlungen. <\/p>\n\n\n\n<p class=\"my-justify-class has-small-font-size\">Aus der Fotothek der inneren Gezeiten ist 2024 unsere Buchedition &#8222;Innig&#8220; erschienen und 2025 gehen wir die zweite Buchedition &#8222;Stimmig&#8220;  an.  Geplant sind ein Fotobuch und weitere Bucheditionen, die zur Zeit die Arbeitstitel &#8222;D\u00fcnnh\u00e4utig&#8220;, &#8222;Mutig&#8220;, &#8222;Widerborstig&#8220;, &#8222;Selig&#8220;, und &#8222;W\u00fcrdig&#8220; tragen. Die sieben Befindlichkeiten sind ausgew\u00e4hlte Kostbarkeiten und Begleiter auf dem Weg durchs Leben. Sie helfen den eigenen Weg zu finden und ihn zu gehen, sie spenden Ruhe und k\u00f6nnen eine heilende Wirkung verstr\u00f6men, wenn wir sie zulassen und immer wieder Innehalten. <\/p>\n<\/div>\n<\/div>\n\n\n\n<p class=\"has-small-font-size\">Die Bilder der Mediathek der inneren Gezeiten laden sie immer wieder zu neuen, meditativen Gedankenexperimenten ein. Die einzelnen Bucheditionen setzen dabei verschiedene Schwerpunkte.<\/p>\n\n\n\n<h2 class=\"wp-block-heading\">Stimmig<\/h2>\n\n\n\n<p class=\"has-small-font-size\">Stimmig handelt vom Flie\u00dfen, Sch\u00e4umen und Erstarren, von W\u00e4rme und Eisesk\u00e4lte, von Schaum, vom Schweben, von der Leichtigkeit und ihrer N\u00e4he zur Traurigkeit. Und von den Wandlungen und Ver\u00e4nderungen im Fluss der Zeit, dem fragilen Gleichgewicht im Flie\u00dfen und den Kostbarkeiten Wasser und Luft. Das fragile Gleichgewicht im Flie\u00dfen l\u00e4sst uns sp\u00fcren, wieviel Schwerelosigkeit und Leichtigkeit wir gerade wollen. Es h\u00e4lt uns im Flow und im Fluss der Zwischenzust\u00e4nde.<\/p>\n\n\n\n<p class=\"has-small-font-size\">Die Bilder verstr\u00f6men eine meditative Melancholie, die zum Innehalten und Weiterschweben einladen. Wenn sie es zulassen, verstr\u00f6men sie eine heilende Wirkung. Das Besondere ist, dass weder die Heilung noch die Wirkung einen allgemeinen Weg beschreitet, sondern der Weg ist immer pers\u00f6nlich, individuell und meditativ.  <\/p>\n<\/div><\/div>\n\n\n\n<div class=\"wp-block-group alignfull is-style-section-5 has-white-color has-black-background-color has-text-color has-background has-link-color wp-elements-4ef9dd74f7d7654de1cb3b71a7074ef1\" style=\"margin-top:0;margin-bottom:0;padding-top:var(--wp--preset--spacing--50);padding-bottom:var(--wp--preset--spacing--50)\"><div class=\"wp-block-group__inner-container is-layout-constrained wp-block-group-is-layout-constrained\">\n<div class=\"wp-block-columns is-layout-flex wp-container-core-columns-is-layout-a2d7b65f wp-block-columns-is-layout-flex\">\n<div class=\"wp-block-column is-vertically-aligned-center is-layout-flow wp-block-column-is-layout-flow\" style=\"--col-width:50%;flex-basis:50%\">\n<figure class=\"wp-block-image size-full\"><a href=\"https:\/\/www.ateliersimdelta.de\/giftbox\/wp-content\/uploads\/Instagram-Beitrag-png6-scaled.png\"><img loading=\"lazy\" decoding=\"async\" width=\"2048\" height=\"2560\" src=\"https:\/\/www.ateliersimdelta.de\/giftbox\/wp-content\/uploads\/Instagram-Beitrag-png6-scaled.png\" alt=\"\" class=\"wp-image-1718\" srcset=\"https:\/\/www.ateliersimdelta.de\/giftbox\/wp-content\/uploads\/Instagram-Beitrag-png6-scaled.png 2048w, https:\/\/www.ateliersimdelta.de\/giftbox\/wp-content\/uploads\/Instagram-Beitrag-png6-960x1200.png 960w, https:\/\/www.ateliersimdelta.de\/giftbox\/wp-content\/uploads\/Instagram-Beitrag-png6-1440x1800.png 1440w, https:\/\/www.ateliersimdelta.de\/giftbox\/wp-content\/uploads\/Instagram-Beitrag-png6-120x150.png 120w, https:\/\/www.ateliersimdelta.de\/giftbox\/wp-content\/uploads\/Instagram-Beitrag-png6-768x960.png 768w, https:\/\/www.ateliersimdelta.de\/giftbox\/wp-content\/uploads\/Instagram-Beitrag-png6-1229x1536.png 1229w, https:\/\/www.ateliersimdelta.de\/giftbox\/wp-content\/uploads\/Instagram-Beitrag-png6-1638x2048.png 1638w\" sizes=\"auto, (max-width: 706px) 89vw, (max-width: 767px) 82vw, 740px\" \/><\/a><\/figure>\n\n\n\n<p class=\"has-text-align-right has-small-font-size\"><\/p>\n\n\n\n<figure class=\"wp-block-image size-large\"><img loading=\"lazy\" decoding=\"async\" width=\"1440\" height=\"1800\" src=\"https:\/\/www.ateliersimdelta.de\/giftbox\/wp-content\/uploads\/Instagram-Beitrag-png3-1440x1800.png\" alt=\"\" class=\"wp-image-1719\" srcset=\"https:\/\/www.ateliersimdelta.de\/giftbox\/wp-content\/uploads\/Instagram-Beitrag-png3-1440x1800.png 1440w, https:\/\/www.ateliersimdelta.de\/giftbox\/wp-content\/uploads\/Instagram-Beitrag-png3-960x1200.png 960w, https:\/\/www.ateliersimdelta.de\/giftbox\/wp-content\/uploads\/Instagram-Beitrag-png3-120x150.png 120w, https:\/\/www.ateliersimdelta.de\/giftbox\/wp-content\/uploads\/Instagram-Beitrag-png3-768x960.png 768w, https:\/\/www.ateliersimdelta.de\/giftbox\/wp-content\/uploads\/Instagram-Beitrag-png3-1229x1536.png 1229w, https:\/\/www.ateliersimdelta.de\/giftbox\/wp-content\/uploads\/Instagram-Beitrag-png3-1638x2048.png 1638w, https:\/\/www.ateliersimdelta.de\/giftbox\/wp-content\/uploads\/Instagram-Beitrag-png3-scaled.png 2048w\" sizes=\"auto, (max-width: 706px) 89vw, (max-width: 767px) 82vw, 740px\" \/><\/figure>\n\n\n\n<p class=\"has-text-align-right has-small-font-size\"><\/p>\n<\/div>\n\n\n\n<div class=\"wp-block-column is-vertically-aligned-top is-layout-flow wp-block-column-is-layout-flow\" style=\"--col-width:50%;flex-basis:50%\">\n<p class=\"has-large-font-size\">Carpe Diem et Noctem<\/p>\n\n\n\n<p>Hannah und Ralf Mosers Mediathek zum Sinn im Leben<\/p>\n\n\n\n<p class=\"my-justify-class has-small-font-size\">Der Glaube in einer Demokratie d\u00fcrfe jeder sein Leben leben, wie er m\u00f6chte, kommt uns oberfl\u00e4chlich und naiv vor, da er nicht in Rechnung stellt, wie viele demokratische Gruppierungen mit allen Tricks versuchen, uns alle vom Sinn des Lebens in ihrer Glaubensgemeinschaft zu \u00fcberzeugen. <\/p>\n\n\n\n<p class=\"has-small-font-size\">Wer in seinem Leben Sinn sucht und ihm selbst einen Sinn geben m\u00f6chte, kommt nicht umhin, sich mit den vielen Einflussnahmen und Idealisierungen auseinanderzusetzen, die st\u00e4ndig auf uns einwirken. Zwei zentrale Fragen aus der Mediathek Carpe Diem und Noctem stehen in dieser Ausstellung im Mittelpunkt des Interesses:<\/p>\n\n\n\n<ol class=\"wp-block-list\">\n<li class=\"has-small-font-size\">Wer m\u00f6chte ich sein?<\/li>\n\n\n\n<li class=\"has-small-font-size\">Wie m\u00f6chte ich mit Liebe, Lust und Leidenschaft in Partnerschaften, Freundschaften und Liebschaften umgehen?<\/li>\n<\/ol>\n\n\n\n<p class=\"has-small-font-size\">Die erste Frage stellt sich in Hannah Mosers Arbeit &#8220; &#8222;. Die zweite Frage wird in der Arbeit &#8222;Radar Love&#8220; von Ralf Jochen Moser gestellt. <\/p>\n<\/div>\n<\/div>\n<\/div><\/div>\n\n\n\n<div class=\"wp-block-group alignfull is-style-section-5 has-black-color has-cyan-bluish-gray-background-color has-text-color has-background has-link-color wp-elements-0022675fe8a376301b3bed5181f4f391\" style=\"margin-top:0;margin-bottom:0;padding-top:var(--wp--preset--spacing--50);padding-bottom:var(--wp--preset--spacing--50)\"><div class=\"wp-block-group__inner-container is-layout-constrained wp-block-group-is-layout-constrained\">\n<div class=\"wp-block-columns is-layout-flex wp-container-core-columns-is-layout-a2d7b65f wp-block-columns-is-layout-flex\">\n<div class=\"wp-block-column is-vertically-aligned-center is-layout-flow wp-block-column-is-layout-flow\" style=\"--col-width:50%;flex-basis:50%\">\n<figure class=\"wp-block-image size-full\"><a href=\"https:\/\/www.ateliersimdelta.de\/giftbox\/wp-content\/uploads\/Instagram-Beitrag-png4-scaled.png\"><img loading=\"lazy\" decoding=\"async\" width=\"2048\" height=\"2560\" src=\"https:\/\/www.ateliersimdelta.de\/giftbox\/wp-content\/uploads\/Instagram-Beitrag-png4-scaled.png\" alt=\"\" class=\"wp-image-1722\" srcset=\"https:\/\/www.ateliersimdelta.de\/giftbox\/wp-content\/uploads\/Instagram-Beitrag-png4-scaled.png 2048w, https:\/\/www.ateliersimdelta.de\/giftbox\/wp-content\/uploads\/Instagram-Beitrag-png4-960x1200.png 960w, https:\/\/www.ateliersimdelta.de\/giftbox\/wp-content\/uploads\/Instagram-Beitrag-png4-1440x1800.png 1440w, https:\/\/www.ateliersimdelta.de\/giftbox\/wp-content\/uploads\/Instagram-Beitrag-png4-120x150.png 120w, https:\/\/www.ateliersimdelta.de\/giftbox\/wp-content\/uploads\/Instagram-Beitrag-png4-768x960.png 768w, https:\/\/www.ateliersimdelta.de\/giftbox\/wp-content\/uploads\/Instagram-Beitrag-png4-1229x1536.png 1229w, https:\/\/www.ateliersimdelta.de\/giftbox\/wp-content\/uploads\/Instagram-Beitrag-png4-1638x2048.png 1638w\" sizes=\"auto, (max-width: 706px) 89vw, (max-width: 767px) 82vw, 740px\" \/><\/a><\/figure>\n\n\n\n<p class=\"has-text-align-right has-small-font-size\"><\/p>\n<\/div>\n\n\n\n<div class=\"wp-block-column is-vertically-aligned-top is-layout-flow wp-block-column-is-layout-flow\" style=\"--col-width:50%;flex-basis:50%\">\n<h2 class=\"wp-block-heading has-black-color has-text-color has-link-color has-large-font-size wp-elements-280c2eeec87d2fd79f9ef4c94a4de620\">The Visit<\/h2>\n\n\n\n<p class=\"has-small-font-size\">In &#8222;The Visit&#8220; spielt Oestergaard mit den St\u00e4rken der Polaroidfotografie, indem er eine ihrer vermeindlichen Schw\u00e4chen meisterlich nutzt. Das Aufnahmematerial besitzt nur eine begrenzte Haltbarkeit und altert abh\u00e4ngig von den Bedingungen, denen es ausgesetzt ist, mehr oder weniger zuf\u00e4llig. Meisterlich ist die Nutzung eines solchen Alterungsprozesses, weil sie zeigt wie sich die  Fehler des alternden Materials zu einer au\u00dfergew\u00f6hnlich meditativen \u00c4sthetik planen und entwickeln lassen.  Dabei scheint die meditative Stimmung der Bilder den gleichen Prinzipien wie das japanische Wabi-Sabi zu folgen: nichts bleibt, nichts ist abgeschlossen und nichts ist perfekt. Oestergaards Bilder folgen damit einer melancholischen \u00c4sthetik des Verg\u00e4nglichen, die westlichen Idealen trotzt.<\/p>\n\n\n\n<p class=\"my-justify-class has-small-font-size\"><\/p>\n<\/div>\n<\/div>\n\n\n\n<p><\/p>\n<\/div><\/div>\n\n\n\n<div class=\"wp-block-group alignfull is-style-section-5 has-white-color has-black-background-color has-text-color has-background has-link-color wp-elements-34b4683bd9265414242e0f654a9654ca\" style=\"margin-top:0;margin-bottom:0;padding-top:var(--wp--preset--spacing--50);padding-bottom:var(--wp--preset--spacing--50)\"><div class=\"wp-block-group__inner-container is-layout-constrained wp-block-group-is-layout-constrained\">\n<div class=\"wp-block-columns is-layout-flex wp-container-core-columns-is-layout-a2d7b65f wp-block-columns-is-layout-flex\">\n<div class=\"wp-block-column is-vertically-aligned-center is-layout-flow wp-block-column-is-layout-flow\" style=\"--col-width:50%;flex-basis:50%\">\n<figure class=\"wp-block-image size-full\"><a href=\"https:\/\/www.ateliersimdelta.de\/giftbox\/wp-content\/uploads\/Instagram-Beitrag-png5-scaled.png\"><img loading=\"lazy\" decoding=\"async\" width=\"2048\" height=\"2560\" src=\"https:\/\/www.ateliersimdelta.de\/giftbox\/wp-content\/uploads\/Instagram-Beitrag-png5-scaled.png\" alt=\"\" class=\"wp-image-1723\" srcset=\"https:\/\/www.ateliersimdelta.de\/giftbox\/wp-content\/uploads\/Instagram-Beitrag-png5-scaled.png 2048w, https:\/\/www.ateliersimdelta.de\/giftbox\/wp-content\/uploads\/Instagram-Beitrag-png5-960x1200.png 960w, https:\/\/www.ateliersimdelta.de\/giftbox\/wp-content\/uploads\/Instagram-Beitrag-png5-1440x1800.png 1440w, https:\/\/www.ateliersimdelta.de\/giftbox\/wp-content\/uploads\/Instagram-Beitrag-png5-120x150.png 120w, https:\/\/www.ateliersimdelta.de\/giftbox\/wp-content\/uploads\/Instagram-Beitrag-png5-768x960.png 768w, https:\/\/www.ateliersimdelta.de\/giftbox\/wp-content\/uploads\/Instagram-Beitrag-png5-1229x1536.png 1229w, https:\/\/www.ateliersimdelta.de\/giftbox\/wp-content\/uploads\/Instagram-Beitrag-png5-1638x2048.png 1638w\" sizes=\"auto, (max-width: 706px) 89vw, (max-width: 767px) 82vw, 740px\" \/><\/a><\/figure>\n\n\n\n<p class=\"has-text-align-right has-small-font-size\"><\/p>\n<\/div>\n\n\n\n<div class=\"wp-block-column is-vertically-aligned-top is-layout-flow wp-block-column-is-layout-flow\" style=\"--col-width:50%;flex-basis:50%\">\n<h2 class=\"wp-block-heading has-black-color has-text-color has-link-color has-medium-font-size wp-elements-a46baccc9b2177f0af26738c8285e033\">Die Fotothek der inneren Gezeiten<\/h2>\n\n\n\n<h2 class=\"wp-block-heading my-justify-class has-large-font-size\">Mannheim rockt<\/h2>\n\n\n\n<p class=\"has-small-font-size\">Thomas Wunsch war zum Fotografieren bei uns in Mannheim und zeigt uns neue Bilder, die &#8211; wie die Rockmusik verschiedene  Musikrichtungen unter einem Oberbegriff sammelt &#8211; verschiedene Entwicklungen seiner Serien in einer Mannheimer Edition sammelt und kultiviert: Mannheim rockt.<\/p>\n<\/div>\n<\/div>\n\n\n\n<p><\/p>\n<\/div><\/div>\n\n\n\n<div class=\"wp-block-group alignfull is-style-section-5 has-white-color has-cyan-bluish-gray-background-color has-text-color has-background has-link-color wp-elements-233e5ad743b3c5a3d3fa8ea3db30435d\" style=\"margin-top:0;margin-bottom:0;padding-top:var(--wp--preset--spacing--50);padding-bottom:var(--wp--preset--spacing--50)\"><div class=\"wp-block-group__inner-container is-layout-constrained wp-block-group-is-layout-constrained\">\n<div class=\"wp-block-columns is-layout-flex wp-container-core-columns-is-layout-a2d7b65f wp-block-columns-is-layout-flex\">\n<div class=\"wp-block-column is-vertically-aligned-center is-layout-flow wp-block-column-is-layout-flow\" style=\"--col-width:50%;flex-basis:50%\">\n<figure class=\"wp-block-image size-full\"><a href=\"https:\/\/www.ateliersimdelta.de\/giftbox\/wp-content\/uploads\/Instagram-Beitrag-png-scaled.png\"><img loading=\"lazy\" decoding=\"async\" width=\"2048\" height=\"2560\" src=\"https:\/\/www.ateliersimdelta.de\/giftbox\/wp-content\/uploads\/Instagram-Beitrag-png-scaled.png\" alt=\"\" class=\"wp-image-1720\" srcset=\"https:\/\/www.ateliersimdelta.de\/giftbox\/wp-content\/uploads\/Instagram-Beitrag-png-scaled.png 2048w, https:\/\/www.ateliersimdelta.de\/giftbox\/wp-content\/uploads\/Instagram-Beitrag-png-960x1200.png 960w, https:\/\/www.ateliersimdelta.de\/giftbox\/wp-content\/uploads\/Instagram-Beitrag-png-1440x1800.png 1440w, https:\/\/www.ateliersimdelta.de\/giftbox\/wp-content\/uploads\/Instagram-Beitrag-png-120x150.png 120w, https:\/\/www.ateliersimdelta.de\/giftbox\/wp-content\/uploads\/Instagram-Beitrag-png-768x960.png 768w, https:\/\/www.ateliersimdelta.de\/giftbox\/wp-content\/uploads\/Instagram-Beitrag-png-1229x1536.png 1229w, https:\/\/www.ateliersimdelta.de\/giftbox\/wp-content\/uploads\/Instagram-Beitrag-png-1638x2048.png 1638w\" sizes=\"auto, (max-width: 706px) 89vw, (max-width: 767px) 82vw, 740px\" \/><\/a><\/figure>\n\n\n\n<p class=\"has-text-align-right has-small-font-size\"><\/p>\n<\/div>\n\n\n\n<div class=\"wp-block-column is-vertically-aligned-top is-layout-flow wp-block-column-is-layout-flow\" style=\"--col-width:50%;flex-basis:50%\">\n<h2 class=\"wp-block-heading has-white-color has-text-color has-link-color has-medium-font-size wp-elements-7b6966804fc56690ac35b6d68d9ae041\">Ausstellungtermine:<\/h2>\n\n\n\n<p class=\"my-justify-class has-small-font-size\">An den Samstagen k\u00f6nnen die Besucher unter Anleitung die Ausstellung aus den Editionen der ausstellenden K\u00fcnstler neu kuratieren, sich \u00fcber die kreativen M\u00f6glichkeiten der KI in Film und Fotografie informieren lassen oder einfach die Ausstellung besuchen und dem Treiben folgen. An den Sonntagen erfolgen K\u00fcnstlergespr\u00e4che, Performances, Meditationen und F\u00fchrungen zu den ausgestellten Arbeiten.<\/p>\n<\/div>\n<\/div>\n\n\n\n<p><strong>26. April |&nbsp;<\/strong>Vernissage | 16 \u2013 18 Uhr<br><strong>27. April |&nbsp;<\/strong>Ausstellung | 16 \u2013 18 Uhr<br><strong>27. April |&nbsp;<\/strong>K\u00fcnstlergespr\u00e4ch zu Carpe Diem et Noctem mit Hannah und Ralf Moser | 17 Uhr<\/p>\n\n\n\n<p><strong>03. Mai |&nbsp;<\/strong>Ausstellung, Kuratieren, Mediathek, KI, &#8230;  | 16-18 Uhr<br><strong>04. Mai |&nbsp;<\/strong>Ausstellung | 16 \u2013 18 Uhr<br><strong>04. Mai |&nbsp;<\/strong>K\u00fcnstlergespr\u00e4ch mit Jessen Oestergaard | 17 Uhr<\/p>\n\n\n\n<p><strong>10. Mai |&nbsp;<\/strong>Ausstellung, Kuratieren, Mediathek, KI, &#8230;  | 16-18 Uhr<br><strong>11. Mai |&nbsp;<\/strong>Ausstellung | 16 \u2013 18 Uhr<br><strong>11. Mai |&nbsp;<\/strong>K\u00fcnstlergespr\u00e4ch mit Isabelle Faragallah | 17 Uhr<\/p>\n\n\n\n<p><strong>17. Mai |&nbsp;<\/strong>Ausstellung, Kuratieren, Mediathek, KI, &#8230;  | 16-18 Uhr<br><strong>18. Mai |&nbsp;<\/strong>Ausstellung | 16 \u2013 18 Uhr<br><strong>18. Mai |&nbsp;<\/strong>K\u00fcnstlergespr\u00e4ch mit Thomas Wunsch | 17 Uhr<\/p>\n\n\n\n<p><strong>24. Mai |&nbsp;<\/strong>Ausstellung, Kuratieren, Mediathek, KI, &#8230;  | 16-18 Uhr<br><strong>25. Mai |&nbsp;<\/strong>Finissage | 16 \u2013 18 Uhr<\/p>\n\n\n\n<p><\/p>\n<\/div><\/div>\n","protected":false},"excerpt":{"rendered":"<p>AiD ART M 2025 Zen 42: Meditative Kunst Zur OFF\/\/FOTO 2025 stellen Isabelle Faragallah, Hannah Moser, Ralf Moser, Jessen Oestergaard und Thomas Wunsch ihre neuen Projekte anhand von Beispielen vor. Die Ausstellung wird aus alten und neuen Bild- und Bucheditionen der K\u00fcnstler kuratiert und enth\u00e4lt keine KI generierten Bilder &#8211; aber wir informieren sie gerne &hellip; <\/p>\n<p class=\"link-more\"><a href=\"https:\/\/www.ateliersimdelta.de\/giftbox\/zen-42\/\" class=\"more-link\"><span class=\"screen-reader-text\">\u201eZen 42\u201c<\/span> weiterlesen<\/a><\/p>\n","protected":false},"author":1,"featured_media":1698,"parent":0,"menu_order":0,"comment_status":"closed","ping_status":"closed","template":"","meta":{"footnotes":""},"class_list":["post-1702","page","type-page","status-publish","has-post-thumbnail","hentry"],"_links":{"self":[{"href":"https:\/\/www.ateliersimdelta.de\/giftbox\/wp-json\/wp\/v2\/pages\/1702","targetHints":{"allow":["GET"]}}],"collection":[{"href":"https:\/\/www.ateliersimdelta.de\/giftbox\/wp-json\/wp\/v2\/pages"}],"about":[{"href":"https:\/\/www.ateliersimdelta.de\/giftbox\/wp-json\/wp\/v2\/types\/page"}],"author":[{"embeddable":true,"href":"https:\/\/www.ateliersimdelta.de\/giftbox\/wp-json\/wp\/v2\/users\/1"}],"replies":[{"embeddable":true,"href":"https:\/\/www.ateliersimdelta.de\/giftbox\/wp-json\/wp\/v2\/comments?post=1702"}],"version-history":[{"count":11,"href":"https:\/\/www.ateliersimdelta.de\/giftbox\/wp-json\/wp\/v2\/pages\/1702\/revisions"}],"predecessor-version":[{"id":1735,"href":"https:\/\/www.ateliersimdelta.de\/giftbox\/wp-json\/wp\/v2\/pages\/1702\/revisions\/1735"}],"wp:featuredmedia":[{"embeddable":true,"href":"https:\/\/www.ateliersimdelta.de\/giftbox\/wp-json\/wp\/v2\/media\/1698"}],"wp:attachment":[{"href":"https:\/\/www.ateliersimdelta.de\/giftbox\/wp-json\/wp\/v2\/media?parent=1702"}],"curies":[{"name":"wp","href":"https:\/\/api.w.org\/{rel}","templated":true}]}}