{"id":1739,"date":"2025-06-24T17:14:18","date_gmt":"2025-06-24T15:14:18","guid":{"rendered":"https:\/\/www.ateliersimdelta.de\/giftbox\/?page_id=1739"},"modified":"2025-06-24T17:31:54","modified_gmt":"2025-06-24T15:31:54","slug":"extended-zen","status":"publish","type":"page","link":"https:\/\/www.ateliersimdelta.de\/giftbox\/extended-zen\/","title":{"rendered":"Extended Zen"},"content":{"rendered":"\n<div class=\"wp-block-group alignfull is-style-section-5 has-white-color has-black-background-color has-text-color has-background has-link-color wp-elements-0557b9e1b8d7b4f6b646646f9eb8538c\" style=\"margin-top:0;margin-bottom:0;padding-top:var(--wp--preset--spacing--50);padding-bottom:var(--wp--preset--spacing--50)\"><div class=\"wp-block-group__inner-container is-layout-constrained wp-block-group-is-layout-constrained\">\n<div class=\"wp-block-columns is-layout-flex wp-container-core-columns-is-layout-a2d7b65f wp-block-columns-is-layout-flex\">\n<div class=\"wp-block-column is-vertically-aligned-center is-layout-flow wp-block-column-is-layout-flow\" style=\"--col-width:50%;flex-basis:50%\">\n<figure class=\"wp-block-image size-full\"><a href=\"https:\/\/www.ateliersimdelta.de\/giftbox\/wp-content\/uploads\/Instagram-Beitrag-Extended-Zen3-scaled.png\"><img loading=\"lazy\" decoding=\"async\" width=\"2048\" height=\"2560\" src=\"https:\/\/www.ateliersimdelta.de\/giftbox\/wp-content\/uploads\/Instagram-Beitrag-Extended-Zen3-scaled.png\" alt=\"\" class=\"wp-image-1740\" srcset=\"https:\/\/www.ateliersimdelta.de\/giftbox\/wp-content\/uploads\/Instagram-Beitrag-Extended-Zen3-scaled.png 2048w, https:\/\/www.ateliersimdelta.de\/giftbox\/wp-content\/uploads\/Instagram-Beitrag-Extended-Zen3-960x1200.png 960w, https:\/\/www.ateliersimdelta.de\/giftbox\/wp-content\/uploads\/Instagram-Beitrag-Extended-Zen3-1440x1800.png 1440w, https:\/\/www.ateliersimdelta.de\/giftbox\/wp-content\/uploads\/Instagram-Beitrag-Extended-Zen3-120x150.png 120w, https:\/\/www.ateliersimdelta.de\/giftbox\/wp-content\/uploads\/Instagram-Beitrag-Extended-Zen3-768x960.png 768w, https:\/\/www.ateliersimdelta.de\/giftbox\/wp-content\/uploads\/Instagram-Beitrag-Extended-Zen3-1229x1536.png 1229w, https:\/\/www.ateliersimdelta.de\/giftbox\/wp-content\/uploads\/Instagram-Beitrag-Extended-Zen3-1638x2048.png 1638w\" sizes=\"auto, (max-width: 706px) 89vw, (max-width: 767px) 82vw, 740px\" \/><\/a><\/figure>\n\n\n\n<p class=\"has-text-align-right has-small-font-size\"><\/p>\n<\/div>\n\n\n\n<div class=\"wp-block-column is-vertically-aligned-top is-layout-flow wp-block-column-is-layout-flow\" style=\"--col-width:50%;flex-basis:50%\">\n<h2 class=\"wp-block-heading has-medium-font-size\">AiD ART M 2025 <\/h2>\n\n\n\n<p class=\"has-white-color has-text-color has-link-color has-medium-font-size wp-elements-8c01c079bd695efe20f64bbf44fed5b9\">Extended Zen:<br>Meditative Kunst<\/p>\n\n\n\n<p class=\"my-justify-class has-small-font-size\">In der Ausstellung pr\u00e4sentieren\u00a0Gerhard Kilger, Hannah Moser, Ralf Moser, Wolf M\u00fcnninghoff\u00a0und\u00a0Jessen Oestergaard\u00a0eine Auswahl ihrer Werke. Gezeigt werden sowohl neue als auch bereits bekannte Arbeiten, die gemeinsam einen spannenden Einblick in das k\u00fcnstlerische Schaffen der Beteiligten geben.<\/p>\n<\/div>\n<\/div>\n\n\n\n<p>In Extended Zen geht es um Kunst, die jeder f\u00fcr eigene (Zen) Meditationen zu Ende denken kann. <\/p>\n<\/div><\/div>\n\n\n\n<!--more-->\n\n\n\n<div class=\"wp-block-group alignfull is-style-section-5 has-white-color has-black-background-color has-text-color has-background has-link-color wp-elements-4ef9dd74f7d7654de1cb3b71a7074ef1\" style=\"margin-top:0;margin-bottom:0;padding-top:var(--wp--preset--spacing--50);padding-bottom:var(--wp--preset--spacing--50)\"><div class=\"wp-block-group__inner-container is-layout-constrained wp-block-group-is-layout-constrained\">\n<div class=\"wp-block-columns is-layout-flex wp-container-core-columns-is-layout-a2d7b65f wp-block-columns-is-layout-flex\">\n<div class=\"wp-block-column is-vertically-aligned-center is-layout-flow wp-block-column-is-layout-flow\" style=\"--col-width:50%;flex-basis:50%\">\n<figure class=\"wp-block-image size-full\"><a href=\"https:\/\/www.ateliersimdelta.de\/giftbox\/wp-content\/uploads\/Instagram-Beitrag-png6-scaled.png\"><img loading=\"lazy\" decoding=\"async\" width=\"2048\" height=\"2560\" src=\"https:\/\/www.ateliersimdelta.de\/giftbox\/wp-content\/uploads\/Instagram-Beitrag-png6-scaled.png\" alt=\"\" class=\"wp-image-1718\" srcset=\"https:\/\/www.ateliersimdelta.de\/giftbox\/wp-content\/uploads\/Instagram-Beitrag-png6-scaled.png 2048w, https:\/\/www.ateliersimdelta.de\/giftbox\/wp-content\/uploads\/Instagram-Beitrag-png6-960x1200.png 960w, https:\/\/www.ateliersimdelta.de\/giftbox\/wp-content\/uploads\/Instagram-Beitrag-png6-1440x1800.png 1440w, https:\/\/www.ateliersimdelta.de\/giftbox\/wp-content\/uploads\/Instagram-Beitrag-png6-120x150.png 120w, https:\/\/www.ateliersimdelta.de\/giftbox\/wp-content\/uploads\/Instagram-Beitrag-png6-768x960.png 768w, https:\/\/www.ateliersimdelta.de\/giftbox\/wp-content\/uploads\/Instagram-Beitrag-png6-1229x1536.png 1229w, https:\/\/www.ateliersimdelta.de\/giftbox\/wp-content\/uploads\/Instagram-Beitrag-png6-1638x2048.png 1638w\" sizes=\"auto, (max-width: 706px) 89vw, (max-width: 767px) 82vw, 740px\" \/><\/a><\/figure>\n\n\n\n<p class=\"has-text-align-right has-small-font-size\"><\/p>\n\n\n\n<figure class=\"wp-block-image size-large\"><img loading=\"lazy\" decoding=\"async\" width=\"1440\" height=\"1800\" src=\"https:\/\/www.ateliersimdelta.de\/giftbox\/wp-content\/uploads\/Instagram-Beitrag-png3-1440x1800.png\" alt=\"\" class=\"wp-image-1719\" srcset=\"https:\/\/www.ateliersimdelta.de\/giftbox\/wp-content\/uploads\/Instagram-Beitrag-png3-1440x1800.png 1440w, https:\/\/www.ateliersimdelta.de\/giftbox\/wp-content\/uploads\/Instagram-Beitrag-png3-960x1200.png 960w, https:\/\/www.ateliersimdelta.de\/giftbox\/wp-content\/uploads\/Instagram-Beitrag-png3-120x150.png 120w, https:\/\/www.ateliersimdelta.de\/giftbox\/wp-content\/uploads\/Instagram-Beitrag-png3-768x960.png 768w, https:\/\/www.ateliersimdelta.de\/giftbox\/wp-content\/uploads\/Instagram-Beitrag-png3-1229x1536.png 1229w, https:\/\/www.ateliersimdelta.de\/giftbox\/wp-content\/uploads\/Instagram-Beitrag-png3-1638x2048.png 1638w, https:\/\/www.ateliersimdelta.de\/giftbox\/wp-content\/uploads\/Instagram-Beitrag-png3-scaled.png 2048w\" sizes=\"auto, (max-width: 706px) 89vw, (max-width: 767px) 82vw, 740px\" \/><\/figure>\n\n\n\n<p class=\"has-text-align-right has-small-font-size\"><\/p>\n<\/div>\n\n\n\n<div class=\"wp-block-column is-vertically-aligned-top is-layout-flow wp-block-column-is-layout-flow\" style=\"--col-width:50%;flex-basis:50%\">\n<p class=\"has-large-font-size\">Carpe Diem et Noctem<\/p>\n\n\n\n<p>Hannah und Ralf Mosers Mediathek zum Sinn im Leben<\/p>\n\n\n\n<p class=\"my-justify-class has-small-font-size\">Der Glaube in einer Demokratie d\u00fcrfe jeder sein Leben leben, wie er m\u00f6chte, kommt uns oberfl\u00e4chlich und naiv vor, da er nicht in Rechnung stellt, wie viele demokratische Gruppierungen mit allen Tricks versuchen, uns alle vom Sinn des Lebens in ihrer Glaubensgemeinschaft zu \u00fcberzeugen. <\/p>\n\n\n\n<p class=\"has-small-font-size\">Wer in seinem Leben Sinn sucht und ihm selbst einen Sinn geben m\u00f6chte, kommt nicht umhin, sich mit den vielen Einflussnahmen und Idealisierungen auseinanderzusetzen, die st\u00e4ndig auf uns einwirken. Zwei zentrale Fragen aus der Mediathek Carpe Diem und Noctem stehen in dieser Ausstellung im Mittelpunkt des Interesses:<\/p>\n\n\n\n<ol class=\"wp-block-list\">\n<li class=\"has-small-font-size\">Wer m\u00f6chte ich sein?<\/li>\n\n\n\n<li class=\"has-small-font-size\">Wie m\u00f6chte ich mit Liebe, Lust und Leidenschaft in Partnerschaften, Freundschaften und Liebschaften umgehen?<\/li>\n<\/ol>\n\n\n\n<p class=\"has-small-font-size\">Die erste Frage stellt sich in Hannah Mosers Arbeit &#8220; &#8222;. Die zweite Frage wird in der Arbeit &#8222;Radar Love&#8220; von Ralf Jochen Moser gestellt. <\/p>\n<\/div>\n<\/div>\n<\/div><\/div>\n\n\n\n<div class=\"wp-block-group alignfull is-style-section-5 has-black-color has-cyan-bluish-gray-background-color has-text-color has-background has-link-color wp-elements-0022675fe8a376301b3bed5181f4f391\" style=\"margin-top:0;margin-bottom:0;padding-top:var(--wp--preset--spacing--50);padding-bottom:var(--wp--preset--spacing--50)\"><div class=\"wp-block-group__inner-container is-layout-constrained wp-block-group-is-layout-constrained\">\n<div class=\"wp-block-columns is-layout-flex wp-container-core-columns-is-layout-a2d7b65f wp-block-columns-is-layout-flex\">\n<div class=\"wp-block-column is-vertically-aligned-center is-layout-flow wp-block-column-is-layout-flow\" style=\"--col-width:50%;flex-basis:50%\">\n<figure class=\"wp-block-image size-full\"><a href=\"https:\/\/www.ateliersimdelta.de\/giftbox\/wp-content\/uploads\/Instagram-Beitrag-png4-scaled.png\"><img loading=\"lazy\" decoding=\"async\" width=\"2048\" height=\"2560\" src=\"https:\/\/www.ateliersimdelta.de\/giftbox\/wp-content\/uploads\/Instagram-Beitrag-png4-scaled.png\" alt=\"\" class=\"wp-image-1722\" srcset=\"https:\/\/www.ateliersimdelta.de\/giftbox\/wp-content\/uploads\/Instagram-Beitrag-png4-scaled.png 2048w, https:\/\/www.ateliersimdelta.de\/giftbox\/wp-content\/uploads\/Instagram-Beitrag-png4-960x1200.png 960w, https:\/\/www.ateliersimdelta.de\/giftbox\/wp-content\/uploads\/Instagram-Beitrag-png4-1440x1800.png 1440w, https:\/\/www.ateliersimdelta.de\/giftbox\/wp-content\/uploads\/Instagram-Beitrag-png4-120x150.png 120w, https:\/\/www.ateliersimdelta.de\/giftbox\/wp-content\/uploads\/Instagram-Beitrag-png4-768x960.png 768w, https:\/\/www.ateliersimdelta.de\/giftbox\/wp-content\/uploads\/Instagram-Beitrag-png4-1229x1536.png 1229w, https:\/\/www.ateliersimdelta.de\/giftbox\/wp-content\/uploads\/Instagram-Beitrag-png4-1638x2048.png 1638w\" sizes=\"auto, (max-width: 706px) 89vw, (max-width: 767px) 82vw, 740px\" \/><\/a><\/figure>\n\n\n\n<p class=\"has-text-align-right has-small-font-size\"><\/p>\n<\/div>\n\n\n\n<div class=\"wp-block-column is-vertically-aligned-top is-layout-flow wp-block-column-is-layout-flow\" style=\"--col-width:50%;flex-basis:50%\">\n<h2 class=\"wp-block-heading has-black-color has-text-color has-link-color has-large-font-size wp-elements-280c2eeec87d2fd79f9ef4c94a4de620\">The Visit<\/h2>\n\n\n\n<p class=\"has-small-font-size\">In &#8222;The Visit&#8220; spielt Oestergaard mit den St\u00e4rken der Polaroidfotografie, indem er eine ihrer vermeindlichen Schw\u00e4chen meisterlich nutzt. Das Aufnahmematerial besitzt nur eine begrenzte Haltbarkeit und altert abh\u00e4ngig von den Bedingungen, denen es ausgesetzt ist, mehr oder weniger zuf\u00e4llig. Meisterlich ist die Nutzung eines solchen Alterungsprozesses, weil sie zeigt wie sich die  Fehler des alternden Materials zu einer au\u00dfergew\u00f6hnlich meditativen \u00c4sthetik planen und entwickeln lassen.  Dabei scheint die meditative Stimmung der Bilder den gleichen Prinzipien wie das japanische Wabi-Sabi zu folgen: nichts bleibt, nichts ist abgeschlossen und nichts ist perfekt. Oestergaards Bilder folgen damit einer melancholischen \u00c4sthetik des Verg\u00e4nglichen, die westlichen Idealen trotzt.<\/p>\n\n\n\n<p class=\"my-justify-class has-small-font-size\"><\/p>\n<\/div>\n<\/div>\n\n\n\n<p><\/p>\n<\/div><\/div>\n\n\n\n<div class=\"wp-block-group alignfull is-style-section-5 has-white-color has-cyan-bluish-gray-background-color has-text-color has-background has-link-color wp-elements-8815bb2ee9e1e673b2cb604df566595e\" style=\"margin-top:0;margin-bottom:0;padding-top:var(--wp--preset--spacing--50);padding-bottom:var(--wp--preset--spacing--50)\"><div class=\"wp-block-group__inner-container is-layout-constrained wp-block-group-is-layout-constrained\">\n<div class=\"wp-block-columns is-layout-flex wp-container-core-columns-is-layout-a2d7b65f wp-block-columns-is-layout-flex\">\n<div class=\"wp-block-column is-vertically-aligned-center is-layout-flow wp-block-column-is-layout-flow\" style=\"--col-width:50%;flex-basis:50%\">\n<figure class=\"wp-block-image size-full\"><a href=\"https:\/\/www.ateliersimdelta.de\/giftbox\/wp-content\/uploads\/Instagram-Beitrag-Extended-Zen-scaled.png\"><img loading=\"lazy\" decoding=\"async\" width=\"2048\" height=\"2560\" src=\"https:\/\/www.ateliersimdelta.de\/giftbox\/wp-content\/uploads\/Instagram-Beitrag-Extended-Zen-scaled.png\" alt=\"\" class=\"wp-image-1741\" srcset=\"https:\/\/www.ateliersimdelta.de\/giftbox\/wp-content\/uploads\/Instagram-Beitrag-Extended-Zen-scaled.png 2048w, https:\/\/www.ateliersimdelta.de\/giftbox\/wp-content\/uploads\/Instagram-Beitrag-Extended-Zen-960x1200.png 960w, https:\/\/www.ateliersimdelta.de\/giftbox\/wp-content\/uploads\/Instagram-Beitrag-Extended-Zen-1440x1800.png 1440w, https:\/\/www.ateliersimdelta.de\/giftbox\/wp-content\/uploads\/Instagram-Beitrag-Extended-Zen-120x150.png 120w, https:\/\/www.ateliersimdelta.de\/giftbox\/wp-content\/uploads\/Instagram-Beitrag-Extended-Zen-768x960.png 768w, https:\/\/www.ateliersimdelta.de\/giftbox\/wp-content\/uploads\/Instagram-Beitrag-Extended-Zen-1229x1536.png 1229w, https:\/\/www.ateliersimdelta.de\/giftbox\/wp-content\/uploads\/Instagram-Beitrag-Extended-Zen-1638x2048.png 1638w\" sizes=\"auto, (max-width: 706px) 89vw, (max-width: 767px) 82vw, 740px\" \/><\/a><\/figure>\n\n\n\n<p class=\"has-text-align-right has-small-font-size\"><\/p>\n<\/div>\n\n\n\n<div class=\"wp-block-column is-vertically-aligned-top is-layout-flow wp-block-column-is-layout-flow\" style=\"--col-width:50%;flex-basis:50%\">\n<h2 class=\"wp-block-heading has-white-color has-text-color has-link-color has-medium-font-size wp-elements-66f9314e30fce46a899b1f1872d207fd\">\u00d6ffnungszeiten:<\/h2>\n\n\n\n<p class=\"has-medium-font-size\">Samstag und Sonntag von 15 &#8211; 17 Uhr <\/p>\n\n\n\n<p class=\"has-medium-font-size\">K\u00fcnstlergespr\u00e4che: Sonntags 17 Uhr<\/p>\n<\/div>\n<\/div>\n\n\n\n<p><strong>29. Juni |\u00a0<\/strong>Ausstellung | 15 \u2013 17 Uhr<br><strong><strong>29. Juni <\/strong>|\u00a0<\/strong>K\u00fcnstlergespr\u00e4ch mit Wolf M\u00fcnninghoff | 17 Uhr<\/p>\n\n\n\n<p><strong>19. Juli |\u00a0<\/strong>Ausstellung | 15 \u2013 17 Uhr<br><strong>20<strong>. Juli <\/strong>|\u00a0<\/strong>Ausstellung | 15 \u2013 17 Uhr<\/p>\n\n\n\n<p><strong>26. Juli |\u00a0<\/strong>Ausstellung | 15 \u2013 17 Uhr<br><strong>27<strong>. Juli <\/strong>|\u00a0<\/strong>Ausstellung | 15 \u2013 17 Uhr<br><strong><strong><strong>27<strong>. Juli <\/strong><\/strong><\/strong>|\u00a0<\/strong>K\u00fcnstlergespr\u00e4ch mit N.N. | 17 Uhr<\/p>\n\n\n\n<p><strong>02. August |\u00a0<\/strong>Ausstellung | 15 \u2013 17 Uhr<br><strong><strong>03. August <\/strong>|\u00a0<\/strong>Ausstellung | 15 \u2013 17 Uhr<br><strong><strong><strong><strong>03. August <\/strong><\/strong><\/strong>|\u00a0<\/strong>K\u00fcnstlergespr\u00e4ch mit N.N. | 17 Uhr<\/p>\n\n\n\n<p><strong>09. August |\u00a0<\/strong>Ausstellung | 15 \u2013 17 Uhr<br><strong><strong>10. August <\/strong>|\u00a0<\/strong>Ausstellung | 15 \u2013 17 Uhr<br><strong><strong><strong><strong>10. August <\/strong><\/strong><\/strong>|\u00a0<\/strong>K\u00fcnstlergespr\u00e4ch mit N.N. | 17 Uhr<\/p>\n\n\n\n<p><\/p>\n<\/div><\/div>\n","protected":false},"excerpt":{"rendered":"<p>AiD ART M 2025 Extended Zen:Meditative Kunst In der Ausstellung pr\u00e4sentieren\u00a0Gerhard Kilger, Hannah Moser, Ralf Moser, Wolf M\u00fcnninghoff\u00a0und\u00a0Jessen Oestergaard\u00a0eine Auswahl ihrer Werke. Gezeigt werden sowohl neue als auch bereits bekannte Arbeiten, die gemeinsam einen spannenden Einblick in das k\u00fcnstlerische Schaffen der Beteiligten geben. In Extended Zen geht es um Kunst, die jeder f\u00fcr eigene (Zen) &hellip; <\/p>\n<p class=\"link-more\"><a href=\"https:\/\/www.ateliersimdelta.de\/giftbox\/extended-zen\/\" class=\"more-link\"><span class=\"screen-reader-text\">\u201eExtended Zen\u201c<\/span> weiterlesen<\/a><\/p>\n","protected":false},"author":1,"featured_media":1741,"parent":0,"menu_order":0,"comment_status":"closed","ping_status":"closed","template":"","meta":{"footnotes":""},"class_list":["post-1739","page","type-page","status-publish","has-post-thumbnail","hentry"],"_links":{"self":[{"href":"https:\/\/www.ateliersimdelta.de\/giftbox\/wp-json\/wp\/v2\/pages\/1739","targetHints":{"allow":["GET"]}}],"collection":[{"href":"https:\/\/www.ateliersimdelta.de\/giftbox\/wp-json\/wp\/v2\/pages"}],"about":[{"href":"https:\/\/www.ateliersimdelta.de\/giftbox\/wp-json\/wp\/v2\/types\/page"}],"author":[{"embeddable":true,"href":"https:\/\/www.ateliersimdelta.de\/giftbox\/wp-json\/wp\/v2\/users\/1"}],"replies":[{"embeddable":true,"href":"https:\/\/www.ateliersimdelta.de\/giftbox\/wp-json\/wp\/v2\/comments?post=1739"}],"version-history":[{"count":2,"href":"https:\/\/www.ateliersimdelta.de\/giftbox\/wp-json\/wp\/v2\/pages\/1739\/revisions"}],"predecessor-version":[{"id":1743,"href":"https:\/\/www.ateliersimdelta.de\/giftbox\/wp-json\/wp\/v2\/pages\/1739\/revisions\/1743"}],"wp:featuredmedia":[{"embeddable":true,"href":"https:\/\/www.ateliersimdelta.de\/giftbox\/wp-json\/wp\/v2\/media\/1741"}],"wp:attachment":[{"href":"https:\/\/www.ateliersimdelta.de\/giftbox\/wp-json\/wp\/v2\/media?parent=1739"}],"curies":[{"name":"wp","href":"https:\/\/api.w.org\/{rel}","templated":true}]}}