{"id":25,"date":"2016-12-24T16:07:27","date_gmt":"2016-12-24T15:07:27","guid":{"rendered":"http:\/\/www.ateliersimdelta.de\/giftbox\/?page_id=25"},"modified":"2024-02-28T15:41:19","modified_gmt":"2024-02-28T14:41:19","slug":"startseite","status":"publish","type":"page","link":"https:\/\/www.ateliersimdelta.de\/giftbox\/","title":{"rendered":"Giftbox"},"content":{"rendered":"\n<p>Die\u00a0<em>Giftbox<\/em>\u00a0ist Raum, Projektraum, Kunstraum, Atelier und Experimentierb\u00fchne f\u00fcr zeitgen\u00f6ssische Kunst. Hier findet ein gro\u00dfer Teil des Kunstbetriebs der Ateliers im Delta statt oder seinen Ausgangspunkt, um sich in Freir\u00e4umen, Leerst\u00e4nden, Galerien, Kunstmessen und Ausstellungen fortzusetzen.<\/p>\n\n\n\n<p>Wir geben seit einigen Jahren  jungen K\u00fcnstlern die M\u00f6glichkeit in unserem Ausstellungsraum\u00a0<em>Giftbox<\/em>\u00a0eigene Ausstellungskonzepte zu entwickeln, ihr Selbstverst\u00e4ndnis zu pr\u00e4zisieren und ihr Selbstvermarkten zu trainieren. Die Ausstellungen werden von uns betreut und kuratiert.\u00a0<\/p>\n\n\n\n<p>In der Giftbox geben wir auch unsere Editionen heraus und beraten unsere K\u00fcnstler zu allen relevanten Themen, die sich im Kontext unserer Editionen ergeben. <\/p>\n","protected":false},"excerpt":{"rendered":"<p>Die\u00a0Giftbox\u00a0ist Raum, Projektraum, Kunstraum, Atelier und Experimentierb\u00fchne f\u00fcr zeitgen\u00f6ssische Kunst. Hier findet ein gro\u00dfer Teil des Kunstbetriebs der Ateliers im Delta statt oder seinen Ausgangspunkt, um sich in Freir\u00e4umen, Leerst\u00e4nden, Galerien, Kunstmessen und Ausstellungen fortzusetzen. Wir geben seit einigen Jahren jungen K\u00fcnstlern die M\u00f6glichkeit in unserem Ausstellungsraum\u00a0Giftbox\u00a0eigene Ausstellungskonzepte zu entwickeln, ihr Selbstverst\u00e4ndnis zu pr\u00e4zisieren und &hellip; <\/p>\n<p class=\"link-more\"><a href=\"https:\/\/www.ateliersimdelta.de\/giftbox\/\" class=\"more-link\"><span class=\"screen-reader-text\">\u201eGiftbox\u201c<\/span> weiterlesen<\/a><\/p>\n","protected":false},"author":1,"featured_media":0,"parent":0,"menu_order":0,"comment_status":"closed","ping_status":"closed","template":"","meta":{"footnotes":""},"class_list":["post-25","page","type-page","status-publish","hentry"],"_links":{"self":[{"href":"https:\/\/www.ateliersimdelta.de\/giftbox\/wp-json\/wp\/v2\/pages\/25","targetHints":{"allow":["GET"]}}],"collection":[{"href":"https:\/\/www.ateliersimdelta.de\/giftbox\/wp-json\/wp\/v2\/pages"}],"about":[{"href":"https:\/\/www.ateliersimdelta.de\/giftbox\/wp-json\/wp\/v2\/types\/page"}],"author":[{"embeddable":true,"href":"https:\/\/www.ateliersimdelta.de\/giftbox\/wp-json\/wp\/v2\/users\/1"}],"replies":[{"embeddable":true,"href":"https:\/\/www.ateliersimdelta.de\/giftbox\/wp-json\/wp\/v2\/comments?post=25"}],"version-history":[{"count":9,"href":"https:\/\/www.ateliersimdelta.de\/giftbox\/wp-json\/wp\/v2\/pages\/25\/revisions"}],"predecessor-version":[{"id":1175,"href":"https:\/\/www.ateliersimdelta.de\/giftbox\/wp-json\/wp\/v2\/pages\/25\/revisions\/1175"}],"wp:attachment":[{"href":"https:\/\/www.ateliersimdelta.de\/giftbox\/wp-json\/wp\/v2\/media?parent=25"}],"curies":[{"name":"wp","href":"https:\/\/api.w.org\/{rel}","templated":true}]}}