{"id":7,"date":"2010-05-15T14:48:54","date_gmt":"2010-05-15T12:48:54","guid":{"rendered":"http:\/\/ateliersimdelta.de\/aid\/?page_id=7"},"modified":"2020-04-26T11:49:32","modified_gmt":"2020-04-26T09:49:32","slug":"die-ateliers","status":"publish","type":"page","link":"https:\/\/www.ateliersimdelta.de\/z42\/","title":{"rendered":"Zen 42 &#8211; Analytische Philosophie, Analytische Kunst und Analytische Fotografie"},"content":{"rendered":"\n<p>Seit Leonardo da Vinci sollte eigentlich hinreichend bekannt sein, dass es sowohl f\u00fcr die Kunst als auch f\u00fcr die Ingenieurskunst vorteilhaft ist, sowohl K\u00fcnstler als auch Ingenieur zu sein. Beide geben Impulse, setzen Ideen in die Welt, tr\u00e4umen von einer besseren Zukunft, stellen Visionen auf und spr\u00fchen vor Phantasie und Kreativit\u00e4t, wenn sie \u00fcber einem Problem br\u00fcten. Gute Ingenieure und K\u00fcnstleringenieure gehen ihre Probleme ganzheitlich an, benutzen alle Sinne und alle bekannten Messverfahren und arbeiten mit allen relevanten wissenschaftlichen Ergebnissen. Insbesondere sind sie auf dem Stand der Technik und auf der H\u00f6he der wissenschaftlichen Erkenntnis ihrer Zeit und trotz aller Technik, steht der Mensch \u2013 direkt oder indirekt \u2013 im Mittelpunkt ihres Denkens.<\/p>\n\n\n\n<p>Bei ihrer Arbeit entwickeln gro\u00dfe K\u00fcnstler und gro\u00dfe Ingenieure seit Leonardo da Vinci sowohl eine au\u00dferordentliche Beharrlichkeit beim Stellen von Fragen (an ihre Probleme) als auch bei deren Beantwortung. Auf diese Weise k\u00f6nnen nachhaltige L\u00f6sungen entstehen, wenn Probleme durch Fragen und Antworten mit Hilfe von l\u00f6sungsneutralen Vergleichskriterien aufgestellt werden. Alexander Rodtschenko wollte ein K\u00fcnstleringenieur dieser Art sein. Auch am Bauhaus wurden \u00e4hnliche Ziele verfolgt. Es war aber Le Corbusier, der in dieser Zeit das Problem des Wohnens aufstellte und in der Architektur und der Kunst genauso vorging, wie es die Ingenieure im Maschinenbau machten.<\/p>\n\n\n\n<p>Le Corbusier d\u00fcrfte damit einer der ersten in der modernen Welt gewesen sein, der ein Problem der Kunst ingenieurwissenschaftlich aufgestellt hat. Betrachtet man die weitere Historie in den Ingenieurwissenschaften und der Architektur, und verfolgt manche Diskussionen in der Kunst, dann kann man mehrere Einsichten gewinnen.<\/p>\n\n\n\n<p><a href=\"https:\/\/www.ateliersimdelta.de\/z42\/zen-42-der-kuenstleringenieur-oder-wie-man-kuenstlerische-probleme-aufstellt\/\">Weiterlesen<\/a><\/p>\n","protected":false},"excerpt":{"rendered":"<p>Seit Leonardo da Vinci sollte eigentlich hinreichend bekannt sein, dass es sowohl f\u00fcr die Kunst als auch f\u00fcr die Ingenieurskunst vorteilhaft ist, sowohl K\u00fcnstler als auch Ingenieur zu sein. Beide geben Impulse, setzen Ideen in die Welt, tr\u00e4umen von einer besseren Zukunft, stellen Visionen auf und spr\u00fchen vor Phantasie und Kreativit\u00e4t, wenn sie \u00fcber einem &hellip; <\/p>\n<p class=\"link-more\"><a href=\"https:\/\/www.ateliersimdelta.de\/z42\/\" class=\"more-link\"><span class=\"screen-reader-text\">\u201eZen 42 &#8211; Analytische Philosophie, Analytische Kunst und Analytische Fotografie\u201c<\/span> weiterlesen<\/a><\/p>\n","protected":false},"author":2,"featured_media":0,"parent":3,"menu_order":0,"comment_status":"open","ping_status":"open","template":"","meta":{"footnotes":""},"class_list":["post-7","page","type-page","status-publish","hentry"],"_links":{"self":[{"href":"https:\/\/www.ateliersimdelta.de\/z42\/wp-json\/wp\/v2\/pages\/7","targetHints":{"allow":["GET"]}}],"collection":[{"href":"https:\/\/www.ateliersimdelta.de\/z42\/wp-json\/wp\/v2\/pages"}],"about":[{"href":"https:\/\/www.ateliersimdelta.de\/z42\/wp-json\/wp\/v2\/types\/page"}],"author":[{"embeddable":true,"href":"https:\/\/www.ateliersimdelta.de\/z42\/wp-json\/wp\/v2\/users\/2"}],"replies":[{"embeddable":true,"href":"https:\/\/www.ateliersimdelta.de\/z42\/wp-json\/wp\/v2\/comments?post=7"}],"version-history":[{"count":7,"href":"https:\/\/www.ateliersimdelta.de\/z42\/wp-json\/wp\/v2\/pages\/7\/revisions"}],"predecessor-version":[{"id":959,"href":"https:\/\/www.ateliersimdelta.de\/z42\/wp-json\/wp\/v2\/pages\/7\/revisions\/959"}],"up":[{"embeddable":true,"href":"https:\/\/www.ateliersimdelta.de\/z42\/wp-json\/wp\/v2\/pages\/3"}],"wp:attachment":[{"href":"https:\/\/www.ateliersimdelta.de\/z42\/wp-json\/wp\/v2\/media?parent=7"}],"curies":[{"name":"wp","href":"https:\/\/api.w.org\/{rel}","templated":true}]}}